{"id":101,"date":"2023-06-01T02:33:59","date_gmt":"2023-05-31T23:33:59","guid":{"rendered":"https:\/\/www.dsftr.com\/de\/?page_id=101"},"modified":"2023-06-01T02:34:01","modified_gmt":"2023-05-31T23:34:01","slug":"physiotherapeutin-viktorya-boynuinceoglu","status":"publish","type":"page","link":"https:\/\/www.dsftr.com\/de\/physiotherapeutin-viktorya-boynuinceoglu\/","title":{"rendered":"Physiotherapeutin Viktorya BOYNU\u0130NCEO\u011eLU"},"content":{"rendered":"<div class=\"container\">\n<div class=\"row\">\n<div class=\"col-md-3\">\n<div class=\"doctor-details-left\">\n<div class=\"doctors-image mb-3\"><img decoding=\"async\" style=\"width: 300px; height: 200px;\" src=\"http:\/\/www.dsftr.com\/wp-content\/uploads\/ViktoryaBoynuinceoglu.jpg\" alt=\"Image\"><\/div>\n<\/div>\n<\/div>\n<div class=\"col-md-9\">\n<div class=\"doctor-details-right\">\n<div class=\"personal-info\">\n<h3>Fzt. Viktorya BOYNU\u0130NCEO\u011eLU<\/h3>\n<\/div>\n<div class=\"biography\">\n<h5>Biografie<\/h5>\n<p>Viktorya Boynuinceo\u011flu machte 1986 ihren Abschluss an der Hochschule f\u00fcr Physiotherapie und Rehabilitation der Universit\u00e4t Hacettepe.<\/p>\n<p>Boynuinceo\u011flu wurde im National Rehabilitation Hospital in Washington DC in einem patientenorientierten Behandlungsansatz f\u00fcr neurologische Rehabilitation geschult und besuchte Kurse f\u00fcr fortgeschrittene \u00dcbungen f\u00fcr Hemiplegie (L\u00e4hmung) und Kinesiotape 1-2.<\/p>\n<p>Boynuinceo\u011flu war im Zeitraum 1989-1992 im Fizyomed Physiotherapizentrum t\u00e4tig und arbeitet seit 1997 im Dar\u00fc\u015f\u015fafaka \u00d6mran ve Yahya Hamuluo\u011flu Physiotherapie- und Rehabilitationszentrum.<\/p>\n<\/div>\n<\/div>\n<\/div>\n<\/div>\n<p><!-- row--><\/p>\n<\/div>\n<p><!-- container--><\/p>\n","protected":false},"excerpt":{"rendered":"<p>Fzt. Viktorya BOYNU\u0130NCEO\u011eLU Biografie Viktorya Boynuinceo\u011flu machte 1986 ihren Abschluss an der Hochschule f\u00fcr Physiotherapie und Rehabilitation der Universit\u00e4t Hacettepe. Boynuinceo\u011flu wurde im National Rehabilitation Hospital in Washington DC in [&hellip;]<\/p>\n","protected":false},"author":4,"featured_media":0,"parent":0,"menu_order":0,"comment_status":"closed","ping_status":"closed","template":"page-fullwidth.php","meta":{"_monsterinsights_skip_tracking":false,"_monsterinsights_sitenote_active":false,"_monsterinsights_sitenote_note":"","_monsterinsights_sitenote_category":0,"footnotes":""},"class_list":["post-101","page","type-page","status-publish","hentry"],"_links":{"self":[{"href":"https:\/\/www.dsftr.com\/de\/wp-json\/wp\/v2\/pages\/101","targetHints":{"allow":["GET"]}}],"collection":[{"href":"https:\/\/www.dsftr.com\/de\/wp-json\/wp\/v2\/pages"}],"about":[{"href":"https:\/\/www.dsftr.com\/de\/wp-json\/wp\/v2\/types\/page"}],"author":[{"embeddable":true,"href":"https:\/\/www.dsftr.com\/de\/wp-json\/wp\/v2\/users\/4"}],"replies":[{"embeddable":true,"href":"https:\/\/www.dsftr.com\/de\/wp-json\/wp\/v2\/comments?post=101"}],"version-history":[{"count":1,"href":"https:\/\/www.dsftr.com\/de\/wp-json\/wp\/v2\/pages\/101\/revisions"}],"predecessor-version":[{"id":102,"href":"https:\/\/www.dsftr.com\/de\/wp-json\/wp\/v2\/pages\/101\/revisions\/102"}],"wp:attachment":[{"href":"https:\/\/www.dsftr.com\/de\/wp-json\/wp\/v2\/media?parent=101"}],"curies":[{"name":"wp","href":"https:\/\/api.w.org\/{rel}","templated":true}]}}