{"id":107,"date":"2023-06-01T02:40:14","date_gmt":"2023-05-31T23:40:14","guid":{"rendered":"https:\/\/www.dsftr.com\/de\/?page_id=107"},"modified":"2023-06-01T02:40:15","modified_gmt":"2023-05-31T23:40:15","slug":"hydrotherapeut-ozkan-anil","status":"publish","type":"page","link":"https:\/\/www.dsftr.com\/de\/hydrotherapeut-ozkan-anil\/","title":{"rendered":"Hydrotherapeut \u00d6zkan ANIL"},"content":{"rendered":"<div class=\"container\">\n<div class=\"row\">\n<div class=\"col-md-3\">\n<div class=\"doctor-details-left\">\n<div class=\"doctors-image mb-3\"><img fetchpriority=\"high\" decoding=\"async\" class=\"\" src=\"http:\/\/www.dsftr.com\/wp-content\/uploads\/OzkanAnil.jpg\" alt=\"Image\" width=\"300\" height=\"200\"><\/div>\n<\/div>\n<\/div>\n<div class=\"col-md-9\">\n<div class=\"doctor-details-right\">\n<div class=\"personal-info\">\n<h3>Hdt. \u00d6zkan ANIL<\/h3>\n<\/div>\n<div class=\"biography\">\n<h5>Biografie<\/h5>\n<p>\u00d6zkan An\u0131l schloss 2012 sein Studium Associate Degree an der Fachhochschule f\u00fcr Gesundheit der Afyon Kocatepe Universit\u00e4t, Abteilung f\u00fcr Physiotherapie ab.<\/p>\n<p>Er erhielt die Ausbildungen Waba Academy Watsu-1, Watsu-2 und Wirbels\u00e4ulendekompression f\u00fcr Physikalische Medizin und Aquatische Rehabilitation. Er setzt seine Studien \u00fcber die Wirkung von Watsu bei neurologischen Erkrankungen fort.<\/p>\n<p>An\u0131l war im Zeitraum 2012-2016 im Medipol Mega-Krankenh\u00e4user-Komplex und Romatem Physiotherapie- und Rehabilitationszentrum t\u00e4tig und arbeitet seit 2017 im Dar\u00fc\u015f\u015fafaka \u00d6mran ve Yahya Hamuluo\u011flu Physiotherapie- und Rehabilitationszentrum.<\/p>\n<\/div>\n<\/div>\n<\/div>\n<\/div>\n<p><!-- row--><\/p>\n<\/div>\n<p><!-- container--><\/p>\n","protected":false},"excerpt":{"rendered":"<p>Hdt. \u00d6zkan ANIL Biografie \u00d6zkan An\u0131l schloss 2012 sein Studium Associate Degree an der Fachhochschule f\u00fcr Gesundheit der Afyon Kocatepe Universit\u00e4t, Abteilung f\u00fcr Physiotherapie ab. Er erhielt die Ausbildungen Waba [&hellip;]<\/p>\n","protected":false},"author":4,"featured_media":0,"parent":0,"menu_order":0,"comment_status":"closed","ping_status":"closed","template":"page-fullwidth.php","meta":{"_monsterinsights_skip_tracking":false,"_monsterinsights_sitenote_active":false,"_monsterinsights_sitenote_note":"","_monsterinsights_sitenote_category":0,"footnotes":""},"class_list":["post-107","page","type-page","status-publish","hentry"],"_links":{"self":[{"href":"https:\/\/www.dsftr.com\/de\/wp-json\/wp\/v2\/pages\/107","targetHints":{"allow":["GET"]}}],"collection":[{"href":"https:\/\/www.dsftr.com\/de\/wp-json\/wp\/v2\/pages"}],"about":[{"href":"https:\/\/www.dsftr.com\/de\/wp-json\/wp\/v2\/types\/page"}],"author":[{"embeddable":true,"href":"https:\/\/www.dsftr.com\/de\/wp-json\/wp\/v2\/users\/4"}],"replies":[{"embeddable":true,"href":"https:\/\/www.dsftr.com\/de\/wp-json\/wp\/v2\/comments?post=107"}],"version-history":[{"count":1,"href":"https:\/\/www.dsftr.com\/de\/wp-json\/wp\/v2\/pages\/107\/revisions"}],"predecessor-version":[{"id":108,"href":"https:\/\/www.dsftr.com\/de\/wp-json\/wp\/v2\/pages\/107\/revisions\/108"}],"wp:attachment":[{"href":"https:\/\/www.dsftr.com\/de\/wp-json\/wp\/v2\/media?parent=107"}],"curies":[{"name":"wp","href":"https:\/\/api.w.org\/{rel}","templated":true}]}}