{"id":12,"date":"2023-05-30T13:54:09","date_gmt":"2023-05-30T10:54:09","guid":{"rendered":"https:\/\/www.dsftr.com\/de\/?page_id=12"},"modified":"2023-05-30T13:54:29","modified_gmt":"2023-05-30T10:54:29","slug":"unsere-behandlungsgrundsatze","status":"publish","type":"page","link":"https:\/\/www.dsftr.com\/de\/unsere-behandlungsgrundsatze\/","title":{"rendered":"Unsere Behandlungsgrunds\u00e4tze"},"content":{"rendered":"\n<p><strong>Individuell abgestimmte Behandlung&nbsp;&nbsp;&nbsp;&nbsp;&nbsp;&nbsp;&nbsp;&nbsp;&nbsp;&nbsp;&nbsp;&nbsp;&nbsp;&nbsp;<\/strong><\/p>\n\n\n\n<p>In unserem Zentrum wird unter Ber\u00fccksichtigung der pers\u00f6nlichen und krankheitsspezifischen Merkmale jedes Patienten ein individuelles Behandlungsprogramm erstellt.<\/p>\n\n\n\n<p><strong>Ganzheitliche Perspektive<\/strong><\/p>\n\n\n\n<p>In unserem Zentrum werden Krankheiten nicht nur auf der Grundlage der Symptome, sondern auch auf der Grundlage aller m\u00f6glichen Krankheitsursachen beurteilt. Die Patienten werden nicht nur im Hinblick auf ihre k\u00f6rperliche Einschr\u00e4nkung behandelt, sondern auch ihre psychosoziale Lage ber\u00fccksichtigt.<\/p>\n\n\n\n<p><strong>Wissenschaftliche Vorgehensweise&nbsp;&nbsp;&nbsp;&nbsp;&nbsp;&nbsp;&nbsp;&nbsp;&nbsp;&nbsp;&nbsp;&nbsp;&nbsp;&nbsp;<\/strong><\/p>\n\n\n\n<p>Die Behandlungsprotokolle werden parallel zu den neuesten Literaturinformationen und Entwicklungen in der Welt erstellt. Die Behandlungsprogramme werden auf der Grundlage anatomischer, physiologischer, biomechanischer und neuroanatomischer Grundlagen erstellt.<\/p>\n\n\n\n<p><strong>Pr\u00e4ventive Gesundheitsvorsorge<\/strong><\/p>\n\n\n\n<p>Dabei handelt es sich um Daheim-Programme zur Erhaltung und Verbesserung des Patientenzustands nach der Behandlung oder um Rehabilitationsprogramme, bevor sich die Krankheit verschlimmert.<\/p>\n\n\n\n<p><strong>W\u00e4hrend der Behandlung einen Beitrag zur Ausbildung von Kindern leisten<\/strong><\/p>\n\n\n\n<p>Unser Zentrum ist ein Wirtschaftsunternehmen, das der Dar\u00fc\u015f\u015fafaka e.V. angegliedert ist und begabten Kindern mit unzureichenden finanziellen Mitteln, deren Eltern und\/oder Elternteile nicht mehr leben, ab der 1. Klasse der Sekundarschule bis zum Abitur mit einem Vollstipendium auf dem Niveau eines Internats und College eine schulische Ausbildung bietet.<\/p>\n\n\n\n<p>Mit dieser Perspektive geh\u00f6ren wir zu den angesehensten Physiotherapiezentren der T\u00fcrkei.<\/p>\n\n\n\n<p><strong>-Qualit\u00e4tszertifikat<\/strong><\/p>\n\n\n\n<p>Das Dar\u00fc\u015f\u015fafaka \u00d6mran ve Yahya Hamuluo\u011flu Physiotherapie- und Rehabilitationszentrum hat<strong>\u00a0im Jahr 2020 das Zertifikat Qualit\u00e4tsmanagementsystem ISO 9001:2015 erworben.<\/strong><\/p>\n\n\n\n<figure class=\"wp-block-image\"><img decoding=\"async\" src=\"https:\/\/www.dsftr.com\/wp-content\/uploads\/certificate-716x1024.jpg\" alt=\"\" class=\"wp-image-192\"\/><\/figure>\n","protected":false},"excerpt":{"rendered":"<p>Individuell abgestimmte Behandlung&nbsp;&nbsp;&nbsp;&nbsp;&nbsp;&nbsp;&nbsp;&nbsp;&nbsp;&nbsp;&nbsp;&nbsp;&nbsp;&nbsp; In unserem Zentrum wird unter Ber\u00fccksichtigung der pers\u00f6nlichen und krankheitsspezifischen Merkmale jedes Patienten ein individuelles Behandlungsprogramm erstellt. Ganzheitliche Perspektive In unserem Zentrum werden Krankheiten nicht nur auf [&hellip;]<\/p>\n","protected":false},"author":4,"featured_media":0,"parent":0,"menu_order":0,"comment_status":"closed","ping_status":"closed","template":"page-fullwidth.php","meta":{"_monsterinsights_skip_tracking":false,"_monsterinsights_sitenote_active":false,"_monsterinsights_sitenote_note":"","_monsterinsights_sitenote_category":0,"footnotes":""},"class_list":["post-12","page","type-page","status-publish","hentry"],"_links":{"self":[{"href":"https:\/\/www.dsftr.com\/de\/wp-json\/wp\/v2\/pages\/12","targetHints":{"allow":["GET"]}}],"collection":[{"href":"https:\/\/www.dsftr.com\/de\/wp-json\/wp\/v2\/pages"}],"about":[{"href":"https:\/\/www.dsftr.com\/de\/wp-json\/wp\/v2\/types\/page"}],"author":[{"embeddable":true,"href":"https:\/\/www.dsftr.com\/de\/wp-json\/wp\/v2\/users\/4"}],"replies":[{"embeddable":true,"href":"https:\/\/www.dsftr.com\/de\/wp-json\/wp\/v2\/comments?post=12"}],"version-history":[{"count":1,"href":"https:\/\/www.dsftr.com\/de\/wp-json\/wp\/v2\/pages\/12\/revisions"}],"predecessor-version":[{"id":13,"href":"https:\/\/www.dsftr.com\/de\/wp-json\/wp\/v2\/pages\/12\/revisions\/13"}],"wp:attachment":[{"href":"https:\/\/www.dsftr.com\/de\/wp-json\/wp\/v2\/media?parent=12"}],"curies":[{"name":"wp","href":"https:\/\/api.w.org\/{rel}","templated":true}]}}