{"id":120,"date":"2023-06-01T12:41:26","date_gmt":"2023-06-01T09:41:26","guid":{"rendered":"https:\/\/www.dsftr.com\/de\/?page_id=120"},"modified":"2023-06-01T12:41:28","modified_gmt":"2023-06-01T09:41:28","slug":"vision","status":"publish","type":"page","link":"https:\/\/www.dsftr.com\/de\/vision\/","title":{"rendered":"Vision"},"content":{"rendered":"<p>Das Dar\u00fc\u015f\u015fafaka \u00d6mran und Yahya Hamuluo\u011flu Physiotherapie- und Rehabilitationszentrum kn\u00fcpft an die Tradition der Dar\u00fc\u015f\u015fafaka-Gesellschaft als f\u00fchrende Bildungseinrichtung im Bereich der Physiotherapie und Rehabilitation an und geh\u00f6rt zu den angesehensten und besten Physiotherapie- und Rehabilitationszentren in der T\u00fcrkei und der Welt.<\/p>\n","protected":false},"excerpt":{"rendered":"<p>Das Dar\u00fc\u015f\u015fafaka \u00d6mran und Yahya Hamuluo\u011flu Physiotherapie- und Rehabilitationszentrum kn\u00fcpft an die Tradition der Dar\u00fc\u015f\u015fafaka-Gesellschaft als f\u00fchrende Bildungseinrichtung im Bereich der Physiotherapie und Rehabilitation an und geh\u00f6rt zu den angesehensten [&hellip;]<\/p>\n","protected":false},"author":4,"featured_media":0,"parent":0,"menu_order":0,"comment_status":"closed","ping_status":"closed","template":"page-fullwidth.php","meta":{"_monsterinsights_skip_tracking":false,"_monsterinsights_sitenote_active":false,"_monsterinsights_sitenote_note":"","_monsterinsights_sitenote_category":0,"footnotes":""},"class_list":["post-120","page","type-page","status-publish","hentry"],"_links":{"self":[{"href":"https:\/\/www.dsftr.com\/de\/wp-json\/wp\/v2\/pages\/120","targetHints":{"allow":["GET"]}}],"collection":[{"href":"https:\/\/www.dsftr.com\/de\/wp-json\/wp\/v2\/pages"}],"about":[{"href":"https:\/\/www.dsftr.com\/de\/wp-json\/wp\/v2\/types\/page"}],"author":[{"embeddable":true,"href":"https:\/\/www.dsftr.com\/de\/wp-json\/wp\/v2\/users\/4"}],"replies":[{"embeddable":true,"href":"https:\/\/www.dsftr.com\/de\/wp-json\/wp\/v2\/comments?post=120"}],"version-history":[{"count":1,"href":"https:\/\/www.dsftr.com\/de\/wp-json\/wp\/v2\/pages\/120\/revisions"}],"predecessor-version":[{"id":121,"href":"https:\/\/www.dsftr.com\/de\/wp-json\/wp\/v2\/pages\/120\/revisions\/121"}],"wp:attachment":[{"href":"https:\/\/www.dsftr.com\/de\/wp-json\/wp\/v2\/media?parent=120"}],"curies":[{"name":"wp","href":"https:\/\/api.w.org\/{rel}","templated":true}]}}