{"id":123,"date":"2023-06-01T12:45:31","date_gmt":"2023-06-01T09:45:31","guid":{"rendered":"https:\/\/www.dsftr.com\/de\/?page_id=123"},"modified":"2024-04-08T12:39:19","modified_gmt":"2024-04-08T09:39:19","slug":"kontakt","status":"publish","type":"page","link":"https:\/\/www.dsftr.com\/de\/kontakt\/","title":{"rendered":"Kontakt"},"content":{"rendered":"\n<section class=\"py-1 shadow-sm index-forward\">\n<div class=\"container py-2\"><header>\n<h2>Kontaktiere uns<\/h2>\n<p class=\"mb-5 text-muted\">Sie k\u00f6nnen das Physiotherapie- und Rehabilitationszentrum Dar\u00fc\u015f\u015fafaka \u00fcber die folgenden Kommunikationskan\u00e4le kontaktieren.<\/p>\n<\/header>\n<div class=\"row\">\n<div class=\"col-lg-7 mb-5 mb-lg-0\">\n<div class=\"pt-1 bg-primary\">\n<div class=\"p-4 p-lg-5 bg-white shadow-sm\">[contact-form-7 id=&#8221;131&#8243; title=&#8221;Kontaktformular&#8221;]<\/div>\n<\/div>\n<\/div>\n<div class=\"col-lg-4\">\n<h3>Lassen Sie uns Ihre Fragen beantworten<\/h3>\n<p class=\"text-muted mb-5\">Wenn Sie Fragen haben, k\u00f6nnen Sie uns gerne eine Nachricht senden.<\/p>\n<ul class=\"list-unstyled\">\n<li class=\"d-flex mb-3\">\n<div class=\"icon bg-primary\">&nbsp;<\/div>\n<div class=\"ml-3\">\n<h5 class=\"mb-0\">Adresse<\/h5>\n<p class=\"text-muted text-small\">Dar\u00fc\u015f\u015fafaka Fizik Tedavi ve Rehabilitasyon Merkezi<br>Z\u00fcmr\u00fctevler Mah. Mercan Sok. No: 37 Maltepe &#8211; \u0130stanbul \/ T\u00fcrkiye<\/p>\n<\/div>\n<\/li>\n<li class=\"d-flex mb-3\">\n<div class=\"icon bg-primary\">&nbsp;<\/div>\n<div class=\"ml-3\">\n<h5 class=\"mb-0\">Email<\/h5>\n<p class=\"text-muted text-small\"><a href=\"mailto:info.ftr@darussafaka.org\">info.ftr@darussafaka.org<\/a><\/p>\n<\/div>\n<\/li>\n<li class=\"d-flex mb-3\">\n<div class=\"icon bg-primary\">&nbsp;<\/div>\n<div class=\"ml-3\">\n<h5 class=\"mb-0\">Phone<\/h5>\n<p class=\"text-muted text-small\"><a href=\"tel:+902164579292\">0216 457 92 92<\/a><\/p>\n<\/div>\n<\/li>\n<li class=\"d-flex mb-3\">\n<div class=\"icon bg-primary\">&nbsp;<\/div>\n<div class=\"ml-3\">\n<h5 class=\"mb-0\">Whatsapp<\/h5>\n<p class=\"text-muted text-small\"><a href=\"https:\/\/wa.me\/905308856950\">0530 885 6950<\/a><\/p>\n<\/div>\n<\/li>\n<\/ul>\n<\/div>\n<\/div>\n<\/div>\n<\/section>\n","protected":false},"excerpt":{"rendered":"<p>Kontaktiere uns Sie k\u00f6nnen das Physiotherapie- und Rehabilitationszentrum Dar\u00fc\u015f\u015fafaka \u00fcber die folgenden Kommunikationskan\u00e4le kontaktieren. [contact-form-7 id=&#8221;131&#8243; title=&#8221;Kontaktformular&#8221;] Lassen Sie uns Ihre Fragen beantworten Wenn Sie Fragen haben, k\u00f6nnen Sie uns [&hellip;]<\/p>\n","protected":false},"author":4,"featured_media":0,"parent":0,"menu_order":0,"comment_status":"closed","ping_status":"closed","template":"page-fullwidth.php","meta":{"_monsterinsights_skip_tracking":false,"_monsterinsights_sitenote_active":false,"_monsterinsights_sitenote_note":"","_monsterinsights_sitenote_category":0,"footnotes":""},"class_list":["post-123","page","type-page","status-publish","hentry"],"_links":{"self":[{"href":"https:\/\/www.dsftr.com\/de\/wp-json\/wp\/v2\/pages\/123","targetHints":{"allow":["GET"]}}],"collection":[{"href":"https:\/\/www.dsftr.com\/de\/wp-json\/wp\/v2\/pages"}],"about":[{"href":"https:\/\/www.dsftr.com\/de\/wp-json\/wp\/v2\/types\/page"}],"author":[{"embeddable":true,"href":"https:\/\/www.dsftr.com\/de\/wp-json\/wp\/v2\/users\/4"}],"replies":[{"embeddable":true,"href":"https:\/\/www.dsftr.com\/de\/wp-json\/wp\/v2\/comments?post=123"}],"version-history":[{"count":7,"href":"https:\/\/www.dsftr.com\/de\/wp-json\/wp\/v2\/pages\/123\/revisions"}],"predecessor-version":[{"id":163,"href":"https:\/\/www.dsftr.com\/de\/wp-json\/wp\/v2\/pages\/123\/revisions\/163"}],"wp:attachment":[{"href":"https:\/\/www.dsftr.com\/de\/wp-json\/wp\/v2\/media?parent=123"}],"curies":[{"name":"wp","href":"https:\/\/api.w.org\/{rel}","templated":true}]}}