{"id":157,"date":"2024-03-26T09:33:22","date_gmt":"2024-03-26T06:33:22","guid":{"rendered":"https:\/\/www.dsftr.com\/de\/?page_id=157"},"modified":"2024-03-27T10:26:14","modified_gmt":"2024-03-27T07:26:14","slug":"transportieren","status":"publish","type":"page","link":"https:\/\/www.dsftr.com\/de\/transportieren\/","title":{"rendered":"Transportieren"},"content":{"rendered":"\n<p><strong>WEGBESCHREIBUNGEN<\/strong><\/p>\n\n\n\n<ul class=\"wp-block-list\">\n<li>Wenn Sie vom Sabiha G\u00f6k\u00e7en Flughafen aus zu unserem Hauptsitz gelangen m\u00f6chten, nehmen Sie die U-Bahn der Linie M4 nach Kad\u0131k\u00f6y und steigen Sie an der Haltestelle Maltepe aus. Verlassen Sie den U-Bahnhof Maltepe am Ausgang 4 und gehen Sie den B\u00fcrgersteig entlang. Wenn Sie in die Mercan Street abbiegen, die diagonal gegen\u00fcber der Adnan Kahveci Realschule liegt, sehen Sie uns auf der linken Seite liegen. <\/li>\n<\/ul>\n\n\n\n<ul class=\"wp-block-list\">\n<li>Wenn Sie von Kad\u0131k\u00f6y aus kommen m\u00f6chten, nehmen Sie die U-Bahn-Linie M4 zum Flughafen Sabiha G\u00f6k\u00e7en und steigen Sie an der Haltestelle Maltepe aus. Verlassen Sie den U-Bahnhof Maltepe am Ausgang 4 und gehen Sie den B\u00fcrgersteig entlang. Wenn Sie in die Mercan Street abbiegen, die diagonal gegen\u00fcber der Adnan Kahveci Realschule liegt, sehen Sie uns auf Ihrer linken Seite liegen. <\/li>\n<\/ul>\n\n\n\n<ul class=\"wp-block-list\">\n<li>Wenn Sie von Tuzla aus kommen m\u00f6chten, nehmen Sie den Zug der Marmaray-Linie nach Halkal\u0131 und steigen Sie an der Haltestelle Maltepe aus. Nehmen Sie den \u00f6ffentlichen IETT-Bus Nummer KM43 und steigen Sie an der Haltestelle Narl\u0131dere-Moschee aus. Wenn Sie auf der Stra\u00dfe gegen\u00fcber der Moschee den Hang hinaufgehen, sehen Sie uns auf der rechten Seite liegen, nachdem Sie den Park hinter sich haben. Wenn Sie mit dem Kleinbus von Haltestelle Maltepe aus kommen m\u00f6chten, nehmen Sie den Kleinbus nach Z\u00fcmr\u00fctevler und steigen Sie an der Bushaltestelle \u0130ETT Meng\u00fc aus. Gehen Sie Richtung Narl\u0131dere-Moschee und biegen Sie in die Sahinliler-Stra\u00dfe ab, die nur 50 Meter entfernt liegt. Gehen Sie auf der Stra\u00dfe gegen\u00fcber der Moschee den Hang hinauf. Sobald Sie den Park hinter sich haben, sehen Sie uns auf Ihrer rechten Seite liegen.<\/li>\n<\/ul>\n\n\n\n<ul class=\"wp-block-list\">\n<li>Wenn Sie von Taksim aus kommen m\u00f6chten, nehmen Sie den IETT-Bus Nr. 55 ET und steigen Sie an dem F\u00e4hrterminal Be\u015fikta\u015f aus. \u00dcberqueren Sie den Bosporus mit der Kad\u0131k\u00f6y-F\u00e4hre Richtung Kad\u0131k\u00f6y. In Kad\u0131k\u00f6y angelangt, nehmen Sie in der N\u00e4he des F\u00e4hrterminals die U-Bahn Richtung Flughafen Sabiha G\u00f6k\u00e7en auf der Linie M4 und steigen Sie an der Haltestelle Maltepe aus. Verlassen Sie den U-Bahnhof Maltepe am Ausgang 4 und gehen Sie den B\u00fcrgersteig entlang. Wenn Sie in die Mercan Street abbiegen, die diagonal gegen\u00fcber der Adnan Kahveci Realschule liegt, sehen Sie uns auf Ihrer linken Seite liegen. <\/li>\n<\/ul>\n","protected":false},"excerpt":{"rendered":"<p>WEGBESCHREIBUNGEN<\/p>\n","protected":false},"author":4,"featured_media":0,"parent":0,"menu_order":0,"comment_status":"closed","ping_status":"closed","template":"page-fullwidth.php","meta":{"_monsterinsights_skip_tracking":false,"_monsterinsights_sitenote_active":false,"_monsterinsights_sitenote_note":"","_monsterinsights_sitenote_category":0,"footnotes":""},"class_list":["post-157","page","type-page","status-publish","hentry"],"_links":{"self":[{"href":"https:\/\/www.dsftr.com\/de\/wp-json\/wp\/v2\/pages\/157","targetHints":{"allow":["GET"]}}],"collection":[{"href":"https:\/\/www.dsftr.com\/de\/wp-json\/wp\/v2\/pages"}],"about":[{"href":"https:\/\/www.dsftr.com\/de\/wp-json\/wp\/v2\/types\/page"}],"author":[{"embeddable":true,"href":"https:\/\/www.dsftr.com\/de\/wp-json\/wp\/v2\/users\/4"}],"replies":[{"embeddable":true,"href":"https:\/\/www.dsftr.com\/de\/wp-json\/wp\/v2\/comments?post=157"}],"version-history":[{"count":3,"href":"https:\/\/www.dsftr.com\/de\/wp-json\/wp\/v2\/pages\/157\/revisions"}],"predecessor-version":[{"id":161,"href":"https:\/\/www.dsftr.com\/de\/wp-json\/wp\/v2\/pages\/157\/revisions\/161"}],"wp:attachment":[{"href":"https:\/\/www.dsftr.com\/de\/wp-json\/wp\/v2\/media?parent=157"}],"curies":[{"name":"wp","href":"https:\/\/api.w.org\/{rel}","templated":true}]}}