{"id":26,"date":"2023-05-30T17:07:27","date_gmt":"2023-05-30T14:07:27","guid":{"rendered":"https:\/\/www.dsftr.com\/de\/?page_id=26"},"modified":"2023-06-01T15:17:15","modified_gmt":"2023-06-01T12:17:15","slug":"behandlungen","status":"publish","type":"page","link":"https:\/\/www.dsftr.com\/de\/behandlungen\/","title":{"rendered":"Behandlungen"},"content":{"rendered":"<section class=\"services py-2\">\n<div class=\"container text-center\">\n<h2 class=\"text-uppercase lined lined-center\">Von uns angebotene <span class=\"text-primary\">Behandlungen<\/span><\/h2>\n<p class=\"text-muted mb-5\">Patientenorientierte Behandlungen im Physiotherapie- und Rehabilitationszentrum Dar\u00fc\u015f\u015fafaka \u00d6mran und Yahya Hamuluo\u011flu; Die Umsetzung erfolgt auf der Grundlage aktuellster Informationen und in langj\u00e4hriger Zusammenarbeit der Fachkr\u00e4fte.<\/p>\n<\/div>\n<\/section>\n\n\n<ol class=\"wp-block-list\">\n<li>Medizinische Rehabilitation\n<ul class=\"wp-block-list\">\n<li>Neurologische Rehabilitation\n<ol class=\"wp-block-list\">\n<li>Schlaganfall<\/li>\n\n\n\n<li>Kopftrauma<\/li>\n\n\n\n<li>R\u00fcckenmarksverletzungen<\/li>\n\n\n\n<li>Parkinson<\/li>\n\n\n\n<li>MS<\/li>\n\n\n\n<li>Muskelkrankheiten<\/li>\n\n\n\n<li>Sonstiges<\/li>\n\n\n\n<li>Orthop\u00e4dische Rehabilitation\n<ol class=\"wp-block-list\">\n<li>H\u00fcft-, Knieprothesen-Rehabilitation<\/li>\n\n\n\n<li>Frakturfolgeerkrankungen<\/li>\n\n\n\n<li>Verkalkung<\/li>\n\n\n\n<li>Meniskusverletzungen<\/li>\n\n\n\n<li>Gelenkschmerzen und Bewegungseinschr\u00e4nkungen<\/li>\n<\/ol>\n<\/li>\n\n\n\n<li>Geriatrische Rehabilitation<\/li>\n\n\n\n<li>Amputierten-Rehabilitation<\/li>\n\n\n\n<li>Skoliose-Rehabilitation<\/li>\n\n\n\n<li>Rehabilitation von Lymph\u00f6demen<\/li>\n<\/ol>\n<\/li>\n<\/ul>\n<\/li>\n\n\n\n<li>Robotische Rehabilitation<\/li>\n\n\n\n<li>Schwimmbadbehandlung und Hydrotherapie<\/li>\n\n\n\n<li>Weiter Anwendungen\n<ol class=\"wp-block-list\">\n<li>Klinisches Pilates<\/li>\n\n\n\n<li>Besch\u00e4ftigungstherapie<\/li>\n\n\n\n<li>Kinesiologisches Bandagieren<\/li>\n\n\n\n<li>Behandlung mit physikalischen Mitteln und Elektrotherapie<\/li>\n\n\n\n<li>Dry Needling<\/li>\n\n\n\n<li>Manuelle Therapie<\/li>\n\n\n\n<li>Pneumatische Kompression<\/li>\n\n\n\n<li>Knie-CPM<\/li>\n\n\n\n<li>Orthesenplanung, Hilfsmittelschulung<\/li>\n<\/ol>\n<\/li>\n<\/ol>\n\n\n\n<p>Unsere Technologien:<\/p>\n\n\n\n<ol class=\"wp-block-list\">\n<li>Robotergest\u00fctztes Gehsystem<\/li>\n\n\n\n<li>Behandlungsbecken<\/li>\n\n\n\n<li>Intelligente \u00dcbungstherapie<\/li>\n\n\n\n<li>Thera-trainer balo Balancetrainer<\/li>\n<\/ol>\n","protected":false},"excerpt":{"rendered":"<p>Von uns angebotene Behandlungen Patientenorientierte Behandlungen im Physiotherapie- und Rehabilitationszentrum Dar\u00fc\u015f\u015fafaka \u00d6mran und Yahya Hamuluo\u011flu; Die Umsetzung erfolgt auf der Grundlage aktuellster Informationen und in langj\u00e4hriger Zusammenarbeit der Fachkr\u00e4fte. Unsere [&hellip;]<\/p>\n","protected":false},"author":4,"featured_media":0,"parent":0,"menu_order":0,"comment_status":"closed","ping_status":"closed","template":"page-fullwidth.php","meta":{"_monsterinsights_skip_tracking":false,"_monsterinsights_sitenote_active":false,"_monsterinsights_sitenote_note":"","_monsterinsights_sitenote_category":0,"footnotes":""},"class_list":["post-26","page","type-page","status-publish","hentry"],"_links":{"self":[{"href":"https:\/\/www.dsftr.com\/de\/wp-json\/wp\/v2\/pages\/26","targetHints":{"allow":["GET"]}}],"collection":[{"href":"https:\/\/www.dsftr.com\/de\/wp-json\/wp\/v2\/pages"}],"about":[{"href":"https:\/\/www.dsftr.com\/de\/wp-json\/wp\/v2\/types\/page"}],"author":[{"embeddable":true,"href":"https:\/\/www.dsftr.com\/de\/wp-json\/wp\/v2\/users\/4"}],"replies":[{"embeddable":true,"href":"https:\/\/www.dsftr.com\/de\/wp-json\/wp\/v2\/comments?post=26"}],"version-history":[{"count":5,"href":"https:\/\/www.dsftr.com\/de\/wp-json\/wp\/v2\/pages\/26\/revisions"}],"predecessor-version":[{"id":149,"href":"https:\/\/www.dsftr.com\/de\/wp-json\/wp\/v2\/pages\/26\/revisions\/149"}],"wp:attachment":[{"href":"https:\/\/www.dsftr.com\/de\/wp-json\/wp\/v2\/media?parent=26"}],"curies":[{"name":"wp","href":"https:\/\/api.w.org\/{rel}","templated":true}]}}