{"id":36,"date":"2023-05-30T17:15:53","date_gmt":"2023-05-30T14:15:53","guid":{"rendered":"https:\/\/www.dsftr.com\/de\/?page_id=36"},"modified":"2023-05-30T17:15:54","modified_gmt":"2023-05-30T14:15:54","slug":"kopftrauma-traumatische-hirnschadigung","status":"publish","type":"page","link":"https:\/\/www.dsftr.com\/de\/kopftrauma-traumatische-hirnschadigung\/","title":{"rendered":"Kopftrauma (traumatische Hirnsch\u00e4digung)"},"content":{"rendered":"\n<p>Bei einem Kopftrauma<strong> <\/strong>handelt es sich um eine Verletzung des Hirngewebes durch ein Trauma wie einen Autounfall, einen Sturz, einen k\u00f6rperlichen Angriff oder einen Sportunfall. Die Sch\u00e4digung des Nervengewebes infolge dieser Verletzung kann zu kognitiven Problemen wie Ged\u00e4chtnis-, Wahrnehmungs-, Verst\u00e4ndnis-, Aufmerksamkeitsst\u00f6rungen und St\u00f6rungen bei der Problembew\u00e4ltigung und logischem Denken sowie zu einer Reihe von k\u00f6rperlichen Problemen wie partiellen L\u00e4hmungen, Spastizit\u00e4t, Gleichgewichts- und Koordinationsst\u00f6rungen und Schluckbeschwerden f\u00fchren, die den Betroffenen k\u00f6rperlich abh\u00e4ngig machen k\u00f6nnen.&nbsp;<\/p>\n\n\n\n<p>Die Probleme, die sich bei einer Person nach einem Kopftrauma entwickeln k\u00f6nnen, unterscheiden sich aus verletzungsspezifischen Gr\u00fcnden wie dem verletzten Bereich, der Schwere der Verletzung und der Gr\u00f6\u00dfe des verletzten Bereichs. Die Physiotherapie und die Rehabilitation sollten daher so fr\u00fch wie m\u00f6glich beginnen und das anzuwendende Programm individuell geplant werden.&nbsp;<\/p>\n\n\n\n<p>In unserem Zentrum kommen individuelle Rehabilitationsprogramme zur Anwendung, um k\u00f6rperliche Probleme von Patienten zu verringern und ihre Unabh\u00e4ngigkeit bei den Aktivit\u00e4ten des Alltags zu erh\u00f6hen.<\/p>\n","protected":false},"excerpt":{"rendered":"<p>Bei einem Kopftrauma handelt es sich um eine Verletzung des Hirngewebes durch ein Trauma wie einen Autounfall, einen Sturz, einen k\u00f6rperlichen Angriff oder einen Sportunfall. Die Sch\u00e4digung des Nervengewebes infolge [&hellip;]<\/p>\n","protected":false},"author":4,"featured_media":0,"parent":0,"menu_order":0,"comment_status":"closed","ping_status":"closed","template":"page-fullwidth.php","meta":{"_monsterinsights_skip_tracking":false,"_monsterinsights_sitenote_active":false,"_monsterinsights_sitenote_note":"","_monsterinsights_sitenote_category":0,"footnotes":""},"class_list":["post-36","page","type-page","status-publish","hentry"],"_links":{"self":[{"href":"https:\/\/www.dsftr.com\/de\/wp-json\/wp\/v2\/pages\/36","targetHints":{"allow":["GET"]}}],"collection":[{"href":"https:\/\/www.dsftr.com\/de\/wp-json\/wp\/v2\/pages"}],"about":[{"href":"https:\/\/www.dsftr.com\/de\/wp-json\/wp\/v2\/types\/page"}],"author":[{"embeddable":true,"href":"https:\/\/www.dsftr.com\/de\/wp-json\/wp\/v2\/users\/4"}],"replies":[{"embeddable":true,"href":"https:\/\/www.dsftr.com\/de\/wp-json\/wp\/v2\/comments?post=36"}],"version-history":[{"count":1,"href":"https:\/\/www.dsftr.com\/de\/wp-json\/wp\/v2\/pages\/36\/revisions"}],"predecessor-version":[{"id":37,"href":"https:\/\/www.dsftr.com\/de\/wp-json\/wp\/v2\/pages\/36\/revisions\/37"}],"wp:attachment":[{"href":"https:\/\/www.dsftr.com\/de\/wp-json\/wp\/v2\/media?parent=36"}],"curies":[{"name":"wp","href":"https:\/\/api.w.org\/{rel}","templated":true}]}}