{"id":40,"date":"2023-05-30T17:18:04","date_gmt":"2023-05-30T14:18:04","guid":{"rendered":"https:\/\/www.dsftr.com\/de\/?page_id=40"},"modified":"2023-05-30T17:18:09","modified_gmt":"2023-05-30T14:18:09","slug":"multiple-sklerose-ms","status":"publish","type":"page","link":"https:\/\/www.dsftr.com\/de\/multiple-sklerose-ms\/","title":{"rendered":"Multiple Sklerose (MS)"},"content":{"rendered":"\n<p>Die Multiple Sklerose (MS) ist eine Erkrankung des zentralen Nervensystems. Das zentrale Nervensystem setzt sich aus Gehirn, Kleinhirn, Hirnstamm und R\u00fcckenmark zusammen. Der Name dieser Krankheit r\u00fchrt daher, dass sie in mehr als einem Teil des Nervensystems auftritt (multiple) und dass sich das gesch\u00e4digte Gewebe verh\u00e4rtet (Sklerose).<br><\/p>\n\n\n\n<p>Nervenzellen im zentralen Nervensystem erzeugen elektrische Reizimpulse. Der d\u00fcnne lange Arm der Nervenzellen, der die Signale weiterleitet, wird Axon genannt, und das Gewebe, das den Nerv umgibt und sch\u00fctzt, hei\u00dft Myelinscheide. Die Myelinscheide sch\u00fctzt nicht nur die Nervenzellen, sondern hilft den Zellen auch, ihre Aufgaben zu erf\u00fcllen.<\/p>\n\n\n\n<p><br>MS ist eine neurologische Erkrankung, die durch die Unf\u00e4higkeit zur ordnungsgem\u00e4\u00dfen \u00dcbertragung von Nervenimpulsen aufgrund einer Sch\u00e4digung der Axon- und Myelinschicht in verschiedenen Teilen des Nervensystems als Folge einer Entz\u00fcndung aufgrund eines Problems im Immunsystem verursacht wird. In Abh\u00e4ngigkeit der Sch\u00e4digung des Nervensystems kann es zu Gef\u00fchls-, Sprach-, Seh-, Gleichgewichts- und Gehst\u00f6rungen kommen.<\/p>\n\n\n\n<p><br>F\u00fcr Patienten mit MS sollten individuelle Physiotherapie- und Rehabilitationsprogramme durchgef\u00fchrt werden. In unserem Zentrum kommen individuelle Rehabilitationsprogramme zur Anwendung, um k\u00f6rperliche Probleme von Patienten zu verringern und ihre Unabh\u00e4ngigkeit bei den Aktivit\u00e4ten des Alltags zu erh\u00f6hen.<\/p>\n","protected":false},"excerpt":{"rendered":"<p>Die Multiple Sklerose (MS) ist eine Erkrankung des zentralen Nervensystems. Das zentrale Nervensystem setzt sich aus Gehirn, Kleinhirn, Hirnstamm und R\u00fcckenmark zusammen. Der Name dieser Krankheit r\u00fchrt daher, dass sie [&hellip;]<\/p>\n","protected":false},"author":4,"featured_media":0,"parent":0,"menu_order":0,"comment_status":"closed","ping_status":"closed","template":"page-fullwidth.php","meta":{"_monsterinsights_skip_tracking":false,"_monsterinsights_sitenote_active":false,"_monsterinsights_sitenote_note":"","_monsterinsights_sitenote_category":0,"footnotes":""},"class_list":["post-40","page","type-page","status-publish","hentry"],"_links":{"self":[{"href":"https:\/\/www.dsftr.com\/de\/wp-json\/wp\/v2\/pages\/40","targetHints":{"allow":["GET"]}}],"collection":[{"href":"https:\/\/www.dsftr.com\/de\/wp-json\/wp\/v2\/pages"}],"about":[{"href":"https:\/\/www.dsftr.com\/de\/wp-json\/wp\/v2\/types\/page"}],"author":[{"embeddable":true,"href":"https:\/\/www.dsftr.com\/de\/wp-json\/wp\/v2\/users\/4"}],"replies":[{"embeddable":true,"href":"https:\/\/www.dsftr.com\/de\/wp-json\/wp\/v2\/comments?post=40"}],"version-history":[{"count":1,"href":"https:\/\/www.dsftr.com\/de\/wp-json\/wp\/v2\/pages\/40\/revisions"}],"predecessor-version":[{"id":41,"href":"https:\/\/www.dsftr.com\/de\/wp-json\/wp\/v2\/pages\/40\/revisions\/41"}],"wp:attachment":[{"href":"https:\/\/www.dsftr.com\/de\/wp-json\/wp\/v2\/media?parent=40"}],"curies":[{"name":"wp","href":"https:\/\/api.w.org\/{rel}","templated":true}]}}