{"id":54,"date":"2023-05-30T18:07:36","date_gmt":"2023-05-30T15:07:36","guid":{"rendered":"https:\/\/www.dsftr.com\/de\/?page_id=54"},"modified":"2023-05-30T18:07:37","modified_gmt":"2023-05-30T15:07:37","slug":"klinisches-pilates","status":"publish","type":"page","link":"https:\/\/www.dsftr.com\/de\/klinisches-pilates\/","title":{"rendered":"Klinisches Pilates"},"content":{"rendered":"\n<p>Ziel der Rehabilitation ist es, eine Ver\u00e4nderung im physischen und psychischen Zustand des Patienten herbeizuf\u00fchren. Die Pilates-Methode f\u00f6rdert im Einklang mit dem Ziel der Rehabilitation das Gleichgewicht, die muskul\u00e4re Ausdauer, die Flexibilit\u00e4t, die k\u00f6rperliche Leistungsf\u00e4higkeit, die Verbesserung der Lebensqualit\u00e4t und verringert Angst und Depression. Klinisches (modifiziertes) Pilates, das entwickelt wurde, um diese Vorteile von Pilates im Krankheitsfall zu nutzen, ist eine Hilfsmethode bei der Behandlung von Krankheiten wie R\u00fccken- und Nackenschmerzen, Haltungsst\u00f6rungen, orthop\u00e4dischen Verletzungen, neurologischen und rheumatologischen Erkrankungen, Osteoporose, Arthrose und Skoliose. Ein starker und funktioneller K\u00f6rper sollte sowohl stabil als auch mobil sein.\u00a0 Die Pilates-Methode, die sich sowohl auf die Mobilit\u00e4t als auch auf die Stabilit\u00e4t konzentriert, ist in Kombination mit traditioneller Physiotherapie oder anderen Rehabilitationstechniken bei der Bew\u00e4ltigung von Schmerzen und Dysfunktionen hilfreich.<\/p>\n","protected":false},"excerpt":{"rendered":"<p>Ziel der Rehabilitation ist es, eine Ver\u00e4nderung im physischen und psychischen Zustand des Patienten herbeizuf\u00fchren. Die Pilates-Methode f\u00f6rdert im Einklang mit dem Ziel der Rehabilitation das Gleichgewicht, die muskul\u00e4re Ausdauer, [&hellip;]<\/p>\n","protected":false},"author":4,"featured_media":0,"parent":0,"menu_order":0,"comment_status":"closed","ping_status":"closed","template":"page-fullwidth.php","meta":{"_monsterinsights_skip_tracking":false,"_monsterinsights_sitenote_active":false,"_monsterinsights_sitenote_note":"","_monsterinsights_sitenote_category":0,"footnotes":""},"class_list":["post-54","page","type-page","status-publish","hentry"],"_links":{"self":[{"href":"https:\/\/www.dsftr.com\/de\/wp-json\/wp\/v2\/pages\/54","targetHints":{"allow":["GET"]}}],"collection":[{"href":"https:\/\/www.dsftr.com\/de\/wp-json\/wp\/v2\/pages"}],"about":[{"href":"https:\/\/www.dsftr.com\/de\/wp-json\/wp\/v2\/types\/page"}],"author":[{"embeddable":true,"href":"https:\/\/www.dsftr.com\/de\/wp-json\/wp\/v2\/users\/4"}],"replies":[{"embeddable":true,"href":"https:\/\/www.dsftr.com\/de\/wp-json\/wp\/v2\/comments?post=54"}],"version-history":[{"count":1,"href":"https:\/\/www.dsftr.com\/de\/wp-json\/wp\/v2\/pages\/54\/revisions"}],"predecessor-version":[{"id":55,"href":"https:\/\/www.dsftr.com\/de\/wp-json\/wp\/v2\/pages\/54\/revisions\/55"}],"wp:attachment":[{"href":"https:\/\/www.dsftr.com\/de\/wp-json\/wp\/v2\/media?parent=54"}],"curies":[{"name":"wp","href":"https:\/\/api.w.org\/{rel}","templated":true}]}}