{"id":6,"date":"2023-05-30T13:45:46","date_gmt":"2023-05-30T10:45:46","guid":{"rendered":"https:\/\/www.dsftr.com\/de\/?page_id=6"},"modified":"2023-05-30T13:46:32","modified_gmt":"2023-05-30T10:46:32","slug":"uber-uns","status":"publish","type":"page","link":"https:\/\/www.dsftr.com\/de\/uber-uns\/","title":{"rendered":"\u00dcber Uns"},"content":{"rendered":"\n<p>Das Dar\u00fc\u015f\u015fafaka \u00d6mran ve Yahya Hamuluo\u011flu Physiotherapie- und Rehabilitationszentrum, das 2005 gegr\u00fcndet wurde, um Residenz-Spendern, die die Mission der Dar\u00fc\u015f\u015fafaka e.V. &#8220;Chancengleichheit in der Bildung&#8221; unterst\u00fctzen, eine Behandlung unter den besten Bedingungen zu erm\u00f6glichen, steht seinen Spendern und externen Patienten mit seinem erfahrenen Team zur Seite.<\/p>\n","protected":false},"excerpt":{"rendered":"<p>Das Dar\u00fc\u015f\u015fafaka \u00d6mran ve Yahya Hamuluo\u011flu Physiotherapie- und Rehabilitationszentrum, das 2005 gegr\u00fcndet wurde, um Residenz-Spendern, die die Mission der Dar\u00fc\u015f\u015fafaka e.V. &#8220;Chancengleichheit in der Bildung&#8221; unterst\u00fctzen, eine Behandlung unter den [&hellip;]<\/p>\n","protected":false},"author":4,"featured_media":0,"parent":0,"menu_order":0,"comment_status":"closed","ping_status":"closed","template":"page-fullwidth.php","meta":{"_monsterinsights_skip_tracking":false,"_monsterinsights_sitenote_active":false,"_monsterinsights_sitenote_note":"","_monsterinsights_sitenote_category":0,"footnotes":""},"class_list":["post-6","page","type-page","status-publish","hentry"],"_links":{"self":[{"href":"https:\/\/www.dsftr.com\/de\/wp-json\/wp\/v2\/pages\/6","targetHints":{"allow":["GET"]}}],"collection":[{"href":"https:\/\/www.dsftr.com\/de\/wp-json\/wp\/v2\/pages"}],"about":[{"href":"https:\/\/www.dsftr.com\/de\/wp-json\/wp\/v2\/types\/page"}],"author":[{"embeddable":true,"href":"https:\/\/www.dsftr.com\/de\/wp-json\/wp\/v2\/users\/4"}],"replies":[{"embeddable":true,"href":"https:\/\/www.dsftr.com\/de\/wp-json\/wp\/v2\/comments?post=6"}],"version-history":[{"count":1,"href":"https:\/\/www.dsftr.com\/de\/wp-json\/wp\/v2\/pages\/6\/revisions"}],"predecessor-version":[{"id":7,"href":"https:\/\/www.dsftr.com\/de\/wp-json\/wp\/v2\/pages\/6\/revisions\/7"}],"wp:attachment":[{"href":"https:\/\/www.dsftr.com\/de\/wp-json\/wp\/v2\/media?parent=6"}],"curies":[{"name":"wp","href":"https:\/\/api.w.org\/{rel}","templated":true}]}}