{"id":62,"date":"2023-05-30T18:49:26","date_gmt":"2023-05-30T15:49:26","guid":{"rendered":"https:\/\/www.dsftr.com\/de\/?page_id=62"},"modified":"2023-11-22T10:16:21","modified_gmt":"2023-11-22T07:16:21","slug":"medizinisches-team","status":"publish","type":"page","link":"https:\/\/www.dsftr.com\/de\/medizinisches-team\/","title":{"rendered":"Medizinisches Team"},"content":{"rendered":"<div class=\"container\">\n<div class=\"row\">\n<div id=\"doctor-portfolio\" class=\"row\">\n<div class=\"col-md-3 tile web\" style=\"display: inline-block;\" data-bound=\"\">\n<div class=\"single-doctor\"><img decoding=\"async\" style=\"width: 200px; height: 225px;\" src=\"http:\/\/www.dsftr.com\/wp-content\/uploads\/ElcinAykutoglu.jpg\" alt=\"Image\" \/>\n<div class=\"doctors-description\">\n<div class=\"media\">\n<div class=\"doctors-title\"><a href=\"\/de\/facharzt-dr-elcin-aykutoglu\/\">Facharzt Dr. El\u00e7in Aykuto\u011flu<\/a>\n<h4>Facharzt f\u00fcr Physiotherapie und Rehabilitation<\/h4>\n<\/div>\n<\/div>\n<\/div>\n<\/div>\n<\/div>\n<div class=\"col-md-3 tile web\" style=\"display: inline-block;\" data-bound=\"\">\n<div class=\"single-doctor\"><img decoding=\"async\" style=\"width: 200px; height: 225px;\" src=\"http:\/\/www.dsftr.com\/wp-content\/uploads\/VolkanYuzlu.jpg\" alt=\"Image\" \/>\n<div class=\"doctors-description\">\n<div class=\"media\">\n<div class=\"doctors-title\"><a href=\"\/de\/physiotherapeut-dr-volkan-yuzlu\/\">Dr.Volkan Y\u00dcZL\u00dc<\/a>\n<h4>Physiotherapeut<\/h4>\n<\/div>\n<\/div>\n<\/div>\n<\/div>\n<\/div>\n<div class=\"col-md-3 tile web\" style=\"display: inline-block;\" data-bound=\"\">\n<div class=\"single-doctor\"><img decoding=\"async\" style=\"width: 200px; height: 225px;\" src=\"http:\/\/www.dsftr.com\/wp-content\/uploads\/BugraBurcakBakal.jpg\" alt=\"Image\" \/>\n<div class=\"doctors-description\">\n<div class=\"media\">\n<div class=\"doctors-title\"><a href=\"\/de\/physiotherapeut-bugra-burcak-bakal\/\"> Fzt. Bu\u011fra Bur\u00e7ak BAKAL <\/a>\n<h4>Physiotherapeut<\/h4>\n<\/div>\n<\/div>\n<\/div>\n<\/div>\n<\/div>\n<div class=\"col-md-3 tile web\" style=\"display: inline-block;\" data-bound=\"\">\n<div class=\"single-doctor\"><img decoding=\"async\" style=\"width: 200px; height: 225px;\" src=\"http:\/\/www.dsftr.com\/wp-content\/uploads\/MustafaGonul.jpg\" alt=\"Image\" \/>\n<div class=\"doctors-description\">\n<div class=\"media\">\n<div class=\"doctors-title\"><a href=\"\/de\/physiotherapeut-mustafa-gonul\/\"> Fzt. Mustafa G\u00d6N\u00dcL <\/a>\n<h4>Physiotherapeut<\/h4>\n<\/div>\n<\/div>\n<\/div>\n<\/div>\n<\/div>\n<div class=\"col-md-3 tile web\" style=\"display: inline-block;\" data-bound=\"\">\n<div class=\"single-doctor\"><img decoding=\"async\" style=\"width: 200px; height: 225px;\" src=\"http:\/\/www.dsftr.com\/wp-content\/uploads\/FatmaKasap.jpg\" alt=\"Image\" \/>\n<div class=\"doctors-description\">\n<div class=\"media\">\n<div class=\"doctors-title\"><a href=\"\/de\/physiotherapeutin-fatma-kasap\/\"> Fzt. Fatma KASAP <\/a>\n<h4>Physiotherapeut<\/h4>\n<\/div>\n<\/div>\n<\/div>\n<\/div>\n<\/div>\n<div class=\"col-md-3 tile web\" style=\"display: inline-block;\" data-bound=\"\">\n<div class=\"single-doctor\"><img decoding=\"async\" style=\"width: 200px; height: 225px;\" src=\"http:\/\/www.dsftr.com\/wp-content\/uploads\/FahriEkin.jpg\" alt=\"Image\" \/>\n<div class=\"doctors-description\">\n<div class=\"media\">\n<div class=\"doctors-title\"><a href=\"\/de\/fach-physiotherapeut-fahri-ekin\/\"> Fach-Physiotherapeut Fahri EK\u0130N <\/a>\n<h4>Physiotherapeut<\/h4>\n<\/div>\n<\/div>\n<\/div>\n<\/div>\n<\/div>\n<div class=\"col-md-3 tile web\" style=\"display: inline-block;\" data-bound=\"\">\n<div class=\"single-doctor\"><img decoding=\"async\" style=\"width: 200px; height: 225px;\" src=\"http:\/\/www.dsftr.com\/wp-content\/uploads\/BelindaSetMinaser.jpg\" alt=\"Image\" \/>\n<div class=\"doctors-description\">\n<div class=\"media\">\n<div class=\"doctors-title\"><a href=\"\/de\/physiotherapeutin-belinda-set-minaser\/\"> Fzt. Belinda Set M\u0130NASER <\/a>\n<h4>Physiotherapeut<\/h4>\n<\/div>\n<\/div>\n<\/div>\n<\/div>\n<\/div>\n<div class=\"col-md-3 tile web\" style=\"display: inline-block;\" data-bound=\"\">\n<div class=\"single-doctor\"><img decoding=\"async\" style=\"width: 200px; height: 225px;\" src=\"http:\/\/www.dsftr.com\/wp-content\/uploads\/ViktoryaBoynuinceoglu.jpg\" alt=\"Image\" \/>\n<div class=\"doctors-description\">\n<div class=\"media\">\n<div class=\"doctors-title\"><a href=\"\/de\/physiotherapeutin-viktorya-boynuinceoglu\/\">Fzt. Viktorya BOYNU\u0130NCEO\u011eLU <\/a>\n<h4>Physiotherapeut<\/h4>\n<\/div>\n<\/div>\n<\/div>\n<\/div>\n<\/div>\n<div class=\"col-md-3 tile web\" style=\"display: inline-block;\" data-bound=\"\">\n<div class=\"single-doctor\">\n<div class=\"doctors-description\">\n<div class=\"media\">\n<div class=\"doctors-title\"><br \/>\n<h4>\u00a0<\/h4>\n<\/div>\n<\/div>\n<\/div>\n<\/div>\n<\/div>\n<div class=\"col-md-3 tile web\" style=\"display: inline-block;\" data-bound=\"\">\n<div class=\"single-doctor\"><img decoding=\"async\" style=\"width: 200px; height: 225px;\" src=\"http:\/\/www.dsftr.com\/wp-content\/uploads\/RecepYilmaz.jpg\" alt=\"Image\" \/>\n<div class=\"doctors-description\">\n<div class=\"media\">\n<div class=\"doctors-title\">\n<p><a href=\"\/de\/hydrotherapeut-recep-yilmaz\/\">Hdt. Recep YILMAZ <\/a><\/p>\n<p><strong>Hydrotherapeut<\/strong><\/p>\n<\/div>\n<\/div>\n<\/div>\n<\/div>\n<\/div>\n<div class=\"col-md-3 tile web\" style=\"display: inline-block;\" data-bound=\"\">\n<div class=\"single-doctor\"><img decoding=\"async\" style=\"width: 200px; height: 225px;\" src=\"http:\/\/www.dsftr.com\/wp-content\/uploads\/OzkanAnil.jpg\" alt=\"Image\" \/>\n<div class=\"doctors-description\">\n<div class=\"media\">\n<div class=\"doctors-title\"><a href=\"\/de\/hydrotherapeut-ozkan-anil\/\"> Hdt. \u00d6zkan ANIL <\/a>\n<h4>Hydrotherapeut<\/h4>\n<\/div>\n<\/div>\n<\/div>\n<\/div>\n<\/div>\n<\/div>\n<\/div>\n<\/div>\n\n\n<p><\/p>\n","protected":false},"excerpt":{"rendered":"<p>Facharzt Dr. El\u00e7in Aykuto\u011flu Facharzt f\u00fcr Physiotherapie und Rehabilitation Dr.Volkan Y\u00dcZL\u00dc Physiotherapeut Fzt. Bu\u011fra Bur\u00e7ak BAKAL Physiotherapeut Fzt. Mustafa G\u00d6N\u00dcL Physiotherapeut Fzt. Fatma KASAP Physiotherapeut Fach-Physiotherapeut Fahri EK\u0130N Physiotherapeut Fzt. [&hellip;]<\/p>\n","protected":false},"author":4,"featured_media":0,"parent":0,"menu_order":0,"comment_status":"closed","ping_status":"closed","template":"page-fullwidth.php","meta":{"_monsterinsights_skip_tracking":false,"_monsterinsights_sitenote_active":false,"_monsterinsights_sitenote_note":"","_monsterinsights_sitenote_category":0,"footnotes":""},"class_list":["post-62","page","type-page","status-publish","hentry"],"_links":{"self":[{"href":"https:\/\/www.dsftr.com\/de\/wp-json\/wp\/v2\/pages\/62","targetHints":{"allow":["GET"]}}],"collection":[{"href":"https:\/\/www.dsftr.com\/de\/wp-json\/wp\/v2\/pages"}],"about":[{"href":"https:\/\/www.dsftr.com\/de\/wp-json\/wp\/v2\/types\/page"}],"author":[{"embeddable":true,"href":"https:\/\/www.dsftr.com\/de\/wp-json\/wp\/v2\/users\/4"}],"replies":[{"embeddable":true,"href":"https:\/\/www.dsftr.com\/de\/wp-json\/wp\/v2\/comments?post=62"}],"version-history":[{"count":3,"href":"https:\/\/www.dsftr.com\/de\/wp-json\/wp\/v2\/pages\/62\/revisions"}],"predecessor-version":[{"id":154,"href":"https:\/\/www.dsftr.com\/de\/wp-json\/wp\/v2\/pages\/62\/revisions\/154"}],"wp:attachment":[{"href":"https:\/\/www.dsftr.com\/de\/wp-json\/wp\/v2\/media?parent=62"}],"curies":[{"name":"wp","href":"https:\/\/api.w.org\/{rel}","templated":true}]}}