{"id":64,"date":"2023-05-30T18:50:48","date_gmt":"2023-05-30T15:50:48","guid":{"rendered":"https:\/\/www.dsftr.com\/de\/?page_id=64"},"modified":"2023-05-30T18:50:49","modified_gmt":"2023-05-30T15:50:49","slug":"schwimmbadbehandlung-und-hydrotherapie","status":"publish","type":"page","link":"https:\/\/www.dsftr.com\/de\/schwimmbadbehandlung-und-hydrotherapie\/","title":{"rendered":"Schwimmbadbehandlung und Hydrotherapie"},"content":{"rendered":"\n<p>Als Quelle des Lebens bietet das Wasser auch viele Vorteile f\u00fcr die Behandlung von Patienten, die eine physikalische Therapie und Rehabilitation ben\u00f6tigen. Wasser (Becken) ist ein ideales Umfeld f\u00fcr die Rehabilitation vieler Patienten, insbesondere von Patienten mit neurologischen, orthop\u00e4dischen und rheumatologischen Problemen, die sich nur schwer bewegen k\u00f6nnen.&nbsp;<\/p>\n\n\n\n<p>In-Wasser-Behandlungen werden in Umgebungen wie Behandlungsbecken, Wannenb\u00e4dern oder Vier-Zellen-Wirbelb\u00e4dern durchgef\u00fchrt. Alle Anwendungen werden unter der Bezeichnung &#8220;Hydrotherapie oder aquatische Rehabilitation&#8221; zusammengefasst.<\/p>\n\n\n\n<p>Das Ziel von Behandlungen im Becken ist es, die physikalischen Eigenschaften des Wassers wie Auftrieb, Druck auf die Haut und Bewegungswiderstand zu nutzen.<\/p>\n\n\n\n<p>Der ARJO Axona Behandlungsbecken, der in unserem Zentrum verwendet wird, ist ein spezieller Becken mit einem transparenten Glasrahmen, der die Beobachtung des Patienten im Wasser erm\u00f6glicht und \u00fcber eine Wirbeleinrichtung verf\u00fcgt. Unsere Beckenseancen bieten unseren Patienten die M\u00f6glichkeit, ein bequemes Arbeits- und Gehtraining in einer Umgebung mit reduzierter Schwerkraft zu absolvieren und gleichzeitig von der entspannenden Wirkung des Wassers zu profitieren, das auf eine neutrale Temperatur (K\u00f6rpertemperatur) eingestellt ist und abnormalen Tonuserh\u00f6hungen (Spastizit\u00e4t usw.) entgegenwirkt.<\/p>\n\n\n\n<p>Unser Behandlungsbecken&nbsp;<\/p>\n\n\n\n<ul class=\"wp-block-list\">\n<li>Wird eingesetzt, die in der Rehabilitationshalle durchgef\u00fchrten \u00dcbungen zu unterst\u00fctzen, um eine deutliche Verbesserung der Muskelkraft, des Gleichgewichts beim Sitzen und der Gehf\u00e4higkeiten von Patienten mit Gehbehinderungen aufgrund neurologischer Probleme in einer sichereren Umgebung zu erreichen, um die Patienten auf Aktivit\u00e4ten des t\u00e4glichen Lebens vorzubereiten, die sie mit intensiveren \u00dcbungen selbst\u00e4ndig durchf\u00fchren k\u00f6nnen,<\/li>\n\n\n\n<li>Die Entspannung abnormaler Muskelkontraktionen wie Spastizit\u00e4t zu unterst\u00fctzen,&nbsp;<\/li>\n\n\n\n<li>komfortablere und effektivere \u00dcbungsm\u00f6glichkeiten bei Kreuz-, H\u00fcft- und Knieschmerzen zu bieten, z. B. bei Bandscheibenvorf\u00e4llen und Meniskusverletzungen,<\/li>\n\n\n\n<li>und wird in den fr\u00fchen Phasen der Rehabilitation nach Frakturen, H\u00fcft- und Knieprothesen zur Gewichtsverlagerung und zum Gehtraining eingesetzt, um einen positiven Beitrag zur Genesung zu leisten.<\/li>\n<\/ul>\n\n\n\n<p>Unsere Hydrotherapie-Einheit besteht aus&nbsp;<\/p>\n\n\n\n<ul class=\"wp-block-list\">\n<li>Arjo Axona Behandlungsbecken,<\/li>\n\n\n\n<li>Hand-Fu\u00df Sprudelbad (Whirlpool)<\/li>\n\n\n\n<li>Ganzk\u00f6rper-Whirlpool (Jakuzzi)<\/li>\n\n\n\n<li>Galvanisches Behandlungsbad (Stangerbad)<\/li>\n\n\n\n<li>4-Zellen-Galvanikbad.<\/li>\n<\/ul>\n\n\n\n<p>Alle diese Ger\u00e4te werden zur Behandlung von \u00d6demen, Schmerzen und zur Entspannung verschiedener Muskelkontraktionen eingesetzt.<\/p>\n","protected":false},"excerpt":{"rendered":"<p>Als Quelle des Lebens bietet das Wasser auch viele Vorteile f\u00fcr die Behandlung von Patienten, die eine physikalische Therapie und Rehabilitation ben\u00f6tigen. Wasser (Becken) ist ein ideales Umfeld f\u00fcr die [&hellip;]<\/p>\n","protected":false},"author":4,"featured_media":0,"parent":0,"menu_order":0,"comment_status":"closed","ping_status":"closed","template":"page-fullwidth.php","meta":{"_monsterinsights_skip_tracking":false,"_monsterinsights_sitenote_active":false,"_monsterinsights_sitenote_note":"","_monsterinsights_sitenote_category":0,"footnotes":""},"class_list":["post-64","page","type-page","status-publish","hentry"],"_links":{"self":[{"href":"https:\/\/www.dsftr.com\/de\/wp-json\/wp\/v2\/pages\/64","targetHints":{"allow":["GET"]}}],"collection":[{"href":"https:\/\/www.dsftr.com\/de\/wp-json\/wp\/v2\/pages"}],"about":[{"href":"https:\/\/www.dsftr.com\/de\/wp-json\/wp\/v2\/types\/page"}],"author":[{"embeddable":true,"href":"https:\/\/www.dsftr.com\/de\/wp-json\/wp\/v2\/users\/4"}],"replies":[{"embeddable":true,"href":"https:\/\/www.dsftr.com\/de\/wp-json\/wp\/v2\/comments?post=64"}],"version-history":[{"count":1,"href":"https:\/\/www.dsftr.com\/de\/wp-json\/wp\/v2\/pages\/64\/revisions"}],"predecessor-version":[{"id":65,"href":"https:\/\/www.dsftr.com\/de\/wp-json\/wp\/v2\/pages\/64\/revisions\/65"}],"wp:attachment":[{"href":"https:\/\/www.dsftr.com\/de\/wp-json\/wp\/v2\/media?parent=64"}],"curies":[{"name":"wp","href":"https:\/\/api.w.org\/{rel}","templated":true}]}}