{"id":68,"date":"2023-05-30T18:51:53","date_gmt":"2023-05-30T15:51:53","guid":{"rendered":"https:\/\/www.dsftr.com\/de\/?page_id=68"},"modified":"2023-05-30T18:51:54","modified_gmt":"2023-05-30T15:51:54","slug":"gehroboter","status":"publish","type":"page","link":"https:\/\/www.dsftr.com\/de\/gehroboter\/","title":{"rendered":"Gehroboter"},"content":{"rendered":"\n<p>Die Gehrobotertherapie basiert auf dem Prinzip, das K\u00f6rpergewicht des Patienten mit dem Fallschirmsystem auf das gew\u00fcnschte Ma\u00df zu reduzieren und mit Unterst\u00fctzung des an den Beinen getragenen Exoskeletts das Gehen zu erm\u00f6glichen.&nbsp;<\/p>\n\n\n\n<p>Diese Methode zielt darauf ab, bei Patienten mit Hirnverletzungen, Schlaganfall, R\u00fcckenmarksverletzungen usw., deren physiologisches Gangbild (-muster) beeintr\u00e4chtigt ist, das normale Gangbild wiederherzustellen. Das wiederkehrende Gehmuster, das in den Gehroboter-Sitzungen angewandt wird, soll neurologischen Strukturen wie dem Gehirn und dem R\u00fcckenmark helfen, deren Beziehungen aufgrund von Krankheiten oder Verletzungen gest\u00f6rt sind, wieder in einer gewissen Harmonie zu arbeiten und die mit dem Gehen verbundene Integration im Gehirn wiederherzustellen.<\/p>\n\n\n\n<p>Diese Methode tr\u00e4gt auch zur St\u00e4rkung der Muskeln und zur Verbesserung der Durchblutung bei Patienten mit Gehirn- und R\u00fcckenmarksverletzungen bei. Durch die nat\u00fcrliche Gewichtsbelastung beim Gehen werden die Knochen gest\u00e4rkt und das Osteoporoserisiko verringert.<\/p>\n\n\n\n<p>Das Ger\u00e4t, das auch als Fallschirmaufh\u00e4ngung verwendet werden kann, erm\u00f6glicht es Menschen, die aus Gr\u00fcnden wie Knieschmerzen, unzureichender Muskelkraft, hohem Alter usw. nicht gehen k\u00f6nnen, in einer Umgebung mit reduziertem K\u00f6rpergewicht zu gehen.&nbsp;<\/p>\n","protected":false},"excerpt":{"rendered":"<p>Die Gehrobotertherapie basiert auf dem Prinzip, das K\u00f6rpergewicht des Patienten mit dem Fallschirmsystem auf das gew\u00fcnschte Ma\u00df zu reduzieren und mit Unterst\u00fctzung des an den Beinen getragenen Exoskeletts das Gehen [&hellip;]<\/p>\n","protected":false},"author":4,"featured_media":0,"parent":0,"menu_order":0,"comment_status":"closed","ping_status":"closed","template":"page-fullwidth.php","meta":{"_monsterinsights_skip_tracking":false,"_monsterinsights_sitenote_active":false,"_monsterinsights_sitenote_note":"","_monsterinsights_sitenote_category":0,"footnotes":""},"class_list":["post-68","page","type-page","status-publish","hentry"],"_links":{"self":[{"href":"https:\/\/www.dsftr.com\/de\/wp-json\/wp\/v2\/pages\/68","targetHints":{"allow":["GET"]}}],"collection":[{"href":"https:\/\/www.dsftr.com\/de\/wp-json\/wp\/v2\/pages"}],"about":[{"href":"https:\/\/www.dsftr.com\/de\/wp-json\/wp\/v2\/types\/page"}],"author":[{"embeddable":true,"href":"https:\/\/www.dsftr.com\/de\/wp-json\/wp\/v2\/users\/4"}],"replies":[{"embeddable":true,"href":"https:\/\/www.dsftr.com\/de\/wp-json\/wp\/v2\/comments?post=68"}],"version-history":[{"count":1,"href":"https:\/\/www.dsftr.com\/de\/wp-json\/wp\/v2\/pages\/68\/revisions"}],"predecessor-version":[{"id":69,"href":"https:\/\/www.dsftr.com\/de\/wp-json\/wp\/v2\/pages\/68\/revisions\/69"}],"wp:attachment":[{"href":"https:\/\/www.dsftr.com\/de\/wp-json\/wp\/v2\/media?parent=68"}],"curies":[{"name":"wp","href":"https:\/\/api.w.org\/{rel}","templated":true}]}}