{"id":84,"date":"2023-06-01T02:12:32","date_gmt":"2023-05-31T23:12:32","guid":{"rendered":"https:\/\/www.dsftr.com\/de\/?page_id=84"},"modified":"2023-06-01T02:12:33","modified_gmt":"2023-05-31T23:12:33","slug":"facharzt-dr-elcin-aykutoglu","status":"publish","type":"page","link":"https:\/\/www.dsftr.com\/de\/facharzt-dr-elcin-aykutoglu\/","title":{"rendered":"Facharzt Dr. El\u00e7in Aykuto\u011flu"},"content":{"rendered":"<div class=\"container\">\n<div class=\"row\">\n<div class=\"col-md-3\">\n<div class=\"doctor-details-left\">\n<div class=\"doctors-image mb-3\"><img fetchpriority=\"high\" decoding=\"async\" class=\"\" src=\"http:\/\/www.dsftr.com\/wp-content\/uploads\/ElcinAykutoglu.jpg\" alt=\"Image\" width=\"300\" height=\"200\"><\/div>\n<\/div>\n<\/div>\n<div class=\"col-md-9\">\n<div class=\"doctor-details-right\">\n<div class=\"personal-info\">\n<h3>Facharzt Dr. El\u00e7in Aykuto\u011flu<\/h3>\n<h4>Facharzt f\u00fcr Physiotherapie und Rehabilitation<\/h4>\n<\/div>\n<div class=\"biography\">\n<h4>Verantwortliche Direktorin<\/h4>\n<p>El\u00e7in Aykuto\u011flu machte 2002 ihren Abschluss an der medizinischen Fakult\u00e4t der Universit\u00e4t Ankara. Im Jahr 2007 schloss sie ihre Ausbildung zum Facharzt am Ausbildungs- und Forschungskrankenhaus Physiotherapie und Rehabilitation Ankara ab. Im Jahr 2007 legte sie die Pr\u00fcfung erfolgreich ab und erhielt das Europ\u00e4ische Qualifikationszertifikat f\u00fcr Physiotherapie und Rehabilitation.<\/p>\n<p>Im Zeitraum 2008 bis 2014 war Aykuto\u011flu u.a. im Staatskrankenhaus Bayburt, Krankenhaus Bay\u0131nd\u0131r \u0130\u00e7erenk\u00f6y und im Gesundheitszentrum Anadolu besch\u00e4ftigt. Seit 2014 ist sie im Dar\u00fc\u015f\u015fafaka \u00d6mran ve Yahya Hamuluo\u011flu Physiotherapie- und Rehabilitationszentrum t\u00e4tig. Das Interessengebiet von Dr. El\u00e7in Aykuto\u011flu ist die neurologische Rehabilitation.<\/p>\n<\/div>\n<\/div>\n<\/div>\n<\/div>\n<p><!-- row--><\/p>\n<\/div>\n<p><!-- container--><\/p>\n","protected":false},"excerpt":{"rendered":"<p>Facharzt Dr. El\u00e7in Aykuto\u011flu Facharzt f\u00fcr Physiotherapie und Rehabilitation Verantwortliche Direktorin El\u00e7in Aykuto\u011flu machte 2002 ihren Abschluss an der medizinischen Fakult\u00e4t der Universit\u00e4t Ankara. Im Jahr 2007 schloss sie ihre [&hellip;]<\/p>\n","protected":false},"author":4,"featured_media":0,"parent":0,"menu_order":0,"comment_status":"closed","ping_status":"closed","template":"page-fullwidth.php","meta":{"_monsterinsights_skip_tracking":false,"_monsterinsights_sitenote_active":false,"_monsterinsights_sitenote_note":"","_monsterinsights_sitenote_category":0,"footnotes":""},"class_list":["post-84","page","type-page","status-publish","hentry"],"_links":{"self":[{"href":"https:\/\/www.dsftr.com\/de\/wp-json\/wp\/v2\/pages\/84","targetHints":{"allow":["GET"]}}],"collection":[{"href":"https:\/\/www.dsftr.com\/de\/wp-json\/wp\/v2\/pages"}],"about":[{"href":"https:\/\/www.dsftr.com\/de\/wp-json\/wp\/v2\/types\/page"}],"author":[{"embeddable":true,"href":"https:\/\/www.dsftr.com\/de\/wp-json\/wp\/v2\/users\/4"}],"replies":[{"embeddable":true,"href":"https:\/\/www.dsftr.com\/de\/wp-json\/wp\/v2\/comments?post=84"}],"version-history":[{"count":1,"href":"https:\/\/www.dsftr.com\/de\/wp-json\/wp\/v2\/pages\/84\/revisions"}],"predecessor-version":[{"id":85,"href":"https:\/\/www.dsftr.com\/de\/wp-json\/wp\/v2\/pages\/84\/revisions\/85"}],"wp:attachment":[{"href":"https:\/\/www.dsftr.com\/de\/wp-json\/wp\/v2\/media?parent=84"}],"curies":[{"name":"wp","href":"https:\/\/api.w.org\/{rel}","templated":true}]}}