{"id":86,"date":"2023-06-01T02:14:15","date_gmt":"2023-05-31T23:14:15","guid":{"rendered":"https:\/\/www.dsftr.com\/de\/?page_id=86"},"modified":"2023-06-01T02:16:03","modified_gmt":"2023-05-31T23:16:03","slug":"physiotherapeut-dr-volkan-yuzlu","status":"publish","type":"page","link":"https:\/\/www.dsftr.com\/de\/physiotherapeut-dr-volkan-yuzlu\/","title":{"rendered":"Physiotherapeut Dr. Volkan Y\u00dcZL\u00dc"},"content":{"rendered":"<div class=\"container\">\n<div class=\"row\">\n<div class=\"col-md-3\">\n<div class=\"doctor-details-left\">\n<div class=\"doctors-image mb-3\"><img fetchpriority=\"high\" decoding=\"async\" class=\"\" src=\"http:\/\/www.dsftr.com\/wp-content\/uploads\/VolkanYuzlu.jpg\" alt=\"Image\" width=\"300\" height=\"200\"><\/div>\n<\/div>\n<\/div>\n<div class=\"col-md-9\">\n<div class=\"doctor-details-right\">\n<div class=\"personal-info\">\n<h3>Dr. Fzt. Volkan Y\u00dcZL\u00dc<\/h3>\n<\/div>\n<div class=\"biography\">\n<h5>Biografie<\/h5>\n<p>Volkan Y\u00fczl\u00fc schloss 2007 sein Studium an der Dumlup\u0131nar-Universit\u00e4t, Hochschule f\u00fcr Gesundheit, Fachbereich Physiotherapie und Rehabilitation ab. Nach seinem Bachelor-Studiengang schloss Y\u00fczl\u00fc sein Masterstudium an der Abteilung f\u00fcr Physiotherapie und Rehabilitation der Hacettepe-Universit\u00e4t, Abteilung f\u00fcr Prothetik, Orthotik und Biomechanik ab und erhielt den Titel eines Fachphysiotherapeuten. Er promovierte an der Sozialwissenschaftlichen Institut der Marmara-Universit\u00e4t, Abteilung f\u00fcr Physiotherapie und Rehabilitation. In diesem Zusammenhang verf\u00fcgt er \u00fcber wissenschaftliche Arbeiten und Ver\u00f6ffentlichungen auf dem Gebiet der geriatrischen und neurologischen Rehabilitation. Nach Abschluss des 1500-st\u00fcndigen Osteopathie-Programms am Turkish Institute for Adapted Osteopathy nahm Y\u00fczl\u00fc an Schulungen, Seminaren und Symposien teil, wie z. B. Pilates-Instruktor, Aktuelle Ans\u00e4tze bei Skoliose, Dry Needling, Bands, Balls and Balance Workshop, Manipulation and Mobilization Therapy of Lumbar, Throcal and Cervical Spine Assessment and Treatment Techniques, Sports Injuries and Rehabilitation Course.  Myofasziale Entspannungstechniken, Kinesio-taping, Nervenmobilisationen geh\u00f6ren zu seiner weiteren Anwendungen.<\/p>\n<p>Haltungssch\u00e4den und Arbeitsplatzergonomie sind weitere Interessensgebiete von Y\u00fczl\u00fc, der 2018 an einer technologiebasierten Projektentwicklung im Bereich der B\u00fcroergonomie arbeitete.<br \/>\nY\u00fczl\u00fc war Im Zeitraum 2007 &#8211; 2010 u.a. in Einrichtungen wie dem Privaten \u0130lgi Krankenhaus, dem Orn\u00f6ram Physiotherapie- und Rehabilitationszentrum, dem Milit\u00e4rkrankenhaus Diyarbak\u0131r und dem Romatem Physiotherapie- und Rehabilitationszentrum besch\u00e4ftigt. Seit 2010 ist Y\u00fczl\u00fc im Dar\u00fc\u015f\u015fafaka \u00d6mran ve Yahya Hamuluo\u011flu Physiotherapie- und Rehabilitationszentrum t\u00e4tig.<\/p>\n<\/div>\n<\/div>\n<\/div>\n<\/div>\n<p><!-- row--><\/p>\n<\/div>\n<p><!-- container--><\/p>\n","protected":false},"excerpt":{"rendered":"<p>Dr. Fzt. Volkan Y\u00dcZL\u00dc Biografie Volkan Y\u00fczl\u00fc schloss 2007 sein Studium an der Dumlup\u0131nar-Universit\u00e4t, Hochschule f\u00fcr Gesundheit, Fachbereich Physiotherapie und Rehabilitation ab. Nach seinem Bachelor-Studiengang schloss Y\u00fczl\u00fc sein Masterstudium an [&hellip;]<\/p>\n","protected":false},"author":4,"featured_media":0,"parent":0,"menu_order":0,"comment_status":"closed","ping_status":"closed","template":"page-fullwidth.php","meta":{"_monsterinsights_skip_tracking":false,"_monsterinsights_sitenote_active":false,"_monsterinsights_sitenote_note":"","_monsterinsights_sitenote_category":0,"footnotes":""},"class_list":["post-86","page","type-page","status-publish","hentry"],"_links":{"self":[{"href":"https:\/\/www.dsftr.com\/de\/wp-json\/wp\/v2\/pages\/86","targetHints":{"allow":["GET"]}}],"collection":[{"href":"https:\/\/www.dsftr.com\/de\/wp-json\/wp\/v2\/pages"}],"about":[{"href":"https:\/\/www.dsftr.com\/de\/wp-json\/wp\/v2\/types\/page"}],"author":[{"embeddable":true,"href":"https:\/\/www.dsftr.com\/de\/wp-json\/wp\/v2\/users\/4"}],"replies":[{"embeddable":true,"href":"https:\/\/www.dsftr.com\/de\/wp-json\/wp\/v2\/comments?post=86"}],"version-history":[{"count":3,"href":"https:\/\/www.dsftr.com\/de\/wp-json\/wp\/v2\/pages\/86\/revisions"}],"predecessor-version":[{"id":89,"href":"https:\/\/www.dsftr.com\/de\/wp-json\/wp\/v2\/pages\/86\/revisions\/89"}],"wp:attachment":[{"href":"https:\/\/www.dsftr.com\/de\/wp-json\/wp\/v2\/media?parent=86"}],"curies":[{"name":"wp","href":"https:\/\/api.w.org\/{rel}","templated":true}]}}