{"id":9,"date":"2023-05-30T13:48:18","date_gmt":"2023-05-30T10:48:18","guid":{"rendered":"https:\/\/www.dsftr.com\/de\/?page_id=9"},"modified":"2023-05-30T13:48:32","modified_gmt":"2023-05-30T10:48:32","slug":"mission","status":"publish","type":"page","link":"https:\/\/www.dsftr.com\/de\/mission\/","title":{"rendered":"Mission"},"content":{"rendered":"\n<p>Die Mission der Dar\u00fc\u015f\u015fafaka \u00d6mran ve Yahya Hamuluo\u011flu Physiotherapie- und Rehabilitationszentrum besteht daraus, unsere Patienten durch die Vermengung unserer hochwertigen Dienstleistungen mit wissenschaftlichen Entwicklungen, Erfahrungen und Kenntnissen zu einem H\u00f6chstma\u00df an physischer Gesundheit zu f\u00fchren.&nbsp;<\/p>\n\n\n\n<p>Mit den Einnahmen, die wir durch unsere auf die Patientenzufriedenheit ausgerichteten Studien und nutzenorientierten Ans\u00e4tze erzielen, sollen Mittel f\u00fcr die Ausbildung erfolgreicher Studenten an Dar\u00fc\u015f\u015fafaka-Bildungseinrichtungen geschaffen werden, deren Eltern und\/oder V\u00e4ter nicht mehr leben und die finanziell nicht ausreichend versorgt sind.<\/p>\n","protected":false},"excerpt":{"rendered":"<p>Die Mission der Dar\u00fc\u015f\u015fafaka \u00d6mran ve Yahya Hamuluo\u011flu Physiotherapie- und Rehabilitationszentrum besteht daraus, unsere Patienten durch die Vermengung unserer hochwertigen Dienstleistungen mit wissenschaftlichen Entwicklungen, Erfahrungen und Kenntnissen zu einem H\u00f6chstma\u00df [&hellip;]<\/p>\n","protected":false},"author":4,"featured_media":0,"parent":0,"menu_order":0,"comment_status":"closed","ping_status":"closed","template":"page-fullwidth.php","meta":{"_monsterinsights_skip_tracking":false,"_monsterinsights_sitenote_active":false,"_monsterinsights_sitenote_note":"","_monsterinsights_sitenote_category":0,"footnotes":""},"class_list":["post-9","page","type-page","status-publish","hentry"],"_links":{"self":[{"href":"https:\/\/www.dsftr.com\/de\/wp-json\/wp\/v2\/pages\/9","targetHints":{"allow":["GET"]}}],"collection":[{"href":"https:\/\/www.dsftr.com\/de\/wp-json\/wp\/v2\/pages"}],"about":[{"href":"https:\/\/www.dsftr.com\/de\/wp-json\/wp\/v2\/types\/page"}],"author":[{"embeddable":true,"href":"https:\/\/www.dsftr.com\/de\/wp-json\/wp\/v2\/users\/4"}],"replies":[{"embeddable":true,"href":"https:\/\/www.dsftr.com\/de\/wp-json\/wp\/v2\/comments?post=9"}],"version-history":[{"count":1,"href":"https:\/\/www.dsftr.com\/de\/wp-json\/wp\/v2\/pages\/9\/revisions"}],"predecessor-version":[{"id":10,"href":"https:\/\/www.dsftr.com\/de\/wp-json\/wp\/v2\/pages\/9\/revisions\/10"}],"wp:attachment":[{"href":"https:\/\/www.dsftr.com\/de\/wp-json\/wp\/v2\/media?parent=9"}],"curies":[{"name":"wp","href":"https:\/\/api.w.org\/{rel}","templated":true}]}}