{"id":90,"date":"2023-06-01T02:19:08","date_gmt":"2023-05-31T23:19:08","guid":{"rendered":"https:\/\/www.dsftr.com\/de\/?page_id=90"},"modified":"2023-06-01T02:19:41","modified_gmt":"2023-05-31T23:19:41","slug":"physiotherapeut-bugra-burcak-bakal","status":"publish","type":"page","link":"https:\/\/www.dsftr.com\/de\/physiotherapeut-bugra-burcak-bakal\/","title":{"rendered":"Physiotherapeut Bu\u011fra Bur\u00e7ak BAKAL"},"content":{"rendered":"<div class=\"container\">\n<div class=\"row\">\n<div class=\"col-md-3\">\n<div class=\"doctor-details-left\">\n<div class=\"doctors-image mb-3\"><img decoding=\"async\" style=\"width: 300px; height: 200px;\" src=\"http:\/\/www.dsftr.com\/wp-content\/uploads\/BugraBurcakBakal.jpg\" alt=\"Image\"><\/div>\n<\/div>\n<\/div>\n<div class=\"col-md-9\">\n<div class=\"doctor-details-right\">\n<div class=\"personal-info\">\n<h3>Fzt. Bu\u011fra Bur\u00e7ak BAKAL<\/h3>\n<\/div>\n<div class=\"biography\">\n<h5>Biografie<\/h5>\n<p>Bur\u00e7ak Bakal schloss 2007 sein Studium an der Dumlup\u0131nar-Universit\u00e4t, Hochschule f\u00fcr Gesundheit, Fachbereich Physiotherapie und Rehabilitation ab.<\/p>\n<p>Er nahm an Kursen und Seminaren wie Manipulation and Mobilization Therapy of Lumbar, Throcal and Cervical Spine Assessment and Treatment Techniques, Sports Injuries and Rehabilitation Course, neue Ans\u00e4tze in der Behandlung von Zerebralparalyse, Schulung in Dry Needling teil. Myofasziale Entspannungstechniken, Kinesio-taping, Nervenmobilisationen geh\u00f6ren zu seinen weiteren Anwendungen.<\/p>\n<p>Er war im Zeitraum 2007 &#8211; 2010 u.a. in Einrichtungen wie dem Sevgi Physiotherapie- und Rehabilitationszentrum, dem Milit\u00e4rkrankenhaus Eski\u015fehir und dem Romatem Physiotherapie- und Rehabilitationszentrum besch\u00e4ftigt. Seit 2010 ist Bakal im Dar\u00fc\u015f\u015fafaka Physiotherapie- und Rehabilitationszentrum t\u00e4tig.<\/p>\n<\/div>\n<\/div>\n<\/div>\n<\/div>\n<p><!-- row--><\/p>\n<\/div>\n<p><!-- container--><\/p>\n","protected":false},"excerpt":{"rendered":"<p>Fzt. Bu\u011fra Bur\u00e7ak BAKAL Biografie Bur\u00e7ak Bakal schloss 2007 sein Studium an der Dumlup\u0131nar-Universit\u00e4t, Hochschule f\u00fcr Gesundheit, Fachbereich Physiotherapie und Rehabilitation ab. Er nahm an Kursen und Seminaren wie Manipulation [&hellip;]<\/p>\n","protected":false},"author":4,"featured_media":0,"parent":0,"menu_order":0,"comment_status":"closed","ping_status":"closed","template":"page-fullwidth.php","meta":{"_monsterinsights_skip_tracking":false,"_monsterinsights_sitenote_active":false,"_monsterinsights_sitenote_note":"","_monsterinsights_sitenote_category":0,"footnotes":""},"class_list":["post-90","page","type-page","status-publish","hentry"],"_links":{"self":[{"href":"https:\/\/www.dsftr.com\/de\/wp-json\/wp\/v2\/pages\/90","targetHints":{"allow":["GET"]}}],"collection":[{"href":"https:\/\/www.dsftr.com\/de\/wp-json\/wp\/v2\/pages"}],"about":[{"href":"https:\/\/www.dsftr.com\/de\/wp-json\/wp\/v2\/types\/page"}],"author":[{"embeddable":true,"href":"https:\/\/www.dsftr.com\/de\/wp-json\/wp\/v2\/users\/4"}],"replies":[{"embeddable":true,"href":"https:\/\/www.dsftr.com\/de\/wp-json\/wp\/v2\/comments?post=90"}],"version-history":[{"count":1,"href":"https:\/\/www.dsftr.com\/de\/wp-json\/wp\/v2\/pages\/90\/revisions"}],"predecessor-version":[{"id":91,"href":"https:\/\/www.dsftr.com\/de\/wp-json\/wp\/v2\/pages\/90\/revisions\/91"}],"wp:attachment":[{"href":"https:\/\/www.dsftr.com\/de\/wp-json\/wp\/v2\/media?parent=90"}],"curies":[{"name":"wp","href":"https:\/\/api.w.org\/{rel}","templated":true}]}}