{"id":92,"date":"2023-06-01T02:21:14","date_gmt":"2023-05-31T23:21:14","guid":{"rendered":"https:\/\/www.dsftr.com\/de\/?page_id=92"},"modified":"2023-06-01T02:21:17","modified_gmt":"2023-05-31T23:21:17","slug":"physiotherapeut-mustafa-gonul","status":"publish","type":"page","link":"https:\/\/www.dsftr.com\/de\/physiotherapeut-mustafa-gonul\/","title":{"rendered":"Physiotherapeut Mustafa G\u00d6N\u00dcL"},"content":{"rendered":"<div class=\"container\">\n<div class=\"row\">\n<div class=\"col-md-3\">\n<div class=\"doctor-details-left\">\n<div class=\"doctors-image mb-3\"><img fetchpriority=\"high\" decoding=\"async\" class=\"\" src=\"http:\/\/www.dsftr.com\/wp-content\/uploads\/MustafaGonul.jpg\" alt=\"Image\" width=\"300\" height=\"200\"><\/div>\n<\/div>\n<\/div>\n<div class=\"col-md-9\">\n<div class=\"doctor-details-right\">\n<div class=\"personal-info\">\n<h3>Fzt. Mustafa G\u00d6N\u00dcL<\/h3>\n<\/div>\n<div class=\"biography\">\n<h5>Biografie<\/h5>\n<p>Mustafa G\u00f6n\u00fcl schloss 2007 sein Studium an der Dumlup\u0131nar-Universit\u00e4t, Hochschule f\u00fcr Gesundheit, Fachbereich Physiotherapie und Rehabilitation ab.<\/p>\n<p>Er nahm an Kursen und Seminaren wie Orthop\u00e4discher Manueller Therapie (OMT), Matrix-Therapie, Pilates-Ausbildung, Manipulation and Mobilization Therapy of Lumbar, Throcal and Cervical Spine Assessment and Treatment Techniques, Sports Injuries and Rehabilitation Course, neue Ans\u00e4tze in der Behandlung von Zerebralparalyse, Schulung in Dry Needling teil. Myofasziale Entspannungstechniken, Kinesio-taping, Nervenmobilisationen geh\u00f6ren zu seinen weiteren Anwendungen.<\/p>\n<p>G\u00f6n\u00fcl war Im Zeitraum 2007 &#8211; 2010 u.a. in Einrichtungen wie dem Privaten Ya\u015fam Physiotherapie- und Rehabilitationszentrum, GATA Bilkent Physiotherapie- und Rehabilitationszentrum, dem Romatem Physiotherapie- und Rehabilitationszentrum besch\u00e4ftigt. Seit 2010 ist Y\u00fczl\u00fc im Dar\u00fc\u015f\u015fafaka \u00d6mran ve Yahya Hamuluo\u011flu Physiotherapie- und Rehabilitationszentrum t\u00e4tig.<\/p>\n<\/div>\n<\/div>\n<\/div>\n<\/div>\n<p><!-- row--><\/p>\n<\/div>\n<p><!-- container--><\/p>\n","protected":false},"excerpt":{"rendered":"<p>Fzt. Mustafa G\u00d6N\u00dcL Biografie Mustafa G\u00f6n\u00fcl schloss 2007 sein Studium an der Dumlup\u0131nar-Universit\u00e4t, Hochschule f\u00fcr Gesundheit, Fachbereich Physiotherapie und Rehabilitation ab. Er nahm an Kursen und Seminaren wie Orthop\u00e4discher Manueller [&hellip;]<\/p>\n","protected":false},"author":4,"featured_media":0,"parent":0,"menu_order":0,"comment_status":"closed","ping_status":"closed","template":"page-fullwidth.php","meta":{"_monsterinsights_skip_tracking":false,"_monsterinsights_sitenote_active":false,"_monsterinsights_sitenote_note":"","_monsterinsights_sitenote_category":0,"footnotes":""},"class_list":["post-92","page","type-page","status-publish","hentry"],"_links":{"self":[{"href":"https:\/\/www.dsftr.com\/de\/wp-json\/wp\/v2\/pages\/92","targetHints":{"allow":["GET"]}}],"collection":[{"href":"https:\/\/www.dsftr.com\/de\/wp-json\/wp\/v2\/pages"}],"about":[{"href":"https:\/\/www.dsftr.com\/de\/wp-json\/wp\/v2\/types\/page"}],"author":[{"embeddable":true,"href":"https:\/\/www.dsftr.com\/de\/wp-json\/wp\/v2\/users\/4"}],"replies":[{"embeddable":true,"href":"https:\/\/www.dsftr.com\/de\/wp-json\/wp\/v2\/comments?post=92"}],"version-history":[{"count":1,"href":"https:\/\/www.dsftr.com\/de\/wp-json\/wp\/v2\/pages\/92\/revisions"}],"predecessor-version":[{"id":93,"href":"https:\/\/www.dsftr.com\/de\/wp-json\/wp\/v2\/pages\/92\/revisions\/93"}],"wp:attachment":[{"href":"https:\/\/www.dsftr.com\/de\/wp-json\/wp\/v2\/media?parent=92"}],"curies":[{"name":"wp","href":"https:\/\/api.w.org\/{rel}","templated":true}]}}