{"id":94,"date":"2023-06-01T02:23:19","date_gmt":"2023-05-31T23:23:19","guid":{"rendered":"https:\/\/www.dsftr.com\/de\/?page_id=94"},"modified":"2023-06-01T02:23:25","modified_gmt":"2023-05-31T23:23:25","slug":"physiotherapeutin-fatma-kasap","status":"publish","type":"page","link":"https:\/\/www.dsftr.com\/de\/physiotherapeutin-fatma-kasap\/","title":{"rendered":"Physiotherapeutin Fatma KASAP"},"content":{"rendered":"<div class=\"container\">\n<div class=\"row\">\n<div class=\"col-md-3\">\n<div class=\"doctor-details-left\">\n<div class=\"doctors-image mb-3\"><img decoding=\"async\" style=\"width: 300px; height: 200px;\" src=\"http:\/\/www.dsftr.com\/wp-content\/uploads\/FatmaKasap.jpg\" alt=\"Image\"><\/div>\n<\/div>\n<\/div>\n<div class=\"col-md-9\">\n<div class=\"doctor-details-right\">\n<div class=\"personal-info\">\n<h3>Fzt. Fatma KASAP<\/h3>\n<\/div>\n<div class=\"biography\">\n<h5>Biografie<\/h5>\n<p>Fatma Kasap schloss 2011 ihr Studium an der Hali\u00e7-Universit\u00e4t, Hochschule f\u00fcr Gesundheit, Fachbereich Physiotherapie und Rehabilitation ab.<\/p>\n<p>W\u00e4hrend ihrer Studienzeit absolvierte sie Praktika in renommierten Einrichtungen wie GATA der T\u00fcrkischen Streitkr\u00e4fte, Krankenhaus der medizinischen Fakult\u00e4t Cerrahpa\u015fa, Krankenhaus der medizinischen Fakult\u00e4t \u00c7apa, Krankenhaus Balat Or-Ahayim, \u015ei\u015fli Etfal Forschungskrankenhaus, American Hospital, Osrodek Rehabilitacyjno- Terapeutyczny d\u0131a Dz\u0131ec Niepelnosprawnych in Polen, Zamo\u015b\u0107 University of Management and Administration \/ Nzoz Centrum Rehabilitika Polen.<\/p>\n<p>Nach ihrem Studienabschluss nahm Kasap an Kursen und Schulungen teil, wie z. B. Dry Needling-Kurs, Aktuelle entwicklungsneurologische Behandlungsans\u00e4tze und klinische Anwendungen in der neurologischen Erwachsenen-Rehabilitation, TCF-Pilates-Instructor, Academy of Lymphatic Studies Internationale Lymph\u00f6dem-Zertifizierungsschulung, und ist seit 2011 im Dar\u00fc\u015f\u015fafaka \u00d6mran ve Yahya Hamuluo\u011flu Physiotherapie- und Rehabilitationszentrum besch\u00e4ftigt.<\/p>\n<\/div>\n<\/div>\n<\/div>\n<\/div>\n<p><!-- row--><\/p>\n<\/div>\n<p><!-- container--><\/p>\n","protected":false},"excerpt":{"rendered":"<p>Fzt. Fatma KASAP Biografie Fatma Kasap schloss 2011 ihr Studium an der Hali\u00e7-Universit\u00e4t, Hochschule f\u00fcr Gesundheit, Fachbereich Physiotherapie und Rehabilitation ab. W\u00e4hrend ihrer Studienzeit absolvierte sie Praktika in renommierten Einrichtungen [&hellip;]<\/p>\n","protected":false},"author":4,"featured_media":0,"parent":0,"menu_order":0,"comment_status":"closed","ping_status":"closed","template":"page-fullwidth.php","meta":{"_monsterinsights_skip_tracking":false,"_monsterinsights_sitenote_active":false,"_monsterinsights_sitenote_note":"","_monsterinsights_sitenote_category":0,"footnotes":""},"class_list":["post-94","page","type-page","status-publish","hentry"],"_links":{"self":[{"href":"https:\/\/www.dsftr.com\/de\/wp-json\/wp\/v2\/pages\/94","targetHints":{"allow":["GET"]}}],"collection":[{"href":"https:\/\/www.dsftr.com\/de\/wp-json\/wp\/v2\/pages"}],"about":[{"href":"https:\/\/www.dsftr.com\/de\/wp-json\/wp\/v2\/types\/page"}],"author":[{"embeddable":true,"href":"https:\/\/www.dsftr.com\/de\/wp-json\/wp\/v2\/users\/4"}],"replies":[{"embeddable":true,"href":"https:\/\/www.dsftr.com\/de\/wp-json\/wp\/v2\/comments?post=94"}],"version-history":[{"count":1,"href":"https:\/\/www.dsftr.com\/de\/wp-json\/wp\/v2\/pages\/94\/revisions"}],"predecessor-version":[{"id":95,"href":"https:\/\/www.dsftr.com\/de\/wp-json\/wp\/v2\/pages\/94\/revisions\/95"}],"wp:attachment":[{"href":"https:\/\/www.dsftr.com\/de\/wp-json\/wp\/v2\/media?parent=94"}],"curies":[{"name":"wp","href":"https:\/\/api.w.org\/{rel}","templated":true}]}}