{"id":96,"date":"2023-06-01T02:28:19","date_gmt":"2023-05-31T23:28:19","guid":{"rendered":"https:\/\/www.dsftr.com\/de\/?page_id=96"},"modified":"2023-06-01T02:28:28","modified_gmt":"2023-05-31T23:28:28","slug":"physiotherapeutin-belinda-set-minaser","status":"publish","type":"page","link":"https:\/\/www.dsftr.com\/de\/physiotherapeutin-belinda-set-minaser\/","title":{"rendered":"Physiotherapeutin Belinda Set M\u0130NASER"},"content":{"rendered":"<div class=\"container\">\n<div class=\"row\">\n<div class=\"col-md-3\">\n<div class=\"doctor-details-left\">\n<div class=\"doctors-image mb-3\"><img decoding=\"async\" style=\"width: 300px; height: 200px;\" src=\"http:\/\/www.dsftr.com\/wp-content\/uploads\/BelindaSetMinaser.jpg\" alt=\"Image\"><\/div>\n<\/div>\n<\/div>\n<div class=\"col-md-9\">\n<div class=\"doctor-details-right\">\n<div class=\"personal-info\">\n<h3>Fzt. Belinda Set M\u0130NASER<\/h3>\n<\/div>\n<div class=\"biography\">\n<h5>Biografie<\/h5>\n<p>Belinda Set Minaser machte 2001 ihren Abschluss an der Hochschule f\u00fcr Physiotherapie und Rehabilitation der Universit\u00e4t Istanbul. Nahm an den Kursen Kinesiotape 1-2 teil.<\/p>\n<p>Minaser arbeitete von 2001 bis 2008 in Einrichtungen wie der Medizinischen Fakult\u00e4t \u00c7apa (Abteilung f\u00fcr Notfallchirurgie und Traumatologie), Schmerzzentrum und \u00d6zsekizli Physiotherapie- und Rehabilitationszentrum und ist seit 2008 im im Dar\u00fc\u015f\u015fafaka \u00d6mran ve Yahya Hamuluo\u011flu Physiotherapie- und Rehabilitationszentrum t\u00e4tig.<\/p>\n<\/div>\n<\/div>\n<\/div>\n<\/div>\n<p><!-- row--><\/p>\n<\/div>\n<p><!-- container--><\/p>\n","protected":false},"excerpt":{"rendered":"<p>Fzt. Belinda Set M\u0130NASER Biografie Belinda Set Minaser machte 2001 ihren Abschluss an der Hochschule f\u00fcr Physiotherapie und Rehabilitation der Universit\u00e4t Istanbul. Nahm an den Kursen Kinesiotape 1-2 teil. Minaser [&hellip;]<\/p>\n","protected":false},"author":4,"featured_media":0,"parent":0,"menu_order":0,"comment_status":"closed","ping_status":"closed","template":"page-fullwidth.php","meta":{"_monsterinsights_skip_tracking":false,"_monsterinsights_sitenote_active":false,"_monsterinsights_sitenote_note":"","_monsterinsights_sitenote_category":0,"footnotes":""},"class_list":["post-96","page","type-page","status-publish","hentry"],"_links":{"self":[{"href":"https:\/\/www.dsftr.com\/de\/wp-json\/wp\/v2\/pages\/96","targetHints":{"allow":["GET"]}}],"collection":[{"href":"https:\/\/www.dsftr.com\/de\/wp-json\/wp\/v2\/pages"}],"about":[{"href":"https:\/\/www.dsftr.com\/de\/wp-json\/wp\/v2\/types\/page"}],"author":[{"embeddable":true,"href":"https:\/\/www.dsftr.com\/de\/wp-json\/wp\/v2\/users\/4"}],"replies":[{"embeddable":true,"href":"https:\/\/www.dsftr.com\/de\/wp-json\/wp\/v2\/comments?post=96"}],"version-history":[{"count":1,"href":"https:\/\/www.dsftr.com\/de\/wp-json\/wp\/v2\/pages\/96\/revisions"}],"predecessor-version":[{"id":97,"href":"https:\/\/www.dsftr.com\/de\/wp-json\/wp\/v2\/pages\/96\/revisions\/97"}],"wp:attachment":[{"href":"https:\/\/www.dsftr.com\/de\/wp-json\/wp\/v2\/media?parent=96"}],"curies":[{"name":"wp","href":"https:\/\/api.w.org\/{rel}","templated":true}]}}