{"id":98,"date":"2023-06-01T02:30:53","date_gmt":"2023-05-31T23:30:53","guid":{"rendered":"https:\/\/www.dsftr.com\/de\/?page_id=98"},"modified":"2023-06-01T02:32:50","modified_gmt":"2023-05-31T23:32:50","slug":"fach-physiotherapeut-fahri-ekin","status":"publish","type":"page","link":"https:\/\/www.dsftr.com\/de\/fach-physiotherapeut-fahri-ekin\/","title":{"rendered":"Fach-Physiotherapeut Fahri EK\u0130N"},"content":{"rendered":"<div class=\"container\">\n<div class=\"row\">\n<div class=\"col-md-3\">\n<div class=\"doctor-details-left\">\n<div class=\"doctors-image mb-3\"><img fetchpriority=\"high\" decoding=\"async\" class=\"\" src=\"http:\/\/www.dsftr.com\/wp-content\/uploads\/FahriEkin.jpg\" alt=\"Image\" width=\"300\" height=\"200\"><\/div>\n<\/div>\n<\/div>\n<div class=\"col-md-9\">\n<div class=\"doctor-details-right\">\n<div class=\"personal-info\">\n<h3>Fach-Physiotherapeut Fahri EK\u0130N<\/h3>\n<\/div>\n<div class=\"biography\">\n<h5>Biografie<\/h5>\n<p>Nach Abschluss der Grund-, Mittel- und Oberschule in Schuleinrichtungen der Dar\u00fc\u015f\u015fafaka hat Fahri Ekin 2015 seinen Abschluss an der Fakult\u00e4t f\u00fcr Physiotherapie und Rehabilitation der Mu\u011fla S\u0131tk\u0131 Ko\u00e7man Universit\u00e4t erworben.<\/p>\n<p>W\u00e4hrend seiner Studienzeit absolvierte er Praktika in renommierten Einrichtungen wie dem Mu\u011fla Ausbildungs-Forschungskrankenhaus und dem Cebeci Krankenhaus der Universit\u00e4t Ankara, Abteilung f\u00fcr neurologische Rehabilitation.<\/p>\n<p>Ekin hat seinen Master-Abschluss am Institut f\u00fcr Gesundheitswissenschaften der Yeditepe-Universit\u00e4t, Abteilung f\u00fcr Physiotherapie und Rehabilitation erworben und arbeitet seit 2015 im Dar\u00fc\u015f\u015fafaka \u00d6mran ve Yahya Hamuluo\u011flu Physiotherapie- und Rehabilitationszentrum.<\/p>\n<\/div>\n<\/div>\n<\/div>\n<\/div>\n<p><!-- row--><\/p>\n<\/div>\n<p><!-- container--><\/p>\n","protected":false},"excerpt":{"rendered":"<p>Fach-Physiotherapeut Fahri EK\u0130N Biografie Nach Abschluss der Grund-, Mittel- und Oberschule in Schuleinrichtungen der Dar\u00fc\u015f\u015fafaka hat Fahri Ekin 2015 seinen Abschluss an der Fakult\u00e4t f\u00fcr Physiotherapie und Rehabilitation der Mu\u011fla [&hellip;]<\/p>\n","protected":false},"author":4,"featured_media":0,"parent":0,"menu_order":0,"comment_status":"closed","ping_status":"closed","template":"page-fullwidth.php","meta":{"_monsterinsights_skip_tracking":false,"_monsterinsights_sitenote_active":false,"_monsterinsights_sitenote_note":"","_monsterinsights_sitenote_category":0,"footnotes":""},"class_list":["post-98","page","type-page","status-publish","hentry"],"_links":{"self":[{"href":"https:\/\/www.dsftr.com\/de\/wp-json\/wp\/v2\/pages\/98","targetHints":{"allow":["GET"]}}],"collection":[{"href":"https:\/\/www.dsftr.com\/de\/wp-json\/wp\/v2\/pages"}],"about":[{"href":"https:\/\/www.dsftr.com\/de\/wp-json\/wp\/v2\/types\/page"}],"author":[{"embeddable":true,"href":"https:\/\/www.dsftr.com\/de\/wp-json\/wp\/v2\/users\/4"}],"replies":[{"embeddable":true,"href":"https:\/\/www.dsftr.com\/de\/wp-json\/wp\/v2\/comments?post=98"}],"version-history":[{"count":2,"href":"https:\/\/www.dsftr.com\/de\/wp-json\/wp\/v2\/pages\/98\/revisions"}],"predecessor-version":[{"id":100,"href":"https:\/\/www.dsftr.com\/de\/wp-json\/wp\/v2\/pages\/98\/revisions\/100"}],"wp:attachment":[{"href":"https:\/\/www.dsftr.com\/de\/wp-json\/wp\/v2\/media?parent=98"}],"curies":[{"name":"wp","href":"https:\/\/api.w.org\/{rel}","templated":true}]}}