{"id":144,"date":"2020-05-13T13:28:06","date_gmt":"2020-05-13T10:28:06","guid":{"rendered":"http:\/\/www.dsftr.com\/en\/?page_id=144"},"modified":"2024-04-29T21:26:14","modified_gmt":"2024-04-29T18:26:14","slug":"walking-robot","status":"publish","type":"page","link":"https:\/\/www.dsftr.com\/en\/walking-robot\/","title":{"rendered":"Walking Robot"},"content":{"rendered":"<p>The device named Walking Robot is based upon the inducement of patient to walk with the help of robot through reduction of the patient\u2019s bodyweight to the desired extent by a parachute system. This device aims to reinstate and rebuild the normal walking pattern in patients with spinal cord injuries, brain damages or paralysis and with distorted physiological walking pattern. Robot-aided walking therapy is a physical therapy form re-teaching the patients with gait disorders to walk in such neurologic or orthopaedic situations as paralysis, spinal cord injuries or brain damages. Repeated walking pattern helps the brain and spinal cord the relations of which are detached due to disease or injury to re-work together in order to determine a new route. Robot assisted walking program further helps in strengthening of muscles and development of circulation in patients with brain damages and spinal cord injuries. And if and to the extent the natural weight bearing is regained by walking exercises, bones are strengthened, and osteoporosis (bone loss) risk is reduced.<\/p>\n","protected":false},"excerpt":{"rendered":"<p>The device named Walking Robot is based upon the inducement of patient to walk with the help of robot through reduction of the patient\u2019s bodyweight to the desired extent by [&hellip;]<\/p>\n","protected":false},"author":1,"featured_media":0,"parent":0,"menu_order":0,"comment_status":"closed","ping_status":"closed","template":"page-fullwidth.php","meta":{"_monsterinsights_skip_tracking":false,"_monsterinsights_sitenote_active":false,"_monsterinsights_sitenote_note":"","_monsterinsights_sitenote_category":0,"footnotes":""},"class_list":["post-144","page","type-page","status-publish","hentry"],"yoast_head":"<!-- This site is optimized with the Yoast SEO plugin v27.3 - https:\/\/yoast.com\/product\/yoast-seo-wordpress\/ -->\n<title>Walking Robot - Dar\u00fc\u015f\u015fafaka Physical Therapy and Rehabilitation Center<\/title>\n<meta name=\"robots\" content=\"index, follow, max-snippet:-1, max-image-preview:large, max-video-preview:-1\" \/>\n<link rel=\"canonical\" href=\"https:\/\/www.dsftr.com\/en\/walking-robot\/\" \/>\n<meta property=\"og:locale\" content=\"en_US\" \/>\n<meta property=\"og:type\" content=\"article\" \/>\n<meta property=\"og:title\" content=\"Walking Robot - Dar\u00fc\u015f\u015fafaka Physical Therapy and Rehabilitation Center\" \/>\n<meta property=\"og:description\" content=\"The device named Walking Robot is based upon the inducement of patient to walk with the help of robot through reduction of the patient\u2019s bodyweight to the desired extent by [&hellip;]\" \/>\n<meta property=\"og:url\" content=\"https:\/\/www.dsftr.com\/en\/walking-robot\/\" \/>\n<meta property=\"og:site_name\" content=\"Dar\u00fc\u015f\u015fafaka Physical Therapy and Rehabilitation Center\" \/>\n<meta property=\"article:modified_time\" content=\"2024-04-29T18:26:14+00:00\" \/>\n<meta name=\"twitter:card\" content=\"summary_large_image\" \/>\n<meta name=\"twitter:label1\" content=\"Est. reading time\" \/>\n\t<meta name=\"twitter:data1\" content=\"1 minute\" \/>\n<script type=\"application\/ld+json\" class=\"yoast-schema-graph\">{\"@context\":\"https:\\\/\\\/schema.org\",\"@graph\":[{\"@type\":\"WebPage\",\"@id\":\"https:\\\/\\\/www.dsftr.com\\\/en\\\/walking-robot\\\/\",\"url\":\"https:\\\/\\\/www.dsftr.com\\\/en\\\/walking-robot\\\/\",\"name\":\"Walking Robot - Dar\u00fc\u015f\u015fafaka Physical Therapy and Rehabilitation Center\",\"isPartOf\":{\"@id\":\"https:\\\/\\\/www.dsftr.com\\\/en\\\/#website\"},\"datePublished\":\"2020-05-13T10:28:06+00:00\",\"dateModified\":\"2024-04-29T18:26:14+00:00\",\"breadcrumb\":{\"@id\":\"https:\\\/\\\/www.dsftr.com\\\/en\\\/walking-robot\\\/#breadcrumb\"},\"inLanguage\":\"en-US\",\"potentialAction\":[{\"@type\":\"ReadAction\",\"target\":[\"https:\\\/\\\/www.dsftr.com\\\/en\\\/walking-robot\\\/\"]}]},{\"@type\":\"BreadcrumbList\",\"@id\":\"https:\\\/\\\/www.dsftr.com\\\/en\\\/walking-robot\\\/#breadcrumb\",\"itemListElement\":[{\"@type\":\"ListItem\",\"position\":1,\"name\":\"Home\",\"item\":\"https:\\\/\\\/www.dsftr.com\\\/en\\\/\"},{\"@type\":\"ListItem\",\"position\":2,\"name\":\"Walking Robot\"}]},{\"@type\":\"WebSite\",\"@id\":\"https:\\\/\\\/www.dsftr.com\\\/en\\\/#website\",\"url\":\"https:\\\/\\\/www.dsftr.com\\\/en\\\/\",\"name\":\"Dar\u00fc\u015f\u015fafaka Physical Therapy and Rehabilitation Center\",\"description\":\"Life Changes with Mobility | Human First, Healthy Human\",\"potentialAction\":[{\"@type\":\"SearchAction\",\"target\":{\"@type\":\"EntryPoint\",\"urlTemplate\":\"https:\\\/\\\/www.dsftr.com\\\/en\\\/?s={search_term_string}\"},\"query-input\":{\"@type\":\"PropertyValueSpecification\",\"valueRequired\":true,\"valueName\":\"search_term_string\"}}],\"inLanguage\":\"en-US\"}]}<\/script>\n<!-- \/ Yoast SEO plugin. -->","yoast_head_json":{"title":"Walking Robot - Dar\u00fc\u015f\u015fafaka Physical Therapy and Rehabilitation Center","robots":{"index":"index","follow":"follow","max-snippet":"max-snippet:-1","max-image-preview":"max-image-preview:large","max-video-preview":"max-video-preview:-1"},"canonical":"https:\/\/www.dsftr.com\/en\/walking-robot\/","og_locale":"en_US","og_type":"article","og_title":"Walking Robot - Dar\u00fc\u015f\u015fafaka Physical Therapy and Rehabilitation Center","og_description":"The device named Walking Robot is based upon the inducement of patient to walk with the help of robot through reduction of the patient\u2019s bodyweight to the desired extent by [&hellip;]","og_url":"https:\/\/www.dsftr.com\/en\/walking-robot\/","og_site_name":"Dar\u00fc\u015f\u015fafaka Physical Therapy and Rehabilitation Center","article_modified_time":"2024-04-29T18:26:14+00:00","twitter_card":"summary_large_image","twitter_misc":{"Est. reading time":"1 minute"},"schema":{"@context":"https:\/\/schema.org","@graph":[{"@type":"WebPage","@id":"https:\/\/www.dsftr.com\/en\/walking-robot\/","url":"https:\/\/www.dsftr.com\/en\/walking-robot\/","name":"Walking Robot - Dar\u00fc\u015f\u015fafaka Physical Therapy and Rehabilitation Center","isPartOf":{"@id":"https:\/\/www.dsftr.com\/en\/#website"},"datePublished":"2020-05-13T10:28:06+00:00","dateModified":"2024-04-29T18:26:14+00:00","breadcrumb":{"@id":"https:\/\/www.dsftr.com\/en\/walking-robot\/#breadcrumb"},"inLanguage":"en-US","potentialAction":[{"@type":"ReadAction","target":["https:\/\/www.dsftr.com\/en\/walking-robot\/"]}]},{"@type":"BreadcrumbList","@id":"https:\/\/www.dsftr.com\/en\/walking-robot\/#breadcrumb","itemListElement":[{"@type":"ListItem","position":1,"name":"Home","item":"https:\/\/www.dsftr.com\/en\/"},{"@type":"ListItem","position":2,"name":"Walking Robot"}]},{"@type":"WebSite","@id":"https:\/\/www.dsftr.com\/en\/#website","url":"https:\/\/www.dsftr.com\/en\/","name":"Dar\u00fc\u015f\u015fafaka Physical Therapy and Rehabilitation Center","description":"Life Changes with Mobility | Human First, Healthy Human","potentialAction":[{"@type":"SearchAction","target":{"@type":"EntryPoint","urlTemplate":"https:\/\/www.dsftr.com\/en\/?s={search_term_string}"},"query-input":{"@type":"PropertyValueSpecification","valueRequired":true,"valueName":"search_term_string"}}],"inLanguage":"en-US"}]}},"_links":{"self":[{"href":"https:\/\/www.dsftr.com\/en\/wp-json\/wp\/v2\/pages\/144","targetHints":{"allow":["GET"]}}],"collection":[{"href":"https:\/\/www.dsftr.com\/en\/wp-json\/wp\/v2\/pages"}],"about":[{"href":"https:\/\/www.dsftr.com\/en\/wp-json\/wp\/v2\/types\/page"}],"author":[{"embeddable":true,"href":"https:\/\/www.dsftr.com\/en\/wp-json\/wp\/v2\/users\/1"}],"replies":[{"embeddable":true,"href":"https:\/\/www.dsftr.com\/en\/wp-json\/wp\/v2\/comments?post=144"}],"version-history":[{"count":2,"href":"https:\/\/www.dsftr.com\/en\/wp-json\/wp\/v2\/pages\/144\/revisions"}],"predecessor-version":[{"id":264,"href":"https:\/\/www.dsftr.com\/en\/wp-json\/wp\/v2\/pages\/144\/revisions\/264"}],"wp:attachment":[{"href":"https:\/\/www.dsftr.com\/en\/wp-json\/wp\/v2\/media?parent=144"}],"curies":[{"name":"wp","href":"https:\/\/api.w.org\/{rel}","templated":true}]}}