{"id":180,"date":"2020-08-24T09:16:15","date_gmt":"2020-08-24T06:16:15","guid":{"rendered":"http:\/\/www.dsftr.com\/en\/?page_id=180"},"modified":"2026-02-24T12:09:59","modified_gmt":"2026-02-24T09:09:59","slug":"international-patient-services","status":"publish","type":"page","link":"https:\/\/www.dsftr.com\/en\/international-patient-services\/","title":{"rendered":"International Patient Services"},"content":{"rendered":"\t\t<div data-elementor-type=\"wp-page\" data-elementor-id=\"180\" class=\"elementor elementor-180\">\n\t\t\t\t<div class=\"elementor-element elementor-element-6fdaacd e-flex e-con-boxed e-con e-parent\" data-id=\"6fdaacd\" data-element_type=\"container\" data-e-type=\"container\">\n\t\t\t\t\t<div class=\"e-con-inner\">\n\t\t<div class=\"elementor-element elementor-element-af9630d e-con-full e-flex e-con e-child\" data-id=\"af9630d\" data-element_type=\"container\" data-e-type=\"container\">\n\t\t\t\t<div class=\"elementor-element elementor-element-b448591 elementor-widget elementor-widget-text-editor\" data-id=\"b448591\" data-element_type=\"widget\" data-e-type=\"widget\" data-widget_type=\"text-editor.default\">\n\t\t\t\t\t\t\t\t\t<p class=\"p1\">Having received the International Health Tourism Authorization Certificate from the Ministry of Health of the Republic of T\u00fcrkiye in 2020, the Dar\u00fc\u015f\u015fafaka \u00d6mran and Yahya Hamuluo\u011flu Physical Therapy and Rehabilitation Center is now able to provide healthcare services to patients who come to our country for medical treatment as well as to individuals who develop a need for healthcare while visiting as tourists. Since 2005, the Center has been delivering services in the field of physical therapy and rehabilitation with its team of specialists. Now, people from all over the world can benefit from its knowledge and experience.<\/p><p><!-- \/wp:paragraph --><\/p>\t\t\t\t\t\t\t\t<\/div>\n\t\t\t\t<\/div>\n\t\t<div class=\"elementor-element elementor-element-6f87c45 e-con-full e-flex e-con e-child\" data-id=\"6f87c45\" data-element_type=\"container\" data-e-type=\"container\">\n\t\t\t\t<div class=\"elementor-element elementor-element-0e01060 elementor-widget elementor-widget-image\" data-id=\"0e01060\" data-element_type=\"widget\" data-e-type=\"widget\" data-widget_type=\"image.default\">\n\t\t\t\t\t\t\t\t\t\t\t\t\t\t\t<img fetchpriority=\"high\" decoding=\"async\" width=\"277\" height=\"182\" src=\"https:\/\/www.dsftr.com\/en\/wp-content\/uploads\/sites\/2\/2026\/02\/Health-Turkiye.png\" class=\"attachment-large size-large wp-image-270\" alt=\"\" \/>\t\t\t\t\t\t\t\t\t\t\t\t\t\t\t<\/div>\n\t\t\t\t<\/div>\n\t\t\t\t\t<\/div>\n\t\t\t\t<\/div>\n\t\t<div class=\"elementor-element elementor-element-641215c e-flex e-con-boxed e-con e-parent\" data-id=\"641215c\" data-element_type=\"container\" data-e-type=\"container\">\n\t\t\t\t\t<div class=\"e-con-inner\">\n\t\t\t\t<div class=\"elementor-element elementor-element-ee3e2bb elementor-widget elementor-widget-text-editor\" data-id=\"ee3e2bb\" data-element_type=\"widget\" data-e-type=\"widget\" data-widget_type=\"text-editor.default\">\n\t\t\t\t\t\t\t\t\t<p style=\"text-align: center;\"><a href=\"https:\/\/dosyamerkez.saglik.gov.tr\/Eklenti\/38312,bakanligimizcayetkilendirilmissagliktesislerison1pdf.pdf?0\" target=\"_blank\" rel=\"noreferrer noopener\">Click here to access healthcare facilities authorized by the Ministry of Health of the Republic of T\u00fcrkiye.<\/a><\/p><p style=\"text-align: center;\"><img decoding=\"async\" class=\"aligncenter wp-image-776\" src=\"https:\/\/www.dsftr.com\/wp-content\/uploads\/DSFTR-846x600.jpg\" alt=\"\" width=\"800\" height=\"568\" \/><\/p><p><!-- \/wp:paragraph --><\/p>\t\t\t\t\t\t\t\t<\/div>\n\t\t\t\t\t<\/div>\n\t\t\t\t<\/div>\n\t\t\t\t<\/div>\n\t\t","protected":false},"excerpt":{"rendered":"<p>Having received the International Health Tourism Authorization Certificate from the Ministry of Health of the Republic of T\u00fcrkiye in 2020, the Dar\u00fc\u015f\u015fafaka \u00d6mran and Yahya Hamuluo\u011flu Physical Therapy and Rehabilitation [&hellip;]<\/p>\n","protected":false},"author":1,"featured_media":0,"parent":0,"menu_order":0,"comment_status":"closed","ping_status":"closed","template":"page-fullwidth.php","meta":{"_monsterinsights_skip_tracking":false,"_monsterinsights_sitenote_active":false,"_monsterinsights_sitenote_note":"","_monsterinsights_sitenote_category":0,"footnotes":""},"class_list":["post-180","page","type-page","status-publish","hentry"],"yoast_head":"<!-- This site is optimized with the Yoast SEO plugin v27.3 - https:\/\/yoast.com\/product\/yoast-seo-wordpress\/ -->\n<title>International Patient Services - Dar\u00fc\u015f\u015fafaka Physical Therapy and Rehabilitation Center<\/title>\n<meta name=\"robots\" content=\"index, follow, max-snippet:-1, max-image-preview:large, max-video-preview:-1\" \/>\n<link rel=\"canonical\" href=\"https:\/\/www.dsftr.com\/en\/international-patient-services\/\" \/>\n<meta property=\"og:locale\" content=\"en_US\" \/>\n<meta property=\"og:type\" content=\"article\" \/>\n<meta property=\"og:title\" content=\"International Patient Services - Dar\u00fc\u015f\u015fafaka Physical Therapy and Rehabilitation Center\" \/>\n<meta property=\"og:description\" content=\"Having received the International Health Tourism Authorization Certificate from the Ministry of Health of the Republic of T\u00fcrkiye in 2020, the Dar\u00fc\u015f\u015fafaka \u00d6mran and Yahya Hamuluo\u011flu Physical Therapy and Rehabilitation [&hellip;]\" \/>\n<meta property=\"og:url\" content=\"https:\/\/www.dsftr.com\/en\/international-patient-services\/\" \/>\n<meta property=\"og:site_name\" content=\"Dar\u00fc\u015f\u015fafaka Physical Therapy and Rehabilitation Center\" \/>\n<meta property=\"article:modified_time\" content=\"2026-02-24T09:09:59+00:00\" \/>\n<meta property=\"og:image\" content=\"https:\/\/www.dsftr.com\/en\/wp-content\/uploads\/sites\/2\/2026\/02\/Health-Turkiye.png\" \/>\n<meta name=\"twitter:card\" content=\"summary_large_image\" \/>\n<script type=\"application\/ld+json\" class=\"yoast-schema-graph\">{\"@context\":\"https:\\\/\\\/schema.org\",\"@graph\":[{\"@type\":\"WebPage\",\"@id\":\"https:\\\/\\\/www.dsftr.com\\\/en\\\/international-patient-services\\\/\",\"url\":\"https:\\\/\\\/www.dsftr.com\\\/en\\\/international-patient-services\\\/\",\"name\":\"International Patient Services - Dar\u00fc\u015f\u015fafaka Physical Therapy and Rehabilitation Center\",\"isPartOf\":{\"@id\":\"https:\\\/\\\/www.dsftr.com\\\/en\\\/#website\"},\"primaryImageOfPage\":{\"@id\":\"https:\\\/\\\/www.dsftr.com\\\/en\\\/international-patient-services\\\/#primaryimage\"},\"image\":{\"@id\":\"https:\\\/\\\/www.dsftr.com\\\/en\\\/international-patient-services\\\/#primaryimage\"},\"thumbnailUrl\":\"https:\\\/\\\/www.dsftr.com\\\/en\\\/wp-content\\\/uploads\\\/sites\\\/2\\\/2026\\\/02\\\/Health-Turkiye.png\",\"datePublished\":\"2020-08-24T06:16:15+00:00\",\"dateModified\":\"2026-02-24T09:09:59+00:00\",\"breadcrumb\":{\"@id\":\"https:\\\/\\\/www.dsftr.com\\\/en\\\/international-patient-services\\\/#breadcrumb\"},\"inLanguage\":\"en-US\",\"potentialAction\":[{\"@type\":\"ReadAction\",\"target\":[\"https:\\\/\\\/www.dsftr.com\\\/en\\\/international-patient-services\\\/\"]}]},{\"@type\":\"ImageObject\",\"inLanguage\":\"en-US\",\"@id\":\"https:\\\/\\\/www.dsftr.com\\\/en\\\/international-patient-services\\\/#primaryimage\",\"url\":\"https:\\\/\\\/www.dsftr.com\\\/en\\\/wp-content\\\/uploads\\\/sites\\\/2\\\/2026\\\/02\\\/Health-Turkiye.png\",\"contentUrl\":\"https:\\\/\\\/www.dsftr.com\\\/en\\\/wp-content\\\/uploads\\\/sites\\\/2\\\/2026\\\/02\\\/Health-Turkiye.png\",\"width\":277,\"height\":182},{\"@type\":\"BreadcrumbList\",\"@id\":\"https:\\\/\\\/www.dsftr.com\\\/en\\\/international-patient-services\\\/#breadcrumb\",\"itemListElement\":[{\"@type\":\"ListItem\",\"position\":1,\"name\":\"Home\",\"item\":\"https:\\\/\\\/www.dsftr.com\\\/en\\\/\"},{\"@type\":\"ListItem\",\"position\":2,\"name\":\"International Patient Services\"}]},{\"@type\":\"WebSite\",\"@id\":\"https:\\\/\\\/www.dsftr.com\\\/en\\\/#website\",\"url\":\"https:\\\/\\\/www.dsftr.com\\\/en\\\/\",\"name\":\"Dar\u00fc\u015f\u015fafaka Physical Therapy and Rehabilitation Center\",\"description\":\"Life Changes with Mobility | Human First, Healthy Human\",\"potentialAction\":[{\"@type\":\"SearchAction\",\"target\":{\"@type\":\"EntryPoint\",\"urlTemplate\":\"https:\\\/\\\/www.dsftr.com\\\/en\\\/?s={search_term_string}\"},\"query-input\":{\"@type\":\"PropertyValueSpecification\",\"valueRequired\":true,\"valueName\":\"search_term_string\"}}],\"inLanguage\":\"en-US\"}]}<\/script>\n<!-- \/ Yoast SEO plugin. -->","yoast_head_json":{"title":"International Patient Services - Dar\u00fc\u015f\u015fafaka Physical Therapy and Rehabilitation Center","robots":{"index":"index","follow":"follow","max-snippet":"max-snippet:-1","max-image-preview":"max-image-preview:large","max-video-preview":"max-video-preview:-1"},"canonical":"https:\/\/www.dsftr.com\/en\/international-patient-services\/","og_locale":"en_US","og_type":"article","og_title":"International Patient Services - Dar\u00fc\u015f\u015fafaka Physical Therapy and Rehabilitation Center","og_description":"Having received the International Health Tourism Authorization Certificate from the Ministry of Health of the Republic of T\u00fcrkiye in 2020, the Dar\u00fc\u015f\u015fafaka \u00d6mran and Yahya Hamuluo\u011flu Physical Therapy and Rehabilitation [&hellip;]","og_url":"https:\/\/www.dsftr.com\/en\/international-patient-services\/","og_site_name":"Dar\u00fc\u015f\u015fafaka Physical Therapy and Rehabilitation Center","article_modified_time":"2026-02-24T09:09:59+00:00","og_image":[{"url":"https:\/\/www.dsftr.com\/en\/wp-content\/uploads\/sites\/2\/2026\/02\/Health-Turkiye.png","type":"","width":"","height":""}],"twitter_card":"summary_large_image","schema":{"@context":"https:\/\/schema.org","@graph":[{"@type":"WebPage","@id":"https:\/\/www.dsftr.com\/en\/international-patient-services\/","url":"https:\/\/www.dsftr.com\/en\/international-patient-services\/","name":"International Patient Services - Dar\u00fc\u015f\u015fafaka Physical Therapy and Rehabilitation Center","isPartOf":{"@id":"https:\/\/www.dsftr.com\/en\/#website"},"primaryImageOfPage":{"@id":"https:\/\/www.dsftr.com\/en\/international-patient-services\/#primaryimage"},"image":{"@id":"https:\/\/www.dsftr.com\/en\/international-patient-services\/#primaryimage"},"thumbnailUrl":"https:\/\/www.dsftr.com\/en\/wp-content\/uploads\/sites\/2\/2026\/02\/Health-Turkiye.png","datePublished":"2020-08-24T06:16:15+00:00","dateModified":"2026-02-24T09:09:59+00:00","breadcrumb":{"@id":"https:\/\/www.dsftr.com\/en\/international-patient-services\/#breadcrumb"},"inLanguage":"en-US","potentialAction":[{"@type":"ReadAction","target":["https:\/\/www.dsftr.com\/en\/international-patient-services\/"]}]},{"@type":"ImageObject","inLanguage":"en-US","@id":"https:\/\/www.dsftr.com\/en\/international-patient-services\/#primaryimage","url":"https:\/\/www.dsftr.com\/en\/wp-content\/uploads\/sites\/2\/2026\/02\/Health-Turkiye.png","contentUrl":"https:\/\/www.dsftr.com\/en\/wp-content\/uploads\/sites\/2\/2026\/02\/Health-Turkiye.png","width":277,"height":182},{"@type":"BreadcrumbList","@id":"https:\/\/www.dsftr.com\/en\/international-patient-services\/#breadcrumb","itemListElement":[{"@type":"ListItem","position":1,"name":"Home","item":"https:\/\/www.dsftr.com\/en\/"},{"@type":"ListItem","position":2,"name":"International Patient Services"}]},{"@type":"WebSite","@id":"https:\/\/www.dsftr.com\/en\/#website","url":"https:\/\/www.dsftr.com\/en\/","name":"Dar\u00fc\u015f\u015fafaka Physical Therapy and Rehabilitation Center","description":"Life Changes with Mobility | Human First, Healthy Human","potentialAction":[{"@type":"SearchAction","target":{"@type":"EntryPoint","urlTemplate":"https:\/\/www.dsftr.com\/en\/?s={search_term_string}"},"query-input":{"@type":"PropertyValueSpecification","valueRequired":true,"valueName":"search_term_string"}}],"inLanguage":"en-US"}]}},"_links":{"self":[{"href":"https:\/\/www.dsftr.com\/en\/wp-json\/wp\/v2\/pages\/180","targetHints":{"allow":["GET"]}}],"collection":[{"href":"https:\/\/www.dsftr.com\/en\/wp-json\/wp\/v2\/pages"}],"about":[{"href":"https:\/\/www.dsftr.com\/en\/wp-json\/wp\/v2\/types\/page"}],"author":[{"embeddable":true,"href":"https:\/\/www.dsftr.com\/en\/wp-json\/wp\/v2\/users\/1"}],"replies":[{"embeddable":true,"href":"https:\/\/www.dsftr.com\/en\/wp-json\/wp\/v2\/comments?post=180"}],"version-history":[{"count":4,"href":"https:\/\/www.dsftr.com\/en\/wp-json\/wp\/v2\/pages\/180\/revisions"}],"predecessor-version":[{"id":273,"href":"https:\/\/www.dsftr.com\/en\/wp-json\/wp\/v2\/pages\/180\/revisions\/273"}],"wp:attachment":[{"href":"https:\/\/www.dsftr.com\/en\/wp-json\/wp\/v2\/media?parent=180"}],"curies":[{"name":"wp","href":"https:\/\/api.w.org\/{rel}","templated":true}]}}