{"id":21,"date":"2020-05-07T11:07:29","date_gmt":"2020-05-07T08:07:29","guid":{"rendered":"http:\/\/www.dsftr.com\/en\/?page_id=21"},"modified":"2020-05-18T11:38:45","modified_gmt":"2020-05-18T08:38:45","slug":"about-darussafaka","status":"publish","type":"page","link":"https:\/\/www.dsftr.com\/en\/about-darussafaka\/","title":{"rendered":"About Dar\u00fc\u015f\u015fafaka"},"content":{"rendered":"\n<p>Equality of opportunity in education since 1863<\/p>\n\n\n\n<p>As the first non-governmental organization of Turkey in the field of education, Dar\u00fc\u015f\u015fafaka Society is continuing its services with its mission of \u201cequality of opportunity in education\u201d since 1863 till date.<\/p>\n\n\n\n<p><strong><\/strong>Lexically meaning \u201chome of compassion\u201d, Dar\u00fc\u015f\u015fafaka is now getting for safekeeping from their families the fatherless or motherless talented children with limited financial means when they are ten years old,and providing them with an education opportunity of international standards, and raising them as thinking, questioning, self-confident and leader individuals who are aware of their responsibilities towards the society.<\/p>\n\n\n\n<p><strong>Never-Ending Story<\/strong><\/p>\n\n\n\n<p>Today, around 1,000 students selected by an exam from the four corners of our country are offered a full scholarship, boarding, college education for a period of eight years from the 1<sup>st<\/sup> class of secondary school until graduation from high school in Dar\u00fc\u015f\u015fafaka Educational Institutions in Maslak\/Istanbul. And the Society is continuing to give scholarship support to its graduates winning the university exam.<\/p>\n\n\n\n<p><strong>Light kept on since the year 1863 with the support of the Enlightened Turkey lovers!<\/strong><\/p>\n\n\n\n<p>All opportunities provided to our children in Dar\u00fc\u015f\u015fafaka Educational Institutions are funded by donations of individuals and entities to the Society. With the supports of numerous persons and entities in love with the enlightened future of our country, such as Atat\u00fcrk\u2019s mother Z\u00fcbeyde Han\u0131m, sister Makbule Atadan and adopted daughter Nebile \u0130rdelp, Sait Faik Abas\u0131yan\u0131k, and T\u00fcrkiye \u0130\u015f Bank, the Society is providing our children with the right of \u201cequality of opportunity in education\u201d.<\/p>\n\n\n\n<p><strong>Lives Changing with Education<\/strong><\/p>\n\n\n\n<p>Mathematician Salih Zeki, pioneer of ultrasonography Prof. Dr. Adnan Sokullu, artist Mahmut C\u00fbda, Muhittin Sebati, a milestone in the Turkish literature Ahmet Rasim, the first child psychiatrist of Turkey Prof. Dr. R\u0131dvan Cebiro\u011flu, mathematician Mehmet \u0130zzet, literary critic Berna Moran, composer Kaz\u0131m Uz, a man of letters \u0130smail Safa, the first urban historian of the Republican history and an important name in the Turkish municipalism Osman Nuri Ergin, theatre player and actor \u0130hsan Devrim, Undersecretary to Prime Ministry and Secretary General of Presidency Necdet Se\u00e7kin\u00f6z, civil engineer and a leading name in the world of education Fettah Ayta\u00e7, actor and director Tolga A\u015fk\u0131ner, caricaturist Tekin Aral, musician Re\u015fat Aysu, basketball player, coach and journalist Yal\u00e7\u0131n Granit and many more&#8230; All have lost their fathers in a small age, and their financial means did not allow them even to go to school, let alone receiving a decent education. And they had the chance to receive education with compassion in Dar\u00fc\u015f\u015fafaka thanks to the donations collected from philanthropists by the Society defending that each child has the right to receive a good education, and then they stepped in a new world with the education they received, and changed the fate of not only themselves, but also their families, and marked the future of their country through key jobs assumed. This is the motive underlying the services offered by Dar\u00fc\u015f\u015fafaka Society since 1863!<\/p>\n\n\n\n<p><strong>From the training of Grand Bazaar shopkeepers to the cutting edge level in education of its era\u2026<\/strong><\/p>\n\n\n\n<p>Founded by an edict of the Sultan on 30 March 1863 by Gazi Ahmet Muhtar Pasha, Vidinli Tevfik Pasha, Sak\u0131zl\u0131 Ahmet Esat Pasha and Ali N\u00e2ki Efendi under the leadership of Yusuf Ziya Pasha, a leading mathematician, soldier and statesman of that era, the original objective of the Society was to fund the training of young shopkeepers of the Grand Bazaar. Having the old Valide School in Beyaz\u0131t repaired, the Society induced a plenty of intellectuals of the era, also including Nam\u0131k Kemal (Homeland Poet), to serve as volunteer teachers in the new school. And in 1868, in the Ottoman State wherein only old barracks or mansions were being used as school buildings till that time, the Society started to construct the first original school building of the history of Turkey. The school building designed by the Italian architect Barironi and planned by Ohannes Kalfa, the chief architect of Dolmabah\u00e7e Palace, was built on a land in Fatih, Istanbul purchased by money donated by Sultan Abd\u00fclaziz. The school building, equipped by means above and beyond the times and fit for education of girl and boy students under the same roof, opened its doors as a special status free boarding school with the name \u201cDar\u00fc\u015f\u015fafakat\u2019\u00fcl \u0130slamiye\u201d on 29 June 1873. Since that time, the Society is continuously striving hard for creating financial sources for education of students of Dar\u00fc\u015f\u015fafaka.<\/p>\n\n\n\n<p><strong>Never cast a shadow on trust of its donators throughout its history\u2026<\/strong><\/p>\n\n\n\n<p>As of the ends of the 1800s, the number of schools giving education in Western style in our country was so little that it could be counted on the fingers of one hand. And the basic difference separating Dar\u00fc\u015f\u015fafaka, as one of them, from other schools of this kind was its adopting the \u201cequality of opportunity in education\u201d mission since the very first day. While its equivalents accepted only children of wealthy families for education, the Society provided top quality education opportunity only to fatherless children of families with inadequate financial means. Even though the contents, names or venues of its education programs are from time to time renewed according to the then-available requirements and needs, the Society, never making a concession from its original mission, is still continuing to change lives through education opportunities.<\/p>\n\n\n\n<p><strong>Goal: To change lives of more children through education<\/strong><\/p>\n\n\n\n<p>In broad terms, Dar\u00fc\u015f\u015fafaka Family is composed of Dar\u00fc\u015f\u015fafaka Society and Dar\u00fc\u015f\u015fafaka Educational Institutions, Dar\u00fc\u015f\u015fafaka Residences (Yakac\u0131k, Maltepe, \u015eenesenevler and Urla), Maltepe Special Care Unit, and \u00d6mran ve Yahya Hamuluo\u011flu Physical Therapy and Rehabilitation Centre affiliated to Dar\u00fc\u015f\u015fafaka Society. Joint goal of all of these organizations is to provide a greater number of children with top quality education opportunity with contributions of the supporting persons and entities. The Society is still funded by real estate donations and contributions in cash and in kind received from persons or entities, just like it was when it was founded.<\/p>\n\n\n\n<p>Not ever permitting anything which may cast a shadow on trust and wish of its donators throughout its history, the Society is still continuing its existence as an institution supported and contributed in full confidence by those who believe that an enlightened Turkey can be built only by education. And with the courage given by this support, the Society is taking steps so as to reach a greater number of children.<\/p>\n","protected":false},"excerpt":{"rendered":"<p>Equality of opportunity in education since 1863 As the first non-governmental organization of Turkey in the field of education, Dar\u00fc\u015f\u015fafaka Society is continuing its services with its mission of \u201cequality [&hellip;]<\/p>\n","protected":false},"author":1,"featured_media":22,"parent":0,"menu_order":0,"comment_status":"closed","ping_status":"closed","template":"page-fullwidth.php","meta":{"_monsterinsights_skip_tracking":false,"_monsterinsights_sitenote_active":false,"_monsterinsights_sitenote_note":"","_monsterinsights_sitenote_category":0,"footnotes":""},"class_list":["post-21","page","type-page","status-publish","has-post-thumbnail","hentry"],"yoast_head":"<!-- This site is optimized with the Yoast SEO plugin v27.3 - https:\/\/yoast.com\/product\/yoast-seo-wordpress\/ -->\n<title>About Dar\u00fc\u015f\u015fafaka - Dar\u00fc\u015f\u015fafaka Physical Therapy and Rehabilitation Center<\/title>\n<meta name=\"robots\" content=\"index, follow, max-snippet:-1, max-image-preview:large, max-video-preview:-1\" \/>\n<link rel=\"canonical\" href=\"https:\/\/www.dsftr.com\/en\/about-darussafaka\/\" \/>\n<meta property=\"og:locale\" content=\"en_US\" \/>\n<meta property=\"og:type\" content=\"article\" \/>\n<meta property=\"og:title\" content=\"About Dar\u00fc\u015f\u015fafaka - Dar\u00fc\u015f\u015fafaka Physical Therapy and Rehabilitation Center\" \/>\n<meta property=\"og:description\" content=\"Equality of opportunity in education since 1863 As the first non-governmental organization of Turkey in the field of education, Dar\u00fc\u015f\u015fafaka Society is continuing its services with its mission of \u201cequality [&hellip;]\" \/>\n<meta property=\"og:url\" content=\"https:\/\/www.dsftr.com\/en\/about-darussafaka\/\" \/>\n<meta property=\"og:site_name\" content=\"Dar\u00fc\u015f\u015fafaka Physical Therapy and Rehabilitation Center\" \/>\n<meta property=\"article:modified_time\" content=\"2020-05-18T08:38:45+00:00\" \/>\n<meta property=\"og:image\" content=\"https:\/\/www.dsftr.com\/en\/wp-content\/uploads\/sites\/2\/2020\/05\/hero-banner-3-1.jpg\" \/>\n\t<meta property=\"og:image:width\" content=\"1600\" \/>\n\t<meta property=\"og:image:height\" content=\"450\" \/>\n\t<meta property=\"og:image:type\" content=\"image\/jpeg\" \/>\n<meta name=\"twitter:card\" content=\"summary_large_image\" \/>\n<meta name=\"twitter:label1\" content=\"Est. reading time\" \/>\n\t<meta name=\"twitter:data1\" content=\"5 minutes\" \/>\n<script type=\"application\/ld+json\" class=\"yoast-schema-graph\">{\"@context\":\"https:\\\/\\\/schema.org\",\"@graph\":[{\"@type\":\"WebPage\",\"@id\":\"https:\\\/\\\/www.dsftr.com\\\/en\\\/about-darussafaka\\\/\",\"url\":\"https:\\\/\\\/www.dsftr.com\\\/en\\\/about-darussafaka\\\/\",\"name\":\"About Dar\u00fc\u015f\u015fafaka - Dar\u00fc\u015f\u015fafaka Physical Therapy and Rehabilitation Center\",\"isPartOf\":{\"@id\":\"https:\\\/\\\/www.dsftr.com\\\/en\\\/#website\"},\"primaryImageOfPage\":{\"@id\":\"https:\\\/\\\/www.dsftr.com\\\/en\\\/about-darussafaka\\\/#primaryimage\"},\"image\":{\"@id\":\"https:\\\/\\\/www.dsftr.com\\\/en\\\/about-darussafaka\\\/#primaryimage\"},\"thumbnailUrl\":\"https:\\\/\\\/www.dsftr.com\\\/en\\\/wp-content\\\/uploads\\\/sites\\\/2\\\/2020\\\/05\\\/hero-banner-3-1.jpg\",\"datePublished\":\"2020-05-07T08:07:29+00:00\",\"dateModified\":\"2020-05-18T08:38:45+00:00\",\"breadcrumb\":{\"@id\":\"https:\\\/\\\/www.dsftr.com\\\/en\\\/about-darussafaka\\\/#breadcrumb\"},\"inLanguage\":\"en-US\",\"potentialAction\":[{\"@type\":\"ReadAction\",\"target\":[\"https:\\\/\\\/www.dsftr.com\\\/en\\\/about-darussafaka\\\/\"]}]},{\"@type\":\"ImageObject\",\"inLanguage\":\"en-US\",\"@id\":\"https:\\\/\\\/www.dsftr.com\\\/en\\\/about-darussafaka\\\/#primaryimage\",\"url\":\"https:\\\/\\\/www.dsftr.com\\\/en\\\/wp-content\\\/uploads\\\/sites\\\/2\\\/2020\\\/05\\\/hero-banner-3-1.jpg\",\"contentUrl\":\"https:\\\/\\\/www.dsftr.com\\\/en\\\/wp-content\\\/uploads\\\/sites\\\/2\\\/2020\\\/05\\\/hero-banner-3-1.jpg\",\"width\":1600,\"height\":450},{\"@type\":\"BreadcrumbList\",\"@id\":\"https:\\\/\\\/www.dsftr.com\\\/en\\\/about-darussafaka\\\/#breadcrumb\",\"itemListElement\":[{\"@type\":\"ListItem\",\"position\":1,\"name\":\"Home\",\"item\":\"https:\\\/\\\/www.dsftr.com\\\/en\\\/\"},{\"@type\":\"ListItem\",\"position\":2,\"name\":\"About Dar\u00fc\u015f\u015fafaka\"}]},{\"@type\":\"WebSite\",\"@id\":\"https:\\\/\\\/www.dsftr.com\\\/en\\\/#website\",\"url\":\"https:\\\/\\\/www.dsftr.com\\\/en\\\/\",\"name\":\"Dar\u00fc\u015f\u015fafaka Physical Therapy and Rehabilitation Center\",\"description\":\"Life Changes with Mobility | Human First, Healthy Human\",\"potentialAction\":[{\"@type\":\"SearchAction\",\"target\":{\"@type\":\"EntryPoint\",\"urlTemplate\":\"https:\\\/\\\/www.dsftr.com\\\/en\\\/?s={search_term_string}\"},\"query-input\":{\"@type\":\"PropertyValueSpecification\",\"valueRequired\":true,\"valueName\":\"search_term_string\"}}],\"inLanguage\":\"en-US\"}]}<\/script>\n<!-- \/ Yoast SEO plugin. -->","yoast_head_json":{"title":"About Dar\u00fc\u015f\u015fafaka - Dar\u00fc\u015f\u015fafaka Physical Therapy and Rehabilitation Center","robots":{"index":"index","follow":"follow","max-snippet":"max-snippet:-1","max-image-preview":"max-image-preview:large","max-video-preview":"max-video-preview:-1"},"canonical":"https:\/\/www.dsftr.com\/en\/about-darussafaka\/","og_locale":"en_US","og_type":"article","og_title":"About Dar\u00fc\u015f\u015fafaka - Dar\u00fc\u015f\u015fafaka Physical Therapy and Rehabilitation Center","og_description":"Equality of opportunity in education since 1863 As the first non-governmental organization of Turkey in the field of education, Dar\u00fc\u015f\u015fafaka Society is continuing its services with its mission of \u201cequality [&hellip;]","og_url":"https:\/\/www.dsftr.com\/en\/about-darussafaka\/","og_site_name":"Dar\u00fc\u015f\u015fafaka Physical Therapy and Rehabilitation Center","article_modified_time":"2020-05-18T08:38:45+00:00","og_image":[{"width":1600,"height":450,"url":"https:\/\/www.dsftr.com\/en\/wp-content\/uploads\/sites\/2\/2020\/05\/hero-banner-3-1.jpg","type":"image\/jpeg"}],"twitter_card":"summary_large_image","twitter_misc":{"Est. reading time":"5 minutes"},"schema":{"@context":"https:\/\/schema.org","@graph":[{"@type":"WebPage","@id":"https:\/\/www.dsftr.com\/en\/about-darussafaka\/","url":"https:\/\/www.dsftr.com\/en\/about-darussafaka\/","name":"About Dar\u00fc\u015f\u015fafaka - Dar\u00fc\u015f\u015fafaka Physical Therapy and Rehabilitation Center","isPartOf":{"@id":"https:\/\/www.dsftr.com\/en\/#website"},"primaryImageOfPage":{"@id":"https:\/\/www.dsftr.com\/en\/about-darussafaka\/#primaryimage"},"image":{"@id":"https:\/\/www.dsftr.com\/en\/about-darussafaka\/#primaryimage"},"thumbnailUrl":"https:\/\/www.dsftr.com\/en\/wp-content\/uploads\/sites\/2\/2020\/05\/hero-banner-3-1.jpg","datePublished":"2020-05-07T08:07:29+00:00","dateModified":"2020-05-18T08:38:45+00:00","breadcrumb":{"@id":"https:\/\/www.dsftr.com\/en\/about-darussafaka\/#breadcrumb"},"inLanguage":"en-US","potentialAction":[{"@type":"ReadAction","target":["https:\/\/www.dsftr.com\/en\/about-darussafaka\/"]}]},{"@type":"ImageObject","inLanguage":"en-US","@id":"https:\/\/www.dsftr.com\/en\/about-darussafaka\/#primaryimage","url":"https:\/\/www.dsftr.com\/en\/wp-content\/uploads\/sites\/2\/2020\/05\/hero-banner-3-1.jpg","contentUrl":"https:\/\/www.dsftr.com\/en\/wp-content\/uploads\/sites\/2\/2020\/05\/hero-banner-3-1.jpg","width":1600,"height":450},{"@type":"BreadcrumbList","@id":"https:\/\/www.dsftr.com\/en\/about-darussafaka\/#breadcrumb","itemListElement":[{"@type":"ListItem","position":1,"name":"Home","item":"https:\/\/www.dsftr.com\/en\/"},{"@type":"ListItem","position":2,"name":"About Dar\u00fc\u015f\u015fafaka"}]},{"@type":"WebSite","@id":"https:\/\/www.dsftr.com\/en\/#website","url":"https:\/\/www.dsftr.com\/en\/","name":"Dar\u00fc\u015f\u015fafaka Physical Therapy and Rehabilitation Center","description":"Life Changes with Mobility | Human First, Healthy Human","potentialAction":[{"@type":"SearchAction","target":{"@type":"EntryPoint","urlTemplate":"https:\/\/www.dsftr.com\/en\/?s={search_term_string}"},"query-input":{"@type":"PropertyValueSpecification","valueRequired":true,"valueName":"search_term_string"}}],"inLanguage":"en-US"}]}},"_links":{"self":[{"href":"https:\/\/www.dsftr.com\/en\/wp-json\/wp\/v2\/pages\/21","targetHints":{"allow":["GET"]}}],"collection":[{"href":"https:\/\/www.dsftr.com\/en\/wp-json\/wp\/v2\/pages"}],"about":[{"href":"https:\/\/www.dsftr.com\/en\/wp-json\/wp\/v2\/types\/page"}],"author":[{"embeddable":true,"href":"https:\/\/www.dsftr.com\/en\/wp-json\/wp\/v2\/users\/1"}],"replies":[{"embeddable":true,"href":"https:\/\/www.dsftr.com\/en\/wp-json\/wp\/v2\/comments?post=21"}],"version-history":[{"count":2,"href":"https:\/\/www.dsftr.com\/en\/wp-json\/wp\/v2\/pages\/21\/revisions"}],"predecessor-version":[{"id":178,"href":"https:\/\/www.dsftr.com\/en\/wp-json\/wp\/v2\/pages\/21\/revisions\/178"}],"wp:featuredmedia":[{"embeddable":true,"href":"https:\/\/www.dsftr.com\/en\/wp-json\/wp\/v2\/media\/22"}],"wp:attachment":[{"href":"https:\/\/www.dsftr.com\/en\/wp-json\/wp\/v2\/media?parent=21"}],"curies":[{"name":"wp","href":"https:\/\/api.w.org\/{rel}","templated":true}]}}