{"id":41,"date":"2020-05-07T12:16:30","date_gmt":"2020-05-07T09:16:30","guid":{"rendered":"http:\/\/www.dsftr.com\/en\/?page_id=41"},"modified":"2020-05-07T12:16:30","modified_gmt":"2020-05-07T09:16:30","slug":"pulmonary-rehabilitation","status":"publish","type":"page","link":"https:\/\/www.dsftr.com\/en\/pulmonary-rehabilitation\/","title":{"rendered":"Pulmonary Rehabilitation"},"content":{"rendered":"\n<p>Pulmonary rehabilitation is a method of therapy aiming to assure easier respiration of the patient by cleaning airways and strengthening respiratory muscles in such respiratory system diseases as COPD, cystic fibrosis and asthma, and infections, postoperative long-term immobilization, and respiratory problems associated with neurological diseases. The therapeutic applications aim to eliminate such negative effects as fatigue, exhaustion or getting quickly tired as observed in patients.<\/p>\n\n\n\n<p>Pulmonary rehabilitation employs such methods as manual manoeuvres aiming at removal of secretians, and lexercises assuring good ventilation of each part of lungs, and non-invasive applications, exercises and coughing training conducted with the help of auxiliary devices or machinery.<\/p>\n","protected":false},"excerpt":{"rendered":"<p>Pulmonary rehabilitation is a method of therapy aiming to assure easier respiration of the patient by cleaning airways and strengthening respiratory muscles in such respiratory system diseases as COPD, cystic [&hellip;]<\/p>\n","protected":false},"author":1,"featured_media":0,"parent":0,"menu_order":0,"comment_status":"closed","ping_status":"closed","template":"page-fullwidth.php","meta":{"_monsterinsights_skip_tracking":false,"_monsterinsights_sitenote_active":false,"_monsterinsights_sitenote_note":"","_monsterinsights_sitenote_category":0,"footnotes":""},"class_list":["post-41","page","type-page","status-publish","hentry"],"yoast_head":"<!-- This site is optimized with the Yoast SEO plugin v27.3 - https:\/\/yoast.com\/product\/yoast-seo-wordpress\/ -->\n<title>Pulmonary Rehabilitation - Dar\u00fc\u015f\u015fafaka Physical Therapy and Rehabilitation Center<\/title>\n<meta name=\"robots\" content=\"index, follow, max-snippet:-1, max-image-preview:large, max-video-preview:-1\" \/>\n<link rel=\"canonical\" href=\"https:\/\/www.dsftr.com\/en\/pulmonary-rehabilitation\/\" \/>\n<meta property=\"og:locale\" content=\"en_US\" \/>\n<meta property=\"og:type\" content=\"article\" \/>\n<meta property=\"og:title\" content=\"Pulmonary Rehabilitation - Dar\u00fc\u015f\u015fafaka Physical Therapy and Rehabilitation Center\" \/>\n<meta property=\"og:description\" content=\"Pulmonary rehabilitation is a method of therapy aiming to assure easier respiration of the patient by cleaning airways and strengthening respiratory muscles in such respiratory system diseases as COPD, cystic [&hellip;]\" \/>\n<meta property=\"og:url\" content=\"https:\/\/www.dsftr.com\/en\/pulmonary-rehabilitation\/\" \/>\n<meta property=\"og:site_name\" content=\"Dar\u00fc\u015f\u015fafaka Physical Therapy and Rehabilitation Center\" \/>\n<meta name=\"twitter:card\" content=\"summary_large_image\" \/>\n<meta name=\"twitter:label1\" content=\"Est. reading time\" \/>\n\t<meta name=\"twitter:data1\" content=\"1 minute\" \/>\n<script type=\"application\/ld+json\" class=\"yoast-schema-graph\">{\"@context\":\"https:\\\/\\\/schema.org\",\"@graph\":[{\"@type\":\"WebPage\",\"@id\":\"https:\\\/\\\/www.dsftr.com\\\/en\\\/pulmonary-rehabilitation\\\/\",\"url\":\"https:\\\/\\\/www.dsftr.com\\\/en\\\/pulmonary-rehabilitation\\\/\",\"name\":\"Pulmonary Rehabilitation - Dar\u00fc\u015f\u015fafaka Physical Therapy and Rehabilitation Center\",\"isPartOf\":{\"@id\":\"https:\\\/\\\/www.dsftr.com\\\/en\\\/#website\"},\"datePublished\":\"2020-05-07T09:16:30+00:00\",\"breadcrumb\":{\"@id\":\"https:\\\/\\\/www.dsftr.com\\\/en\\\/pulmonary-rehabilitation\\\/#breadcrumb\"},\"inLanguage\":\"en-US\",\"potentialAction\":[{\"@type\":\"ReadAction\",\"target\":[\"https:\\\/\\\/www.dsftr.com\\\/en\\\/pulmonary-rehabilitation\\\/\"]}]},{\"@type\":\"BreadcrumbList\",\"@id\":\"https:\\\/\\\/www.dsftr.com\\\/en\\\/pulmonary-rehabilitation\\\/#breadcrumb\",\"itemListElement\":[{\"@type\":\"ListItem\",\"position\":1,\"name\":\"Home\",\"item\":\"https:\\\/\\\/www.dsftr.com\\\/en\\\/\"},{\"@type\":\"ListItem\",\"position\":2,\"name\":\"Pulmonary Rehabilitation\"}]},{\"@type\":\"WebSite\",\"@id\":\"https:\\\/\\\/www.dsftr.com\\\/en\\\/#website\",\"url\":\"https:\\\/\\\/www.dsftr.com\\\/en\\\/\",\"name\":\"Dar\u00fc\u015f\u015fafaka Physical Therapy and Rehabilitation Center\",\"description\":\"Life Changes with Mobility | Human First, Healthy Human\",\"potentialAction\":[{\"@type\":\"SearchAction\",\"target\":{\"@type\":\"EntryPoint\",\"urlTemplate\":\"https:\\\/\\\/www.dsftr.com\\\/en\\\/?s={search_term_string}\"},\"query-input\":{\"@type\":\"PropertyValueSpecification\",\"valueRequired\":true,\"valueName\":\"search_term_string\"}}],\"inLanguage\":\"en-US\"}]}<\/script>\n<!-- \/ Yoast SEO plugin. -->","yoast_head_json":{"title":"Pulmonary Rehabilitation - Dar\u00fc\u015f\u015fafaka Physical Therapy and Rehabilitation Center","robots":{"index":"index","follow":"follow","max-snippet":"max-snippet:-1","max-image-preview":"max-image-preview:large","max-video-preview":"max-video-preview:-1"},"canonical":"https:\/\/www.dsftr.com\/en\/pulmonary-rehabilitation\/","og_locale":"en_US","og_type":"article","og_title":"Pulmonary Rehabilitation - Dar\u00fc\u015f\u015fafaka Physical Therapy and Rehabilitation Center","og_description":"Pulmonary rehabilitation is a method of therapy aiming to assure easier respiration of the patient by cleaning airways and strengthening respiratory muscles in such respiratory system diseases as COPD, cystic [&hellip;]","og_url":"https:\/\/www.dsftr.com\/en\/pulmonary-rehabilitation\/","og_site_name":"Dar\u00fc\u015f\u015fafaka Physical Therapy and Rehabilitation Center","twitter_card":"summary_large_image","twitter_misc":{"Est. reading time":"1 minute"},"schema":{"@context":"https:\/\/schema.org","@graph":[{"@type":"WebPage","@id":"https:\/\/www.dsftr.com\/en\/pulmonary-rehabilitation\/","url":"https:\/\/www.dsftr.com\/en\/pulmonary-rehabilitation\/","name":"Pulmonary Rehabilitation - Dar\u00fc\u015f\u015fafaka Physical Therapy and Rehabilitation Center","isPartOf":{"@id":"https:\/\/www.dsftr.com\/en\/#website"},"datePublished":"2020-05-07T09:16:30+00:00","breadcrumb":{"@id":"https:\/\/www.dsftr.com\/en\/pulmonary-rehabilitation\/#breadcrumb"},"inLanguage":"en-US","potentialAction":[{"@type":"ReadAction","target":["https:\/\/www.dsftr.com\/en\/pulmonary-rehabilitation\/"]}]},{"@type":"BreadcrumbList","@id":"https:\/\/www.dsftr.com\/en\/pulmonary-rehabilitation\/#breadcrumb","itemListElement":[{"@type":"ListItem","position":1,"name":"Home","item":"https:\/\/www.dsftr.com\/en\/"},{"@type":"ListItem","position":2,"name":"Pulmonary Rehabilitation"}]},{"@type":"WebSite","@id":"https:\/\/www.dsftr.com\/en\/#website","url":"https:\/\/www.dsftr.com\/en\/","name":"Dar\u00fc\u015f\u015fafaka Physical Therapy and Rehabilitation Center","description":"Life Changes with Mobility | Human First, Healthy Human","potentialAction":[{"@type":"SearchAction","target":{"@type":"EntryPoint","urlTemplate":"https:\/\/www.dsftr.com\/en\/?s={search_term_string}"},"query-input":{"@type":"PropertyValueSpecification","valueRequired":true,"valueName":"search_term_string"}}],"inLanguage":"en-US"}]}},"_links":{"self":[{"href":"https:\/\/www.dsftr.com\/en\/wp-json\/wp\/v2\/pages\/41","targetHints":{"allow":["GET"]}}],"collection":[{"href":"https:\/\/www.dsftr.com\/en\/wp-json\/wp\/v2\/pages"}],"about":[{"href":"https:\/\/www.dsftr.com\/en\/wp-json\/wp\/v2\/types\/page"}],"author":[{"embeddable":true,"href":"https:\/\/www.dsftr.com\/en\/wp-json\/wp\/v2\/users\/1"}],"replies":[{"embeddable":true,"href":"https:\/\/www.dsftr.com\/en\/wp-json\/wp\/v2\/comments?post=41"}],"version-history":[{"count":1,"href":"https:\/\/www.dsftr.com\/en\/wp-json\/wp\/v2\/pages\/41\/revisions"}],"predecessor-version":[{"id":43,"href":"https:\/\/www.dsftr.com\/en\/wp-json\/wp\/v2\/pages\/41\/revisions\/43"}],"wp:attachment":[{"href":"https:\/\/www.dsftr.com\/en\/wp-json\/wp\/v2\/media?parent=41"}],"curies":[{"name":"wp","href":"https:\/\/api.w.org\/{rel}","templated":true}]}}