{"id":56,"date":"2020-05-07T12:20:07","date_gmt":"2020-05-07T09:20:07","guid":{"rendered":"http:\/\/www.dsftr.com\/en\/?page_id=56"},"modified":"2020-05-07T12:20:07","modified_gmt":"2020-05-07T09:20:07","slug":"falls-prevention-program","status":"publish","type":"page","link":"https:\/\/www.dsftr.com\/en\/falls-prevention-program\/","title":{"rendered":"Falls Prevention Program"},"content":{"rendered":"\n<p>Falling is an important health problem in the first ranks among the causes of injury and death of elderly individuals. In elderly adults, falls may result in severe injuries and wounds increasing the death risk by up to 30%. There are many individuals, especially elderly individuals, having fall and balance problems due to such disorders as neurologic diseases, vision problems, muscle weaknesses, depression, etc.<\/p>\n\n\n\n<p>The studies clearly demonstrate that the improvement of such physical parameters as muscular force, elasticity, deep and superficial sensory parameters, base sense, agility and endurance decreases the balance and fall disorders, irrespective of the age of individuals.<\/p>\n\n\n\n<p>In our center, exercise programs aimed at preventing the balance disorders and fall injuries are applied one-to-one by specialized physiotherapists, thus increasing the level of independence and the performance of individuals in daily life.<\/p>\n\n\n\n<p>Dual Task exercises, exercises on balance platform, and strength practices are a few of the methods applied in the Falls Prevention Program process.<\/p>\n","protected":false},"excerpt":{"rendered":"<p>Falling is an important health problem in the first ranks among the causes of injury and death of elderly individuals. In elderly adults, falls may result in severe injuries and [&hellip;]<\/p>\n","protected":false},"author":1,"featured_media":0,"parent":0,"menu_order":0,"comment_status":"closed","ping_status":"closed","template":"page-fullwidth.php","meta":{"_monsterinsights_skip_tracking":false,"_monsterinsights_sitenote_active":false,"_monsterinsights_sitenote_note":"","_monsterinsights_sitenote_category":0,"footnotes":""},"class_list":["post-56","page","type-page","status-publish","hentry"],"yoast_head":"<!-- This site is optimized with the Yoast SEO plugin v27.3 - https:\/\/yoast.com\/product\/yoast-seo-wordpress\/ -->\n<title>Falls Prevention Program - Dar\u00fc\u015f\u015fafaka Physical Therapy and Rehabilitation Center<\/title>\n<meta name=\"robots\" content=\"index, follow, max-snippet:-1, max-image-preview:large, max-video-preview:-1\" \/>\n<link rel=\"canonical\" href=\"https:\/\/www.dsftr.com\/en\/falls-prevention-program\/\" \/>\n<meta property=\"og:locale\" content=\"en_US\" \/>\n<meta property=\"og:type\" content=\"article\" \/>\n<meta property=\"og:title\" content=\"Falls Prevention Program - Dar\u00fc\u015f\u015fafaka Physical Therapy and Rehabilitation Center\" \/>\n<meta property=\"og:description\" content=\"Falling is an important health problem in the first ranks among the causes of injury and death of elderly individuals. In elderly adults, falls may result in severe injuries and [&hellip;]\" \/>\n<meta property=\"og:url\" content=\"https:\/\/www.dsftr.com\/en\/falls-prevention-program\/\" \/>\n<meta property=\"og:site_name\" content=\"Dar\u00fc\u015f\u015fafaka Physical Therapy and Rehabilitation Center\" \/>\n<meta name=\"twitter:card\" content=\"summary_large_image\" \/>\n<meta name=\"twitter:label1\" content=\"Est. reading time\" \/>\n\t<meta name=\"twitter:data1\" content=\"1 minute\" \/>\n<script type=\"application\/ld+json\" class=\"yoast-schema-graph\">{\"@context\":\"https:\\\/\\\/schema.org\",\"@graph\":[{\"@type\":\"WebPage\",\"@id\":\"https:\\\/\\\/www.dsftr.com\\\/en\\\/falls-prevention-program\\\/\",\"url\":\"https:\\\/\\\/www.dsftr.com\\\/en\\\/falls-prevention-program\\\/\",\"name\":\"Falls Prevention Program - Dar\u00fc\u015f\u015fafaka Physical Therapy and Rehabilitation Center\",\"isPartOf\":{\"@id\":\"https:\\\/\\\/www.dsftr.com\\\/en\\\/#website\"},\"datePublished\":\"2020-05-07T09:20:07+00:00\",\"breadcrumb\":{\"@id\":\"https:\\\/\\\/www.dsftr.com\\\/en\\\/falls-prevention-program\\\/#breadcrumb\"},\"inLanguage\":\"en-US\",\"potentialAction\":[{\"@type\":\"ReadAction\",\"target\":[\"https:\\\/\\\/www.dsftr.com\\\/en\\\/falls-prevention-program\\\/\"]}]},{\"@type\":\"BreadcrumbList\",\"@id\":\"https:\\\/\\\/www.dsftr.com\\\/en\\\/falls-prevention-program\\\/#breadcrumb\",\"itemListElement\":[{\"@type\":\"ListItem\",\"position\":1,\"name\":\"Home\",\"item\":\"https:\\\/\\\/www.dsftr.com\\\/en\\\/\"},{\"@type\":\"ListItem\",\"position\":2,\"name\":\"Falls Prevention Program\"}]},{\"@type\":\"WebSite\",\"@id\":\"https:\\\/\\\/www.dsftr.com\\\/en\\\/#website\",\"url\":\"https:\\\/\\\/www.dsftr.com\\\/en\\\/\",\"name\":\"Dar\u00fc\u015f\u015fafaka Physical Therapy and Rehabilitation Center\",\"description\":\"Life Changes with Mobility | Human First, Healthy Human\",\"potentialAction\":[{\"@type\":\"SearchAction\",\"target\":{\"@type\":\"EntryPoint\",\"urlTemplate\":\"https:\\\/\\\/www.dsftr.com\\\/en\\\/?s={search_term_string}\"},\"query-input\":{\"@type\":\"PropertyValueSpecification\",\"valueRequired\":true,\"valueName\":\"search_term_string\"}}],\"inLanguage\":\"en-US\"}]}<\/script>\n<!-- \/ Yoast SEO plugin. -->","yoast_head_json":{"title":"Falls Prevention Program - Dar\u00fc\u015f\u015fafaka Physical Therapy and Rehabilitation Center","robots":{"index":"index","follow":"follow","max-snippet":"max-snippet:-1","max-image-preview":"max-image-preview:large","max-video-preview":"max-video-preview:-1"},"canonical":"https:\/\/www.dsftr.com\/en\/falls-prevention-program\/","og_locale":"en_US","og_type":"article","og_title":"Falls Prevention Program - Dar\u00fc\u015f\u015fafaka Physical Therapy and Rehabilitation Center","og_description":"Falling is an important health problem in the first ranks among the causes of injury and death of elderly individuals. In elderly adults, falls may result in severe injuries and [&hellip;]","og_url":"https:\/\/www.dsftr.com\/en\/falls-prevention-program\/","og_site_name":"Dar\u00fc\u015f\u015fafaka Physical Therapy and Rehabilitation Center","twitter_card":"summary_large_image","twitter_misc":{"Est. reading time":"1 minute"},"schema":{"@context":"https:\/\/schema.org","@graph":[{"@type":"WebPage","@id":"https:\/\/www.dsftr.com\/en\/falls-prevention-program\/","url":"https:\/\/www.dsftr.com\/en\/falls-prevention-program\/","name":"Falls Prevention Program - Dar\u00fc\u015f\u015fafaka Physical Therapy and Rehabilitation Center","isPartOf":{"@id":"https:\/\/www.dsftr.com\/en\/#website"},"datePublished":"2020-05-07T09:20:07+00:00","breadcrumb":{"@id":"https:\/\/www.dsftr.com\/en\/falls-prevention-program\/#breadcrumb"},"inLanguage":"en-US","potentialAction":[{"@type":"ReadAction","target":["https:\/\/www.dsftr.com\/en\/falls-prevention-program\/"]}]},{"@type":"BreadcrumbList","@id":"https:\/\/www.dsftr.com\/en\/falls-prevention-program\/#breadcrumb","itemListElement":[{"@type":"ListItem","position":1,"name":"Home","item":"https:\/\/www.dsftr.com\/en\/"},{"@type":"ListItem","position":2,"name":"Falls Prevention Program"}]},{"@type":"WebSite","@id":"https:\/\/www.dsftr.com\/en\/#website","url":"https:\/\/www.dsftr.com\/en\/","name":"Dar\u00fc\u015f\u015fafaka Physical Therapy and Rehabilitation Center","description":"Life Changes with Mobility | Human First, Healthy Human","potentialAction":[{"@type":"SearchAction","target":{"@type":"EntryPoint","urlTemplate":"https:\/\/www.dsftr.com\/en\/?s={search_term_string}"},"query-input":{"@type":"PropertyValueSpecification","valueRequired":true,"valueName":"search_term_string"}}],"inLanguage":"en-US"}]}},"_links":{"self":[{"href":"https:\/\/www.dsftr.com\/en\/wp-json\/wp\/v2\/pages\/56","targetHints":{"allow":["GET"]}}],"collection":[{"href":"https:\/\/www.dsftr.com\/en\/wp-json\/wp\/v2\/pages"}],"about":[{"href":"https:\/\/www.dsftr.com\/en\/wp-json\/wp\/v2\/types\/page"}],"author":[{"embeddable":true,"href":"https:\/\/www.dsftr.com\/en\/wp-json\/wp\/v2\/users\/1"}],"replies":[{"embeddable":true,"href":"https:\/\/www.dsftr.com\/en\/wp-json\/wp\/v2\/comments?post=56"}],"version-history":[{"count":1,"href":"https:\/\/www.dsftr.com\/en\/wp-json\/wp\/v2\/pages\/56\/revisions"}],"predecessor-version":[{"id":57,"href":"https:\/\/www.dsftr.com\/en\/wp-json\/wp\/v2\/pages\/56\/revisions\/57"}],"wp:attachment":[{"href":"https:\/\/www.dsftr.com\/en\/wp-json\/wp\/v2\/media?parent=56"}],"curies":[{"name":"wp","href":"https:\/\/api.w.org\/{rel}","templated":true}]}}