{"id":63,"date":"2020-05-07T12:23:01","date_gmt":"2020-05-07T09:23:01","guid":{"rendered":"http:\/\/www.dsftr.com\/en\/?page_id=63"},"modified":"2024-05-17T14:39:32","modified_gmt":"2024-05-17T11:39:32","slug":"aquatic-rehabilitation-hydrotherapy-unit","status":"publish","type":"page","link":"https:\/\/www.dsftr.com\/en\/aquatic-rehabilitation-hydrotherapy-unit\/","title":{"rendered":"Aquatic Rehabilitation (Hydrotherapy Unit)"},"content":{"rendered":"\n<p>Water is an ideal therapeutic environment. Therapies performed by making benefit from properties of water in therapy pool, bathtub-type bathrooms or four-chamber whirlpool bathtubs are collectively termed as \u201cHydrotherapy or Aquatic Rehabilitation\u201d.<\/p>\n\n\n\n<p>Our Hydrotherapy unit is comprised:<\/p>\n\n\n\n<p>\uf0b7 Arjo Axona therapy pool,<\/p>\n\n\n\n<p>\uf0b7 Hand \u2013 foot whirlpool bath (Whirlpool),<\/p>\n\n\n\n<p>\uf0b7 Whole body whirlpool bath (Jacuzzi),<\/p>\n\n\n\n<p>\uf0b7 Galvanic therapy bathtub (Stangerbad bath), and<\/p>\n\n\n\n<p>\uf0b7 4-chamber galvanic bath.<\/p>\n\n\n\n<p><strong>Pool:<\/strong><\/p>\n\n\n\n<p>Our ARJO Axona Therapy Pool is a special pool allowing supervision of patient in water through its transparent glass frame. Pool therapy is the support of patient and the easement of exercises by water adjusted to the patient\u2019s body temperature with the help of comfort and freeness senses provided by hot water, pressure sense felt on skin, and buoyancy of water, as well as the use of water in treatment of neurologic and orthopaedic disorders and diseases by making benefit from such physical properties of water as its resistance shown to movements in water.<\/p>\n\n\n\n<p>Our pool also equipped by a whirlpool system:<\/p>\n\n\n\n<p>\uf0b7 Provides a remarkable improvement in muscle strength, sitting balance and walking skills in a safer and more reliable environment in favour of patients who suffer from walking difficulties due to neurologic problems and are not yet ready for exercises in rehabilitation hall, thus making them ready for activities of daily living and more intensive exercises that may be performed by patients independently; and<\/p>\n\n\n\n<p>\uf0b7 Helps in loosening of abnormal muscle contractions such as spasticity; and<\/p>\n\n\n\n<p>\uf0b7 Provides more comfortable and effective exercise opportunities in case of lumbar, hip and knee pains such as herniated disc and meniscus rupture in knees; and<\/p>\n\n\n\n<p>\uf0b7 Makes a positive contribution to recovery through use in weight-bearing and walking trainings at early stages of rehabilitation following fractures and hip and knee prostheses.<\/p>\n\n\n\n<p>By using all of these equipments, we are conducting therapies aiming to cure oedema, pain and various different muscle contractions in our patients.<\/p>\n","protected":false},"excerpt":{"rendered":"<p>Water is an ideal therapeutic environment. Therapies performed by making benefit from properties of water in therapy pool, bathtub-type bathrooms or four-chamber whirlpool bathtubs are collectively termed as \u201cHydrotherapy or [&hellip;]<\/p>\n","protected":false},"author":1,"featured_media":0,"parent":0,"menu_order":0,"comment_status":"closed","ping_status":"closed","template":"page-fullwidth.php","meta":{"_monsterinsights_skip_tracking":false,"_monsterinsights_sitenote_active":false,"_monsterinsights_sitenote_note":"","_monsterinsights_sitenote_category":0,"footnotes":""},"class_list":["post-63","page","type-page","status-publish","hentry"],"yoast_head":"<!-- This site is optimized with the Yoast SEO plugin v27.3 - https:\/\/yoast.com\/product\/yoast-seo-wordpress\/ -->\n<title>Aquatic Rehabilitation (Hydrotherapy Unit) - Dar\u00fc\u015f\u015fafaka Physical Therapy and Rehabilitation Center<\/title>\n<meta name=\"robots\" content=\"index, follow, max-snippet:-1, max-image-preview:large, max-video-preview:-1\" \/>\n<link rel=\"canonical\" href=\"https:\/\/www.dsftr.com\/en\/aquatic-rehabilitation-hydrotherapy-unit\/\" \/>\n<meta property=\"og:locale\" content=\"en_US\" \/>\n<meta property=\"og:type\" content=\"article\" \/>\n<meta property=\"og:title\" content=\"Aquatic Rehabilitation (Hydrotherapy Unit) - Dar\u00fc\u015f\u015fafaka Physical Therapy and Rehabilitation Center\" \/>\n<meta property=\"og:description\" content=\"Water is an ideal therapeutic environment. Therapies performed by making benefit from properties of water in therapy pool, bathtub-type bathrooms or four-chamber whirlpool bathtubs are collectively termed as \u201cHydrotherapy or [&hellip;]\" \/>\n<meta property=\"og:url\" content=\"https:\/\/www.dsftr.com\/en\/aquatic-rehabilitation-hydrotherapy-unit\/\" \/>\n<meta property=\"og:site_name\" content=\"Dar\u00fc\u015f\u015fafaka Physical Therapy and Rehabilitation Center\" \/>\n<meta property=\"article:modified_time\" content=\"2024-05-17T11:39:32+00:00\" \/>\n<meta name=\"twitter:card\" content=\"summary_large_image\" \/>\n<meta name=\"twitter:label1\" content=\"Est. reading time\" \/>\n\t<meta name=\"twitter:data1\" content=\"2 minutes\" \/>\n<script type=\"application\/ld+json\" class=\"yoast-schema-graph\">{\"@context\":\"https:\\\/\\\/schema.org\",\"@graph\":[{\"@type\":\"WebPage\",\"@id\":\"https:\\\/\\\/www.dsftr.com\\\/en\\\/aquatic-rehabilitation-hydrotherapy-unit\\\/\",\"url\":\"https:\\\/\\\/www.dsftr.com\\\/en\\\/aquatic-rehabilitation-hydrotherapy-unit\\\/\",\"name\":\"Aquatic Rehabilitation (Hydrotherapy Unit) - Dar\u00fc\u015f\u015fafaka Physical Therapy and Rehabilitation Center\",\"isPartOf\":{\"@id\":\"https:\\\/\\\/www.dsftr.com\\\/en\\\/#website\"},\"datePublished\":\"2020-05-07T09:23:01+00:00\",\"dateModified\":\"2024-05-17T11:39:32+00:00\",\"breadcrumb\":{\"@id\":\"https:\\\/\\\/www.dsftr.com\\\/en\\\/aquatic-rehabilitation-hydrotherapy-unit\\\/#breadcrumb\"},\"inLanguage\":\"en-US\",\"potentialAction\":[{\"@type\":\"ReadAction\",\"target\":[\"https:\\\/\\\/www.dsftr.com\\\/en\\\/aquatic-rehabilitation-hydrotherapy-unit\\\/\"]}]},{\"@type\":\"BreadcrumbList\",\"@id\":\"https:\\\/\\\/www.dsftr.com\\\/en\\\/aquatic-rehabilitation-hydrotherapy-unit\\\/#breadcrumb\",\"itemListElement\":[{\"@type\":\"ListItem\",\"position\":1,\"name\":\"Home\",\"item\":\"https:\\\/\\\/www.dsftr.com\\\/en\\\/\"},{\"@type\":\"ListItem\",\"position\":2,\"name\":\"Aquatic Rehabilitation (Hydrotherapy Unit)\"}]},{\"@type\":\"WebSite\",\"@id\":\"https:\\\/\\\/www.dsftr.com\\\/en\\\/#website\",\"url\":\"https:\\\/\\\/www.dsftr.com\\\/en\\\/\",\"name\":\"Dar\u00fc\u015f\u015fafaka Physical Therapy and Rehabilitation Center\",\"description\":\"Life Changes with Mobility | Human First, Healthy Human\",\"potentialAction\":[{\"@type\":\"SearchAction\",\"target\":{\"@type\":\"EntryPoint\",\"urlTemplate\":\"https:\\\/\\\/www.dsftr.com\\\/en\\\/?s={search_term_string}\"},\"query-input\":{\"@type\":\"PropertyValueSpecification\",\"valueRequired\":true,\"valueName\":\"search_term_string\"}}],\"inLanguage\":\"en-US\"}]}<\/script>\n<!-- \/ Yoast SEO plugin. -->","yoast_head_json":{"title":"Aquatic Rehabilitation (Hydrotherapy Unit) - Dar\u00fc\u015f\u015fafaka Physical Therapy and Rehabilitation Center","robots":{"index":"index","follow":"follow","max-snippet":"max-snippet:-1","max-image-preview":"max-image-preview:large","max-video-preview":"max-video-preview:-1"},"canonical":"https:\/\/www.dsftr.com\/en\/aquatic-rehabilitation-hydrotherapy-unit\/","og_locale":"en_US","og_type":"article","og_title":"Aquatic Rehabilitation (Hydrotherapy Unit) - Dar\u00fc\u015f\u015fafaka Physical Therapy and Rehabilitation Center","og_description":"Water is an ideal therapeutic environment. Therapies performed by making benefit from properties of water in therapy pool, bathtub-type bathrooms or four-chamber whirlpool bathtubs are collectively termed as \u201cHydrotherapy or [&hellip;]","og_url":"https:\/\/www.dsftr.com\/en\/aquatic-rehabilitation-hydrotherapy-unit\/","og_site_name":"Dar\u00fc\u015f\u015fafaka Physical Therapy and Rehabilitation Center","article_modified_time":"2024-05-17T11:39:32+00:00","twitter_card":"summary_large_image","twitter_misc":{"Est. reading time":"2 minutes"},"schema":{"@context":"https:\/\/schema.org","@graph":[{"@type":"WebPage","@id":"https:\/\/www.dsftr.com\/en\/aquatic-rehabilitation-hydrotherapy-unit\/","url":"https:\/\/www.dsftr.com\/en\/aquatic-rehabilitation-hydrotherapy-unit\/","name":"Aquatic Rehabilitation (Hydrotherapy Unit) - Dar\u00fc\u015f\u015fafaka Physical Therapy and Rehabilitation Center","isPartOf":{"@id":"https:\/\/www.dsftr.com\/en\/#website"},"datePublished":"2020-05-07T09:23:01+00:00","dateModified":"2024-05-17T11:39:32+00:00","breadcrumb":{"@id":"https:\/\/www.dsftr.com\/en\/aquatic-rehabilitation-hydrotherapy-unit\/#breadcrumb"},"inLanguage":"en-US","potentialAction":[{"@type":"ReadAction","target":["https:\/\/www.dsftr.com\/en\/aquatic-rehabilitation-hydrotherapy-unit\/"]}]},{"@type":"BreadcrumbList","@id":"https:\/\/www.dsftr.com\/en\/aquatic-rehabilitation-hydrotherapy-unit\/#breadcrumb","itemListElement":[{"@type":"ListItem","position":1,"name":"Home","item":"https:\/\/www.dsftr.com\/en\/"},{"@type":"ListItem","position":2,"name":"Aquatic Rehabilitation (Hydrotherapy Unit)"}]},{"@type":"WebSite","@id":"https:\/\/www.dsftr.com\/en\/#website","url":"https:\/\/www.dsftr.com\/en\/","name":"Dar\u00fc\u015f\u015fafaka Physical Therapy and Rehabilitation Center","description":"Life Changes with Mobility | Human First, Healthy Human","potentialAction":[{"@type":"SearchAction","target":{"@type":"EntryPoint","urlTemplate":"https:\/\/www.dsftr.com\/en\/?s={search_term_string}"},"query-input":{"@type":"PropertyValueSpecification","valueRequired":true,"valueName":"search_term_string"}}],"inLanguage":"en-US"}]}},"_links":{"self":[{"href":"https:\/\/www.dsftr.com\/en\/wp-json\/wp\/v2\/pages\/63","targetHints":{"allow":["GET"]}}],"collection":[{"href":"https:\/\/www.dsftr.com\/en\/wp-json\/wp\/v2\/pages"}],"about":[{"href":"https:\/\/www.dsftr.com\/en\/wp-json\/wp\/v2\/types\/page"}],"author":[{"embeddable":true,"href":"https:\/\/www.dsftr.com\/en\/wp-json\/wp\/v2\/users\/1"}],"replies":[{"embeddable":true,"href":"https:\/\/www.dsftr.com\/en\/wp-json\/wp\/v2\/comments?post=63"}],"version-history":[{"count":2,"href":"https:\/\/www.dsftr.com\/en\/wp-json\/wp\/v2\/pages\/63\/revisions"}],"predecessor-version":[{"id":266,"href":"https:\/\/www.dsftr.com\/en\/wp-json\/wp\/v2\/pages\/63\/revisions\/266"}],"wp:attachment":[{"href":"https:\/\/www.dsftr.com\/en\/wp-json\/wp\/v2\/media?parent=63"}],"curies":[{"name":"wp","href":"https:\/\/api.w.org\/{rel}","templated":true}]}}