{"id":74,"date":"2020-05-07T12:25:16","date_gmt":"2020-05-07T09:25:16","guid":{"rendered":"http:\/\/www.dsftr.com\/en\/?page_id=74"},"modified":"2020-05-07T12:25:16","modified_gmt":"2020-05-07T09:25:16","slug":"dry-needling","status":"publish","type":"page","link":"https:\/\/www.dsftr.com\/en\/dry-needling\/","title":{"rendered":"Dry Needling"},"content":{"rendered":"\n<p>It is a drug-free treatment method applied by using acupuncture needles on patients deemed fit by the specialized doctor in treatment of such problems as various different pains, articular problems, trigger points and muscular disorders. It is a method effective in treatment of chronic pains associated with musculoskeletal system. The most common areas it is used are trigger point therapies and various muscular pains.<\/p>\n\n\n\n<p>This method is planned and applied in sessions, and session frequency and duration are determined and varied according to the patient\u2019s problem, size of the pinpricking area, and other existing problems of patient.<\/p>\n","protected":false},"excerpt":{"rendered":"<p>It is a drug-free treatment method applied by using acupuncture needles on patients deemed fit by the specialized doctor in treatment of such problems as various different pains, articular problems, [&hellip;]<\/p>\n","protected":false},"author":1,"featured_media":0,"parent":0,"menu_order":0,"comment_status":"closed","ping_status":"closed","template":"page-fullwidth.php","meta":{"_monsterinsights_skip_tracking":false,"_monsterinsights_sitenote_active":false,"_monsterinsights_sitenote_note":"","_monsterinsights_sitenote_category":0,"footnotes":""},"class_list":["post-74","page","type-page","status-publish","hentry"],"yoast_head":"<!-- This site is optimized with the Yoast SEO plugin v27.3 - https:\/\/yoast.com\/product\/yoast-seo-wordpress\/ -->\n<title>Dry Needling - Dar\u00fc\u015f\u015fafaka Physical Therapy and Rehabilitation Center<\/title>\n<meta name=\"robots\" content=\"index, follow, max-snippet:-1, max-image-preview:large, max-video-preview:-1\" \/>\n<link rel=\"canonical\" href=\"https:\/\/www.dsftr.com\/en\/dry-needling\/\" \/>\n<meta property=\"og:locale\" content=\"en_US\" \/>\n<meta property=\"og:type\" content=\"article\" \/>\n<meta property=\"og:title\" content=\"Dry Needling - Dar\u00fc\u015f\u015fafaka Physical Therapy and Rehabilitation Center\" \/>\n<meta property=\"og:description\" content=\"It is a drug-free treatment method applied by using acupuncture needles on patients deemed fit by the specialized doctor in treatment of such problems as various different pains, articular problems, [&hellip;]\" \/>\n<meta property=\"og:url\" content=\"https:\/\/www.dsftr.com\/en\/dry-needling\/\" \/>\n<meta property=\"og:site_name\" content=\"Dar\u00fc\u015f\u015fafaka Physical Therapy and Rehabilitation Center\" \/>\n<meta name=\"twitter:card\" content=\"summary_large_image\" \/>\n<script type=\"application\/ld+json\" class=\"yoast-schema-graph\">{\"@context\":\"https:\\\/\\\/schema.org\",\"@graph\":[{\"@type\":\"WebPage\",\"@id\":\"https:\\\/\\\/www.dsftr.com\\\/en\\\/dry-needling\\\/\",\"url\":\"https:\\\/\\\/www.dsftr.com\\\/en\\\/dry-needling\\\/\",\"name\":\"Dry Needling - Dar\u00fc\u015f\u015fafaka Physical Therapy and Rehabilitation Center\",\"isPartOf\":{\"@id\":\"https:\\\/\\\/www.dsftr.com\\\/en\\\/#website\"},\"datePublished\":\"2020-05-07T09:25:16+00:00\",\"breadcrumb\":{\"@id\":\"https:\\\/\\\/www.dsftr.com\\\/en\\\/dry-needling\\\/#breadcrumb\"},\"inLanguage\":\"en-US\",\"potentialAction\":[{\"@type\":\"ReadAction\",\"target\":[\"https:\\\/\\\/www.dsftr.com\\\/en\\\/dry-needling\\\/\"]}]},{\"@type\":\"BreadcrumbList\",\"@id\":\"https:\\\/\\\/www.dsftr.com\\\/en\\\/dry-needling\\\/#breadcrumb\",\"itemListElement\":[{\"@type\":\"ListItem\",\"position\":1,\"name\":\"Home\",\"item\":\"https:\\\/\\\/www.dsftr.com\\\/en\\\/\"},{\"@type\":\"ListItem\",\"position\":2,\"name\":\"Dry Needling\"}]},{\"@type\":\"WebSite\",\"@id\":\"https:\\\/\\\/www.dsftr.com\\\/en\\\/#website\",\"url\":\"https:\\\/\\\/www.dsftr.com\\\/en\\\/\",\"name\":\"Dar\u00fc\u015f\u015fafaka Physical Therapy and Rehabilitation Center\",\"description\":\"Life Changes with Mobility | Human First, Healthy Human\",\"potentialAction\":[{\"@type\":\"SearchAction\",\"target\":{\"@type\":\"EntryPoint\",\"urlTemplate\":\"https:\\\/\\\/www.dsftr.com\\\/en\\\/?s={search_term_string}\"},\"query-input\":{\"@type\":\"PropertyValueSpecification\",\"valueRequired\":true,\"valueName\":\"search_term_string\"}}],\"inLanguage\":\"en-US\"}]}<\/script>\n<!-- \/ Yoast SEO plugin. -->","yoast_head_json":{"title":"Dry Needling - Dar\u00fc\u015f\u015fafaka Physical Therapy and Rehabilitation Center","robots":{"index":"index","follow":"follow","max-snippet":"max-snippet:-1","max-image-preview":"max-image-preview:large","max-video-preview":"max-video-preview:-1"},"canonical":"https:\/\/www.dsftr.com\/en\/dry-needling\/","og_locale":"en_US","og_type":"article","og_title":"Dry Needling - Dar\u00fc\u015f\u015fafaka Physical Therapy and Rehabilitation Center","og_description":"It is a drug-free treatment method applied by using acupuncture needles on patients deemed fit by the specialized doctor in treatment of such problems as various different pains, articular problems, [&hellip;]","og_url":"https:\/\/www.dsftr.com\/en\/dry-needling\/","og_site_name":"Dar\u00fc\u015f\u015fafaka Physical Therapy and Rehabilitation Center","twitter_card":"summary_large_image","schema":{"@context":"https:\/\/schema.org","@graph":[{"@type":"WebPage","@id":"https:\/\/www.dsftr.com\/en\/dry-needling\/","url":"https:\/\/www.dsftr.com\/en\/dry-needling\/","name":"Dry Needling - Dar\u00fc\u015f\u015fafaka Physical Therapy and Rehabilitation Center","isPartOf":{"@id":"https:\/\/www.dsftr.com\/en\/#website"},"datePublished":"2020-05-07T09:25:16+00:00","breadcrumb":{"@id":"https:\/\/www.dsftr.com\/en\/dry-needling\/#breadcrumb"},"inLanguage":"en-US","potentialAction":[{"@type":"ReadAction","target":["https:\/\/www.dsftr.com\/en\/dry-needling\/"]}]},{"@type":"BreadcrumbList","@id":"https:\/\/www.dsftr.com\/en\/dry-needling\/#breadcrumb","itemListElement":[{"@type":"ListItem","position":1,"name":"Home","item":"https:\/\/www.dsftr.com\/en\/"},{"@type":"ListItem","position":2,"name":"Dry Needling"}]},{"@type":"WebSite","@id":"https:\/\/www.dsftr.com\/en\/#website","url":"https:\/\/www.dsftr.com\/en\/","name":"Dar\u00fc\u015f\u015fafaka Physical Therapy and Rehabilitation Center","description":"Life Changes with Mobility | Human First, Healthy Human","potentialAction":[{"@type":"SearchAction","target":{"@type":"EntryPoint","urlTemplate":"https:\/\/www.dsftr.com\/en\/?s={search_term_string}"},"query-input":{"@type":"PropertyValueSpecification","valueRequired":true,"valueName":"search_term_string"}}],"inLanguage":"en-US"}]}},"_links":{"self":[{"href":"https:\/\/www.dsftr.com\/en\/wp-json\/wp\/v2\/pages\/74","targetHints":{"allow":["GET"]}}],"collection":[{"href":"https:\/\/www.dsftr.com\/en\/wp-json\/wp\/v2\/pages"}],"about":[{"href":"https:\/\/www.dsftr.com\/en\/wp-json\/wp\/v2\/types\/page"}],"author":[{"embeddable":true,"href":"https:\/\/www.dsftr.com\/en\/wp-json\/wp\/v2\/users\/1"}],"replies":[{"embeddable":true,"href":"https:\/\/www.dsftr.com\/en\/wp-json\/wp\/v2\/comments?post=74"}],"version-history":[{"count":1,"href":"https:\/\/www.dsftr.com\/en\/wp-json\/wp\/v2\/pages\/74\/revisions"}],"predecessor-version":[{"id":75,"href":"https:\/\/www.dsftr.com\/en\/wp-json\/wp\/v2\/pages\/74\/revisions\/75"}],"wp:attachment":[{"href":"https:\/\/www.dsftr.com\/en\/wp-json\/wp\/v2\/media?parent=74"}],"curies":[{"name":"wp","href":"https:\/\/api.w.org\/{rel}","templated":true}]}}