{"id":86,"date":"2020-05-07T12:28:15","date_gmt":"2020-05-07T09:28:15","guid":{"rendered":"http:\/\/www.dsftr.com\/en\/?page_id=86"},"modified":"2020-05-07T12:28:15","modified_gmt":"2020-05-07T09:28:15","slug":"spinal-cord-injuries","status":"publish","type":"page","link":"https:\/\/www.dsftr.com\/en\/spinal-cord-injuries\/","title":{"rendered":"Spinal Cord Injuries"},"content":{"rendered":"\n<p>Spinal cord injury means injury of nervous tissue inside spine due to trauma or any other reasons associated thereto. Traffic accidents, job accidents, fall, tumors and firearm injuries may be listed among the basic causes of it.<\/p>\n\n\n\n<p>Spinal cord inside the spine establishes communication between brain on one side and arms, legs and body on the other side. Thus, we may move our arms and legs and feel such senses as hot and cold. A spinal cord injury leads to loss of motion (paralysis) and sensory losses in different parts of body and to neurogenic bladder, bowel and sexual dysfunctions. Functional losses and disorders of patient vary depending on the level and severity of injury. Therefore, problem of each patient is different from the others.<\/p>\n\n\n\n<p>Rehabilitation exercises and works should be restarted as soon as the patient medically recovers after injury. The patient\u2019s physical recovery level and duration depend upon the severity of injury.<\/p>\n\n\n\n<p><strong>Rehabilitation Program:<\/strong><\/p>\n\n\n\n<p>Depending on level of sickness, body control, sitting balance, kneeling and standing up trainings are given. Through neurogenic bladder and bowel rehabilitation, a socially acceptable and non-infectious urine and bowel evacuation regime is re-established. Exercises are done so as to enable the patient to take care of himself\/herself and to regain motility at the highest level possible. Through social life orientation exercises, the patient is returned to family and social lives at the highest level possible.<\/p>\n\n\n\n<p>\uf0b7 Patient-oriented therapy approach;<\/p>\n\n\n\n<p>\uf0b7 Education of patient and his\/her family members about the disease;<\/p>\n\n\n\n<p>\uf0b7 Skincare, positioning and prevention of pressure sore (decutibus ulcer);<\/p>\n\n\n\n<p>\uf0b7 Pulmonary rehabilitation;<\/p>\n\n\n\n<p>\uf0b7 Contracture prevention program;<\/p>\n\n\n\n<p>\uf0b7 Spasticity prevention and management approach;<\/p>\n\n\n\n<p>\uf0b7 Deep venous thrombosis follow-up and prevention program;<\/p>\n\n\n\n<p>\uf0b7 Neurogenic bladder management and treatment;<\/p>\n\n\n\n<p>\uf0b7 Neurogenic bowel management and treatment;<\/p>\n\n\n\n<p>\uf0b7 Appropriate nutritional program;<\/p>\n\n\n\n<p>\uf0b7 Muscular strengthening program;<\/p>\n\n\n\n<p>\uf0b7 Standing up exercises and sitting up exercies;<\/p>\n\n\n\n<p>\uf0b7 Walking program; exercises by means of parallel bar and\/or POOL and LOKOMAT device;<\/p>\n\n\n\n<p>\uf0b7 Exercises for activities of daily living through occupational therapy (ergotherapy) and teaching of transfer (transfer from wheelchair to various different locations).<\/p>\n\n\n\n<p>\uf0b7 Clinical pilates;<\/p>\n\n\n\n<p>In the rehabilitation process, in addition to physiotherapy, therapy methods such as robotic therapy and pool therapy are also effective methods making a positive contribution to the recovery process.<\/p>\n","protected":false},"excerpt":{"rendered":"<p>Spinal cord injury means injury of nervous tissue inside spine due to trauma or any other reasons associated thereto. Traffic accidents, job accidents, fall, tumors and firearm injuries may be [&hellip;]<\/p>\n","protected":false},"author":1,"featured_media":0,"parent":0,"menu_order":0,"comment_status":"closed","ping_status":"closed","template":"page-fullwidth.php","meta":{"_monsterinsights_skip_tracking":false,"_monsterinsights_sitenote_active":false,"_monsterinsights_sitenote_note":"","_monsterinsights_sitenote_category":0,"footnotes":""},"class_list":["post-86","page","type-page","status-publish","hentry"],"yoast_head":"<!-- This site is optimized with the Yoast SEO plugin v27.3 - https:\/\/yoast.com\/product\/yoast-seo-wordpress\/ -->\n<title>Spinal Cord Injuries - Dar\u00fc\u015f\u015fafaka Physical Therapy and Rehabilitation Center<\/title>\n<meta name=\"robots\" content=\"index, follow, max-snippet:-1, max-image-preview:large, max-video-preview:-1\" \/>\n<link rel=\"canonical\" href=\"https:\/\/www.dsftr.com\/en\/spinal-cord-injuries\/\" \/>\n<meta property=\"og:locale\" content=\"en_US\" \/>\n<meta property=\"og:type\" content=\"article\" \/>\n<meta property=\"og:title\" content=\"Spinal Cord Injuries - Dar\u00fc\u015f\u015fafaka Physical Therapy and Rehabilitation Center\" \/>\n<meta property=\"og:description\" content=\"Spinal cord injury means injury of nervous tissue inside spine due to trauma or any other reasons associated thereto. Traffic accidents, job accidents, fall, tumors and firearm injuries may be [&hellip;]\" \/>\n<meta property=\"og:url\" content=\"https:\/\/www.dsftr.com\/en\/spinal-cord-injuries\/\" \/>\n<meta property=\"og:site_name\" content=\"Dar\u00fc\u015f\u015fafaka Physical Therapy and Rehabilitation Center\" \/>\n<meta name=\"twitter:card\" content=\"summary_large_image\" \/>\n<meta name=\"twitter:label1\" content=\"Est. reading time\" \/>\n\t<meta name=\"twitter:data1\" content=\"2 minutes\" \/>\n<script type=\"application\/ld+json\" class=\"yoast-schema-graph\">{\"@context\":\"https:\\\/\\\/schema.org\",\"@graph\":[{\"@type\":\"WebPage\",\"@id\":\"https:\\\/\\\/www.dsftr.com\\\/en\\\/spinal-cord-injuries\\\/\",\"url\":\"https:\\\/\\\/www.dsftr.com\\\/en\\\/spinal-cord-injuries\\\/\",\"name\":\"Spinal Cord Injuries - Dar\u00fc\u015f\u015fafaka Physical Therapy and Rehabilitation Center\",\"isPartOf\":{\"@id\":\"https:\\\/\\\/www.dsftr.com\\\/en\\\/#website\"},\"datePublished\":\"2020-05-07T09:28:15+00:00\",\"breadcrumb\":{\"@id\":\"https:\\\/\\\/www.dsftr.com\\\/en\\\/spinal-cord-injuries\\\/#breadcrumb\"},\"inLanguage\":\"en-US\",\"potentialAction\":[{\"@type\":\"ReadAction\",\"target\":[\"https:\\\/\\\/www.dsftr.com\\\/en\\\/spinal-cord-injuries\\\/\"]}]},{\"@type\":\"BreadcrumbList\",\"@id\":\"https:\\\/\\\/www.dsftr.com\\\/en\\\/spinal-cord-injuries\\\/#breadcrumb\",\"itemListElement\":[{\"@type\":\"ListItem\",\"position\":1,\"name\":\"Home\",\"item\":\"https:\\\/\\\/www.dsftr.com\\\/en\\\/\"},{\"@type\":\"ListItem\",\"position\":2,\"name\":\"Spinal Cord Injuries\"}]},{\"@type\":\"WebSite\",\"@id\":\"https:\\\/\\\/www.dsftr.com\\\/en\\\/#website\",\"url\":\"https:\\\/\\\/www.dsftr.com\\\/en\\\/\",\"name\":\"Dar\u00fc\u015f\u015fafaka Physical Therapy and Rehabilitation Center\",\"description\":\"Life Changes with Mobility | Human First, Healthy Human\",\"potentialAction\":[{\"@type\":\"SearchAction\",\"target\":{\"@type\":\"EntryPoint\",\"urlTemplate\":\"https:\\\/\\\/www.dsftr.com\\\/en\\\/?s={search_term_string}\"},\"query-input\":{\"@type\":\"PropertyValueSpecification\",\"valueRequired\":true,\"valueName\":\"search_term_string\"}}],\"inLanguage\":\"en-US\"}]}<\/script>\n<!-- \/ Yoast SEO plugin. -->","yoast_head_json":{"title":"Spinal Cord Injuries - Dar\u00fc\u015f\u015fafaka Physical Therapy and Rehabilitation Center","robots":{"index":"index","follow":"follow","max-snippet":"max-snippet:-1","max-image-preview":"max-image-preview:large","max-video-preview":"max-video-preview:-1"},"canonical":"https:\/\/www.dsftr.com\/en\/spinal-cord-injuries\/","og_locale":"en_US","og_type":"article","og_title":"Spinal Cord Injuries - Dar\u00fc\u015f\u015fafaka Physical Therapy and Rehabilitation Center","og_description":"Spinal cord injury means injury of nervous tissue inside spine due to trauma or any other reasons associated thereto. Traffic accidents, job accidents, fall, tumors and firearm injuries may be [&hellip;]","og_url":"https:\/\/www.dsftr.com\/en\/spinal-cord-injuries\/","og_site_name":"Dar\u00fc\u015f\u015fafaka Physical Therapy and Rehabilitation Center","twitter_card":"summary_large_image","twitter_misc":{"Est. reading time":"2 minutes"},"schema":{"@context":"https:\/\/schema.org","@graph":[{"@type":"WebPage","@id":"https:\/\/www.dsftr.com\/en\/spinal-cord-injuries\/","url":"https:\/\/www.dsftr.com\/en\/spinal-cord-injuries\/","name":"Spinal Cord Injuries - Dar\u00fc\u015f\u015fafaka Physical Therapy and Rehabilitation Center","isPartOf":{"@id":"https:\/\/www.dsftr.com\/en\/#website"},"datePublished":"2020-05-07T09:28:15+00:00","breadcrumb":{"@id":"https:\/\/www.dsftr.com\/en\/spinal-cord-injuries\/#breadcrumb"},"inLanguage":"en-US","potentialAction":[{"@type":"ReadAction","target":["https:\/\/www.dsftr.com\/en\/spinal-cord-injuries\/"]}]},{"@type":"BreadcrumbList","@id":"https:\/\/www.dsftr.com\/en\/spinal-cord-injuries\/#breadcrumb","itemListElement":[{"@type":"ListItem","position":1,"name":"Home","item":"https:\/\/www.dsftr.com\/en\/"},{"@type":"ListItem","position":2,"name":"Spinal Cord Injuries"}]},{"@type":"WebSite","@id":"https:\/\/www.dsftr.com\/en\/#website","url":"https:\/\/www.dsftr.com\/en\/","name":"Dar\u00fc\u015f\u015fafaka Physical Therapy and Rehabilitation Center","description":"Life Changes with Mobility | Human First, Healthy Human","potentialAction":[{"@type":"SearchAction","target":{"@type":"EntryPoint","urlTemplate":"https:\/\/www.dsftr.com\/en\/?s={search_term_string}"},"query-input":{"@type":"PropertyValueSpecification","valueRequired":true,"valueName":"search_term_string"}}],"inLanguage":"en-US"}]}},"_links":{"self":[{"href":"https:\/\/www.dsftr.com\/en\/wp-json\/wp\/v2\/pages\/86","targetHints":{"allow":["GET"]}}],"collection":[{"href":"https:\/\/www.dsftr.com\/en\/wp-json\/wp\/v2\/pages"}],"about":[{"href":"https:\/\/www.dsftr.com\/en\/wp-json\/wp\/v2\/types\/page"}],"author":[{"embeddable":true,"href":"https:\/\/www.dsftr.com\/en\/wp-json\/wp\/v2\/users\/1"}],"replies":[{"embeddable":true,"href":"https:\/\/www.dsftr.com\/en\/wp-json\/wp\/v2\/comments?post=86"}],"version-history":[{"count":1,"href":"https:\/\/www.dsftr.com\/en\/wp-json\/wp\/v2\/pages\/86\/revisions"}],"predecessor-version":[{"id":87,"href":"https:\/\/www.dsftr.com\/en\/wp-json\/wp\/v2\/pages\/86\/revisions\/87"}],"wp:attachment":[{"href":"https:\/\/www.dsftr.com\/en\/wp-json\/wp\/v2\/media?parent=86"}],"curies":[{"name":"wp","href":"https:\/\/api.w.org\/{rel}","templated":true}]}}